{"id":983,"date":"2024-04-20T16:21:59","date_gmt":"2024-04-20T13:21:59","guid":{"rendered":"https:\/\/www.nurasansor.com\/?page_id=983"},"modified":"2024-04-20T16:29:00","modified_gmt":"2024-04-20T13:29:00","slug":"our-masha-platform-lift-is-in-the-hands-of-our-new-exclusive-dealer-in-the-united-kingdom","status":"publish","type":"page","link":"https:\/\/www.nurasansor.com\/en\/news\/our-masha-platform-lift-is-in-the-hands-of-our-new-exclusive-dealer-in-the-united-kingdom\/","title":{"rendered":"Our &#8220;Masha&#8221; Platform Lift is in the hands of our new exclusive dealer in the United Kingdom."},"content":{"rendered":"<p class=\"228bf8a64b8551e1MsoNormal\"><img loading=\"lazy\" decoding=\"async\" class=\"alignleft size-medium wp-image-979\" src=\"https:\/\/www.nurasansor.com\/wp-content\/uploads\/2024\/04\/masha-platform-asansorumuz-birlesik-krallikda-yeni-ozel-bayimizin-elinde-300x161.png\" alt=\"\" width=\"300\" height=\"161\" srcset=\"https:\/\/www.nurasansor.com\/wp-content\/uploads\/2024\/04\/masha-platform-asansorumuz-birlesik-krallikda-yeni-ozel-bayimizin-elinde-300x161.png 300w, https:\/\/www.nurasansor.com\/wp-content\/uploads\/2024\/04\/masha-platform-asansorumuz-birlesik-krallikda-yeni-ozel-bayimizin-elinde-768x412.png 768w, https:\/\/www.nurasansor.com\/wp-content\/uploads\/2024\/04\/masha-platform-asansorumuz-birlesik-krallikda-yeni-ozel-bayimizin-elinde.png 783w\" sizes=\"auto, (max-width: 300px) 100vw, 300px\" \/>Our Masha Stair Lift, developed in accordance with local standards for the UK and the UK, has been fully accepted thanks to its English screen orientation and additional features.<\/p>\n<p class=\"228bf8a64b8551e1MsoNormal\">The new co-operation was announced with great joy by the UK&#8217;s largest and well-established company.<\/p>\n<p class=\"228bf8a64b8551e1MsoNormal\">The contract signed after about 4 months of technical and theory trainings, contract and commercial co-operation meetings will provide continuity for many years and will contribute to the promotion of Masha Stair Lift in the whole United Kingdom.<\/p>\n<p class=\"228bf8a64b8551e1MsoNormal\">We are very happy to give this good news to all our visitors who follow us and pay attention to our announcements.<\/p>\n","protected":false},"excerpt":{"rendered":"<p>Our Masha Stair Lift, developed in accordance with local standards for the UK and the UK, has been fully accepted thanks to its English screen orientation and additional features. The new co-operation was announced with great joy by the UK&#8217;s largest and well-established company. The contract signed after about 4 months of technical and theory [&hellip;]<\/p>\n","protected":false},"author":1,"featured_media":979,"parent":986,"menu_order":0,"comment_status":"closed","ping_status":"closed","template":"","meta":{"inline_featured_image":false,"footnotes":""},"class_list":["post-983","page","type-page","status-publish","has-post-thumbnail","hentry"],"yoast_head":"<!-- This site is optimized with the Yoast SEO plugin v26.7 - https:\/\/yoast.com\/wordpress\/plugins\/seo\/ -->\n<title>Our &quot;Masha&quot; Platform Lift is in the hands of our new exclusive dealer in the United Kingdom. - Nur Asans\u00f6r Engelli Asans\u00f6r\u00fc<\/title>\n<meta name=\"robots\" content=\"index, follow, max-snippet:-1, max-image-preview:large, max-video-preview:-1\" \/>\n<link rel=\"canonical\" href=\"https:\/\/www.nurasansor.com\/en\/news\/our-masha-platform-lift-is-in-the-hands-of-our-new-exclusive-dealer-in-the-united-kingdom\/\" \/>\n<meta property=\"og:locale\" content=\"en_US\" \/>\n<meta property=\"og:type\" content=\"article\" \/>\n<meta property=\"og:title\" content=\"Our &quot;Masha&quot; Platform Lift is in the hands of our new exclusive dealer in the United Kingdom. - Nur Asans\u00f6r Engelli Asans\u00f6r\u00fc\" \/>\n<meta property=\"og:description\" content=\"Our Masha Stair Lift, developed in accordance with local standards for the UK and the UK, has been fully accepted thanks to its English screen orientation and additional features. The new co-operation was announced with great joy by the UK&#8217;s largest and well-established company. The contract signed after about 4 months of technical and theory [&hellip;]\" \/>\n<meta property=\"og:url\" content=\"https:\/\/www.nurasansor.com\/en\/news\/our-masha-platform-lift-is-in-the-hands-of-our-new-exclusive-dealer-in-the-united-kingdom\/\" \/>\n<meta property=\"og:site_name\" content=\"Nur Asans\u00f6r Engelli Asans\u00f6r\u00fc\" \/>\n<meta property=\"article:modified_time\" content=\"2024-04-20T13:29:00+00:00\" \/>\n<meta property=\"og:image\" content=\"https:\/\/www.nurasansor.com\/wp-content\/uploads\/2024\/04\/masha-platform-asansorumuz-birlesik-krallikda-yeni-ozel-bayimizin-elinde.png\" \/>\n\t<meta property=\"og:image:width\" content=\"783\" \/>\n\t<meta property=\"og:image:height\" content=\"420\" \/>\n\t<meta property=\"og:image:type\" content=\"image\/png\" \/>\n<meta name=\"twitter:card\" content=\"summary_large_image\" \/>\n<meta name=\"twitter:label1\" content=\"Est. reading time\" \/>\n\t<meta name=\"twitter:data1\" content=\"1 minute\" \/>\n<script type=\"application\/ld+json\" class=\"yoast-schema-graph\">{\"@context\":\"https:\/\/schema.org\",\"@graph\":[{\"@type\":\"WebPage\",\"@id\":\"https:\/\/www.nurasansor.com\/en\/news\/our-masha-platform-lift-is-in-the-hands-of-our-new-exclusive-dealer-in-the-united-kingdom\/\",\"url\":\"https:\/\/www.nurasansor.com\/en\/news\/our-masha-platform-lift-is-in-the-hands-of-our-new-exclusive-dealer-in-the-united-kingdom\/\",\"name\":\"Our \\\"Masha\\\" Platform Lift is in the hands of our new exclusive dealer in the United Kingdom. - Nur Asans\u00f6r Engelli Asans\u00f6r\u00fc\",\"isPartOf\":{\"@id\":\"https:\/\/www.nurasansor.com\/en\/#website\"},\"primaryImageOfPage\":{\"@id\":\"https:\/\/www.nurasansor.com\/en\/news\/our-masha-platform-lift-is-in-the-hands-of-our-new-exclusive-dealer-in-the-united-kingdom\/#primaryimage\"},\"image\":{\"@id\":\"https:\/\/www.nurasansor.com\/en\/news\/our-masha-platform-lift-is-in-the-hands-of-our-new-exclusive-dealer-in-the-united-kingdom\/#primaryimage\"},\"thumbnailUrl\":\"https:\/\/www.nurasansor.com\/wp-content\/uploads\/2024\/04\/masha-platform-asansorumuz-birlesik-krallikda-yeni-ozel-bayimizin-elinde.png\",\"datePublished\":\"2024-04-20T13:21:59+00:00\",\"dateModified\":\"2024-04-20T13:29:00+00:00\",\"breadcrumb\":{\"@id\":\"https:\/\/www.nurasansor.com\/en\/news\/our-masha-platform-lift-is-in-the-hands-of-our-new-exclusive-dealer-in-the-united-kingdom\/#breadcrumb\"},\"inLanguage\":\"en-US\",\"potentialAction\":[{\"@type\":\"ReadAction\",\"target\":[\"https:\/\/www.nurasansor.com\/en\/news\/our-masha-platform-lift-is-in-the-hands-of-our-new-exclusive-dealer-in-the-united-kingdom\/\"]}]},{\"@type\":\"ImageObject\",\"inLanguage\":\"en-US\",\"@id\":\"https:\/\/www.nurasansor.com\/en\/news\/our-masha-platform-lift-is-in-the-hands-of-our-new-exclusive-dealer-in-the-united-kingdom\/#primaryimage\",\"url\":\"https:\/\/www.nurasansor.com\/wp-content\/uploads\/2024\/04\/masha-platform-asansorumuz-birlesik-krallikda-yeni-ozel-bayimizin-elinde.png\",\"contentUrl\":\"https:\/\/www.nurasansor.com\/wp-content\/uploads\/2024\/04\/masha-platform-asansorumuz-birlesik-krallikda-yeni-ozel-bayimizin-elinde.png\",\"width\":783,\"height\":420},{\"@type\":\"BreadcrumbList\",\"@id\":\"https:\/\/www.nurasansor.com\/en\/news\/our-masha-platform-lift-is-in-the-hands-of-our-new-exclusive-dealer-in-the-united-kingdom\/#breadcrumb\",\"itemListElement\":[{\"@type\":\"ListItem\",\"position\":1,\"name\":\"Anasayfa\",\"item\":\"https:\/\/www.nurasansor.com\/en\/\"},{\"@type\":\"ListItem\",\"position\":2,\"name\":\"News\",\"item\":\"https:\/\/www.nurasansor.com\/en\/news\/\"},{\"@type\":\"ListItem\",\"position\":3,\"name\":\"Our &#8220;Masha&#8221; Platform Lift is in the hands of our new exclusive dealer in the United Kingdom.\"}]},{\"@type\":\"WebSite\",\"@id\":\"https:\/\/www.nurasansor.com\/en\/#website\",\"url\":\"https:\/\/www.nurasansor.com\/en\/\",\"name\":\"Nur Asans\u00f6r\",\"description\":\"Engelli Asans\u00f6r\u00fc, Merdiven Asans\u00f6r\u00fc ve Havuz Asans\u00f6r\u00fc Sistemleri\",\"publisher\":{\"@id\":\"https:\/\/www.nurasansor.com\/en\/#organization\"},\"potentialAction\":[{\"@type\":\"SearchAction\",\"target\":{\"@type\":\"EntryPoint\",\"urlTemplate\":\"https:\/\/www.nurasansor.com\/en\/?s={search_term_string}\"},\"query-input\":{\"@type\":\"PropertyValueSpecification\",\"valueRequired\":true,\"valueName\":\"search_term_string\"}}],\"inLanguage\":\"en-US\"},{\"@type\":\"Organization\",\"@id\":\"https:\/\/www.nurasansor.com\/en\/#organization\",\"name\":\"Nur Asans\u00f6r\",\"url\":\"https:\/\/www.nurasansor.com\/en\/\",\"logo\":{\"@type\":\"ImageObject\",\"inLanguage\":\"en-US\",\"@id\":\"https:\/\/www.nurasansor.com\/en\/#\/schema\/logo\/image\/\",\"url\":\"https:\/\/www.nurasansor.com\/wp-content\/uploads\/2023\/11\/-1.png\",\"contentUrl\":\"https:\/\/www.nurasansor.com\/wp-content\/uploads\/2023\/11\/-1.png\",\"width\":350,\"height\":86,\"caption\":\"Nur Asans\u00f6r\"},\"image\":{\"@id\":\"https:\/\/www.nurasansor.com\/en\/#\/schema\/logo\/image\/\"},\"sameAs\":[\"https:\/\/www.linkedin.com\/company\/nurasansor\/\",\"https:\/\/www.youtube.com\/channel\/UCTRGEAH1eKPyl-Ctdz8YTIw\"]}]}<\/script>\n<!-- \/ Yoast SEO plugin. -->","yoast_head_json":{"title":"Our \"Masha\" Platform Lift is in the hands of our new exclusive dealer in the United Kingdom. - Nur Asans\u00f6r Engelli Asans\u00f6r\u00fc","robots":{"index":"index","follow":"follow","max-snippet":"max-snippet:-1","max-image-preview":"max-image-preview:large","max-video-preview":"max-video-preview:-1"},"canonical":"https:\/\/www.nurasansor.com\/en\/news\/our-masha-platform-lift-is-in-the-hands-of-our-new-exclusive-dealer-in-the-united-kingdom\/","og_locale":"en_US","og_type":"article","og_title":"Our \"Masha\" Platform Lift is in the hands of our new exclusive dealer in the United Kingdom. - Nur Asans\u00f6r Engelli Asans\u00f6r\u00fc","og_description":"Our Masha Stair Lift, developed in accordance with local standards for the UK and the UK, has been fully accepted thanks to its English screen orientation and additional features. The new co-operation was announced with great joy by the UK&#8217;s largest and well-established company. The contract signed after about 4 months of technical and theory [&hellip;]","og_url":"https:\/\/www.nurasansor.com\/en\/news\/our-masha-platform-lift-is-in-the-hands-of-our-new-exclusive-dealer-in-the-united-kingdom\/","og_site_name":"Nur Asans\u00f6r Engelli Asans\u00f6r\u00fc","article_modified_time":"2024-04-20T13:29:00+00:00","og_image":[{"width":783,"height":420,"url":"https:\/\/www.nurasansor.com\/wp-content\/uploads\/2024\/04\/masha-platform-asansorumuz-birlesik-krallikda-yeni-ozel-bayimizin-elinde.png","type":"image\/png"}],"twitter_card":"summary_large_image","twitter_misc":{"Est. reading time":"1 minute"},"schema":{"@context":"https:\/\/schema.org","@graph":[{"@type":"WebPage","@id":"https:\/\/www.nurasansor.com\/en\/news\/our-masha-platform-lift-is-in-the-hands-of-our-new-exclusive-dealer-in-the-united-kingdom\/","url":"https:\/\/www.nurasansor.com\/en\/news\/our-masha-platform-lift-is-in-the-hands-of-our-new-exclusive-dealer-in-the-united-kingdom\/","name":"Our \"Masha\" Platform Lift is in the hands of our new exclusive dealer in the United Kingdom. - Nur Asans\u00f6r Engelli Asans\u00f6r\u00fc","isPartOf":{"@id":"https:\/\/www.nurasansor.com\/en\/#website"},"primaryImageOfPage":{"@id":"https:\/\/www.nurasansor.com\/en\/news\/our-masha-platform-lift-is-in-the-hands-of-our-new-exclusive-dealer-in-the-united-kingdom\/#primaryimage"},"image":{"@id":"https:\/\/www.nurasansor.com\/en\/news\/our-masha-platform-lift-is-in-the-hands-of-our-new-exclusive-dealer-in-the-united-kingdom\/#primaryimage"},"thumbnailUrl":"https:\/\/www.nurasansor.com\/wp-content\/uploads\/2024\/04\/masha-platform-asansorumuz-birlesik-krallikda-yeni-ozel-bayimizin-elinde.png","datePublished":"2024-04-20T13:21:59+00:00","dateModified":"2024-04-20T13:29:00+00:00","breadcrumb":{"@id":"https:\/\/www.nurasansor.com\/en\/news\/our-masha-platform-lift-is-in-the-hands-of-our-new-exclusive-dealer-in-the-united-kingdom\/#breadcrumb"},"inLanguage":"en-US","potentialAction":[{"@type":"ReadAction","target":["https:\/\/www.nurasansor.com\/en\/news\/our-masha-platform-lift-is-in-the-hands-of-our-new-exclusive-dealer-in-the-united-kingdom\/"]}]},{"@type":"ImageObject","inLanguage":"en-US","@id":"https:\/\/www.nurasansor.com\/en\/news\/our-masha-platform-lift-is-in-the-hands-of-our-new-exclusive-dealer-in-the-united-kingdom\/#primaryimage","url":"https:\/\/www.nurasansor.com\/wp-content\/uploads\/2024\/04\/masha-platform-asansorumuz-birlesik-krallikda-yeni-ozel-bayimizin-elinde.png","contentUrl":"https:\/\/www.nurasansor.com\/wp-content\/uploads\/2024\/04\/masha-platform-asansorumuz-birlesik-krallikda-yeni-ozel-bayimizin-elinde.png","width":783,"height":420},{"@type":"BreadcrumbList","@id":"https:\/\/www.nurasansor.com\/en\/news\/our-masha-platform-lift-is-in-the-hands-of-our-new-exclusive-dealer-in-the-united-kingdom\/#breadcrumb","itemListElement":[{"@type":"ListItem","position":1,"name":"Anasayfa","item":"https:\/\/www.nurasansor.com\/en\/"},{"@type":"ListItem","position":2,"name":"News","item":"https:\/\/www.nurasansor.com\/en\/news\/"},{"@type":"ListItem","position":3,"name":"Our &#8220;Masha&#8221; Platform Lift is in the hands of our new exclusive dealer in the United Kingdom."}]},{"@type":"WebSite","@id":"https:\/\/www.nurasansor.com\/en\/#website","url":"https:\/\/www.nurasansor.com\/en\/","name":"Nur Asans\u00f6r","description":"Engelli Asans\u00f6r\u00fc, Merdiven Asans\u00f6r\u00fc ve Havuz Asans\u00f6r\u00fc Sistemleri","publisher":{"@id":"https:\/\/www.nurasansor.com\/en\/#organization"},"potentialAction":[{"@type":"SearchAction","target":{"@type":"EntryPoint","urlTemplate":"https:\/\/www.nurasansor.com\/en\/?s={search_term_string}"},"query-input":{"@type":"PropertyValueSpecification","valueRequired":true,"valueName":"search_term_string"}}],"inLanguage":"en-US"},{"@type":"Organization","@id":"https:\/\/www.nurasansor.com\/en\/#organization","name":"Nur Asans\u00f6r","url":"https:\/\/www.nurasansor.com\/en\/","logo":{"@type":"ImageObject","inLanguage":"en-US","@id":"https:\/\/www.nurasansor.com\/en\/#\/schema\/logo\/image\/","url":"https:\/\/www.nurasansor.com\/wp-content\/uploads\/2023\/11\/-1.png","contentUrl":"https:\/\/www.nurasansor.com\/wp-content\/uploads\/2023\/11\/-1.png","width":350,"height":86,"caption":"Nur Asans\u00f6r"},"image":{"@id":"https:\/\/www.nurasansor.com\/en\/#\/schema\/logo\/image\/"},"sameAs":["https:\/\/www.linkedin.com\/company\/nurasansor\/","https:\/\/www.youtube.com\/channel\/UCTRGEAH1eKPyl-Ctdz8YTIw"]}]}},"_links":{"self":[{"href":"https:\/\/www.nurasansor.com\/en\/wp-json\/wp\/v2\/pages\/983","targetHints":{"allow":["GET"]}}],"collection":[{"href":"https:\/\/www.nurasansor.com\/en\/wp-json\/wp\/v2\/pages"}],"about":[{"href":"https:\/\/www.nurasansor.com\/en\/wp-json\/wp\/v2\/types\/page"}],"author":[{"embeddable":true,"href":"https:\/\/www.nurasansor.com\/en\/wp-json\/wp\/v2\/users\/1"}],"replies":[{"embeddable":true,"href":"https:\/\/www.nurasansor.com\/en\/wp-json\/wp\/v2\/comments?post=983"}],"version-history":[{"count":0,"href":"https:\/\/www.nurasansor.com\/en\/wp-json\/wp\/v2\/pages\/983\/revisions"}],"up":[{"embeddable":true,"href":"https:\/\/www.nurasansor.com\/en\/wp-json\/wp\/v2\/pages\/986"}],"wp:featuredmedia":[{"embeddable":true,"href":"https:\/\/www.nurasansor.com\/en\/wp-json\/wp\/v2\/media\/979"}],"wp:attachment":[{"href":"https:\/\/www.nurasansor.com\/en\/wp-json\/wp\/v2\/media?parent=983"}],"curies":[{"name":"wp","href":"https:\/\/api.w.org\/{rel}","templated":true}]}}