{"id":744,"date":"2023-11-22T11:52:46","date_gmt":"2023-11-22T08:52:46","guid":{"rendered":"https:\/\/www.nurasansor.com\/?page_id=744"},"modified":"2025-06-14T14:21:31","modified_gmt":"2025-06-14T11:21:31","slug":"kangaroo","status":"publish","type":"page","link":"https:\/\/www.nurasansor.com\/en\/products\/kangaroo\/","title":{"rendered":"Kangaroo"},"content":{"rendered":"<p>Kangaroo Pool Lift is a high quality material, quality workmanship and perfectly designed pool lift. It has an ergonomic structure that can be used as both a Sea Lift and a Pool Lift. It is a lift that not only the physically disabled, but also the elderly should use for access to the pool. Thanks to its soft start and stop feature that adapts to every poolside, it has never been easier to enter the pool sitting down and go up effortlessly.<\/p>\n<p>With its long-lasting battery system, powerful actuator piston and 150 kg carrying capacity, it is a complete helper. You do not have to suffer from situations that prevent you from accessing the pool, or have an accident while climbing up the stairs. All you have to do is to reach us <strong>here<\/strong> and get information.<\/p>\n<p><strong>Why is Kangaroo Pool Lift different from others?<\/strong><\/p>\n<p>It does not require installation. You can start using it from the moment you receive the delivery. There is no need for water pressure like other models because it is battery powered. Charging the battery is simple and fast. Whether desktop kit or spare battery. Thanks to its wheels, you can carry it wherever you want. The wired control is ergonomic and provides ease of use with a single button. You can experience our pool lifts, which have galvanised and stainless steel body structure and can be used for many years without any problems.<\/p>\n","protected":false},"excerpt":{"rendered":"<p>Kangaroo Pool Lift is a high quality material, quality workmanship and perfectly designed pool lift. It has an ergonomic structure that can be used as both a Sea Lift and a Pool Lift. It is a lift that not only the physically disabled, but also the elderly should use for access to the pool. Thanks [&hellip;]<\/p>\n","protected":false},"author":1,"featured_media":564,"parent":706,"menu_order":7,"comment_status":"closed","ping_status":"closed","template":"page-productdetail.php","meta":{"inline_featured_image":false,"footnotes":""},"class_list":["post-744","page","type-page","status-publish","has-post-thumbnail","hentry"],"yoast_head":"<!-- This site is optimized with the Yoast SEO plugin v26.7 - https:\/\/yoast.com\/wordpress\/plugins\/seo\/ -->\n<title>Kangaroo - Nur Asans\u00f6r Engelli Asans\u00f6r\u00fc<\/title>\n<meta name=\"robots\" content=\"index, follow, max-snippet:-1, max-image-preview:large, max-video-preview:-1\" \/>\n<link rel=\"canonical\" href=\"https:\/\/www.nurasansor.com\/en\/products\/kangaroo\/\" \/>\n<meta property=\"og:locale\" content=\"en_US\" \/>\n<meta property=\"og:type\" content=\"article\" \/>\n<meta property=\"og:title\" content=\"Kangaroo - Nur Asans\u00f6r Engelli Asans\u00f6r\u00fc\" \/>\n<meta property=\"og:description\" content=\"Kangaroo Pool Lift is a high quality material, quality workmanship and perfectly designed pool lift. It has an ergonomic structure that can be used as both a Sea Lift and a Pool Lift. It is a lift that not only the physically disabled, but also the elderly should use for access to the pool. Thanks [&hellip;]\" \/>\n<meta property=\"og:url\" content=\"https:\/\/www.nurasansor.com\/en\/products\/kangaroo\/\" \/>\n<meta property=\"og:site_name\" content=\"Nur Asans\u00f6r Engelli Asans\u00f6r\u00fc\" \/>\n<meta property=\"article:modified_time\" content=\"2025-06-14T11:21:31+00:00\" \/>\n<meta property=\"og:image\" content=\"https:\/\/www.nurasansor.com\/wp-content\/uploads\/2023\/11\/kangaroo-11.jpg\" \/>\n\t<meta property=\"og:image:width\" content=\"1200\" \/>\n\t<meta property=\"og:image:height\" content=\"833\" \/>\n\t<meta property=\"og:image:type\" content=\"image\/jpeg\" \/>\n<meta name=\"twitter:card\" content=\"summary_large_image\" \/>\n<meta name=\"twitter:label1\" content=\"Est. reading time\" \/>\n\t<meta name=\"twitter:data1\" content=\"2 minutes\" \/>\n<script type=\"application\/ld+json\" class=\"yoast-schema-graph\">{\"@context\":\"https:\/\/schema.org\",\"@graph\":[{\"@type\":\"WebPage\",\"@id\":\"https:\/\/www.nurasansor.com\/en\/products\/kangaroo\/\",\"url\":\"https:\/\/www.nurasansor.com\/en\/products\/kangaroo\/\",\"name\":\"Kangaroo - Nur Asans\u00f6r Engelli Asans\u00f6r\u00fc\",\"isPartOf\":{\"@id\":\"https:\/\/www.nurasansor.com\/en\/#website\"},\"primaryImageOfPage\":{\"@id\":\"https:\/\/www.nurasansor.com\/en\/products\/kangaroo\/#primaryimage\"},\"image\":{\"@id\":\"https:\/\/www.nurasansor.com\/en\/products\/kangaroo\/#primaryimage\"},\"thumbnailUrl\":\"https:\/\/www.nurasansor.com\/wp-content\/uploads\/2023\/11\/kangaroo-11.jpg\",\"datePublished\":\"2023-11-22T08:52:46+00:00\",\"dateModified\":\"2025-06-14T11:21:31+00:00\",\"breadcrumb\":{\"@id\":\"https:\/\/www.nurasansor.com\/en\/products\/kangaroo\/#breadcrumb\"},\"inLanguage\":\"en-US\",\"potentialAction\":[{\"@type\":\"ReadAction\",\"target\":[\"https:\/\/www.nurasansor.com\/en\/products\/kangaroo\/\"]}]},{\"@type\":\"ImageObject\",\"inLanguage\":\"en-US\",\"@id\":\"https:\/\/www.nurasansor.com\/en\/products\/kangaroo\/#primaryimage\",\"url\":\"https:\/\/www.nurasansor.com\/wp-content\/uploads\/2023\/11\/kangaroo-11.jpg\",\"contentUrl\":\"https:\/\/www.nurasansor.com\/wp-content\/uploads\/2023\/11\/kangaroo-11.jpg\",\"width\":1200,\"height\":833,\"caption\":\"Kangaroo Havuz Asans\u00f6r\u00fc\"},{\"@type\":\"BreadcrumbList\",\"@id\":\"https:\/\/www.nurasansor.com\/en\/products\/kangaroo\/#breadcrumb\",\"itemListElement\":[{\"@type\":\"ListItem\",\"position\":1,\"name\":\"Anasayfa\",\"item\":\"https:\/\/www.nurasansor.com\/en\/\"},{\"@type\":\"ListItem\",\"position\":2,\"name\":\"Products\",\"item\":\"https:\/\/www.nurasansor.com\/en\/products\/\"},{\"@type\":\"ListItem\",\"position\":3,\"name\":\"Kangaroo\"}]},{\"@type\":\"WebSite\",\"@id\":\"https:\/\/www.nurasansor.com\/en\/#website\",\"url\":\"https:\/\/www.nurasansor.com\/en\/\",\"name\":\"Nur Asans\u00f6r\",\"description\":\"Engelli Asans\u00f6r\u00fc, Merdiven Asans\u00f6r\u00fc ve Havuz Asans\u00f6r\u00fc Sistemleri\",\"publisher\":{\"@id\":\"https:\/\/www.nurasansor.com\/en\/#organization\"},\"potentialAction\":[{\"@type\":\"SearchAction\",\"target\":{\"@type\":\"EntryPoint\",\"urlTemplate\":\"https:\/\/www.nurasansor.com\/en\/?s={search_term_string}\"},\"query-input\":{\"@type\":\"PropertyValueSpecification\",\"valueRequired\":true,\"valueName\":\"search_term_string\"}}],\"inLanguage\":\"en-US\"},{\"@type\":\"Organization\",\"@id\":\"https:\/\/www.nurasansor.com\/en\/#organization\",\"name\":\"Nur Asans\u00f6r\",\"url\":\"https:\/\/www.nurasansor.com\/en\/\",\"logo\":{\"@type\":\"ImageObject\",\"inLanguage\":\"en-US\",\"@id\":\"https:\/\/www.nurasansor.com\/en\/#\/schema\/logo\/image\/\",\"url\":\"https:\/\/www.nurasansor.com\/wp-content\/uploads\/2023\/11\/-1.png\",\"contentUrl\":\"https:\/\/www.nurasansor.com\/wp-content\/uploads\/2023\/11\/-1.png\",\"width\":350,\"height\":86,\"caption\":\"Nur Asans\u00f6r\"},\"image\":{\"@id\":\"https:\/\/www.nurasansor.com\/en\/#\/schema\/logo\/image\/\"},\"sameAs\":[\"https:\/\/www.linkedin.com\/company\/nurasansor\/\",\"https:\/\/www.youtube.com\/channel\/UCTRGEAH1eKPyl-Ctdz8YTIw\"]}]}<\/script>\n<!-- \/ Yoast SEO plugin. -->","yoast_head_json":{"title":"Kangaroo - Nur Asans\u00f6r Engelli Asans\u00f6r\u00fc","robots":{"index":"index","follow":"follow","max-snippet":"max-snippet:-1","max-image-preview":"max-image-preview:large","max-video-preview":"max-video-preview:-1"},"canonical":"https:\/\/www.nurasansor.com\/en\/products\/kangaroo\/","og_locale":"en_US","og_type":"article","og_title":"Kangaroo - Nur Asans\u00f6r Engelli Asans\u00f6r\u00fc","og_description":"Kangaroo Pool Lift is a high quality material, quality workmanship and perfectly designed pool lift. It has an ergonomic structure that can be used as both a Sea Lift and a Pool Lift. It is a lift that not only the physically disabled, but also the elderly should use for access to the pool. Thanks [&hellip;]","og_url":"https:\/\/www.nurasansor.com\/en\/products\/kangaroo\/","og_site_name":"Nur Asans\u00f6r Engelli Asans\u00f6r\u00fc","article_modified_time":"2025-06-14T11:21:31+00:00","og_image":[{"width":1200,"height":833,"url":"https:\/\/www.nurasansor.com\/wp-content\/uploads\/2023\/11\/kangaroo-11.jpg","type":"image\/jpeg"}],"twitter_card":"summary_large_image","twitter_misc":{"Est. reading time":"2 minutes"},"schema":{"@context":"https:\/\/schema.org","@graph":[{"@type":"WebPage","@id":"https:\/\/www.nurasansor.com\/en\/products\/kangaroo\/","url":"https:\/\/www.nurasansor.com\/en\/products\/kangaroo\/","name":"Kangaroo - Nur Asans\u00f6r Engelli Asans\u00f6r\u00fc","isPartOf":{"@id":"https:\/\/www.nurasansor.com\/en\/#website"},"primaryImageOfPage":{"@id":"https:\/\/www.nurasansor.com\/en\/products\/kangaroo\/#primaryimage"},"image":{"@id":"https:\/\/www.nurasansor.com\/en\/products\/kangaroo\/#primaryimage"},"thumbnailUrl":"https:\/\/www.nurasansor.com\/wp-content\/uploads\/2023\/11\/kangaroo-11.jpg","datePublished":"2023-11-22T08:52:46+00:00","dateModified":"2025-06-14T11:21:31+00:00","breadcrumb":{"@id":"https:\/\/www.nurasansor.com\/en\/products\/kangaroo\/#breadcrumb"},"inLanguage":"en-US","potentialAction":[{"@type":"ReadAction","target":["https:\/\/www.nurasansor.com\/en\/products\/kangaroo\/"]}]},{"@type":"ImageObject","inLanguage":"en-US","@id":"https:\/\/www.nurasansor.com\/en\/products\/kangaroo\/#primaryimage","url":"https:\/\/www.nurasansor.com\/wp-content\/uploads\/2023\/11\/kangaroo-11.jpg","contentUrl":"https:\/\/www.nurasansor.com\/wp-content\/uploads\/2023\/11\/kangaroo-11.jpg","width":1200,"height":833,"caption":"Kangaroo Havuz Asans\u00f6r\u00fc"},{"@type":"BreadcrumbList","@id":"https:\/\/www.nurasansor.com\/en\/products\/kangaroo\/#breadcrumb","itemListElement":[{"@type":"ListItem","position":1,"name":"Anasayfa","item":"https:\/\/www.nurasansor.com\/en\/"},{"@type":"ListItem","position":2,"name":"Products","item":"https:\/\/www.nurasansor.com\/en\/products\/"},{"@type":"ListItem","position":3,"name":"Kangaroo"}]},{"@type":"WebSite","@id":"https:\/\/www.nurasansor.com\/en\/#website","url":"https:\/\/www.nurasansor.com\/en\/","name":"Nur Asans\u00f6r","description":"Engelli Asans\u00f6r\u00fc, Merdiven Asans\u00f6r\u00fc ve Havuz Asans\u00f6r\u00fc Sistemleri","publisher":{"@id":"https:\/\/www.nurasansor.com\/en\/#organization"},"potentialAction":[{"@type":"SearchAction","target":{"@type":"EntryPoint","urlTemplate":"https:\/\/www.nurasansor.com\/en\/?s={search_term_string}"},"query-input":{"@type":"PropertyValueSpecification","valueRequired":true,"valueName":"search_term_string"}}],"inLanguage":"en-US"},{"@type":"Organization","@id":"https:\/\/www.nurasansor.com\/en\/#organization","name":"Nur Asans\u00f6r","url":"https:\/\/www.nurasansor.com\/en\/","logo":{"@type":"ImageObject","inLanguage":"en-US","@id":"https:\/\/www.nurasansor.com\/en\/#\/schema\/logo\/image\/","url":"https:\/\/www.nurasansor.com\/wp-content\/uploads\/2023\/11\/-1.png","contentUrl":"https:\/\/www.nurasansor.com\/wp-content\/uploads\/2023\/11\/-1.png","width":350,"height":86,"caption":"Nur Asans\u00f6r"},"image":{"@id":"https:\/\/www.nurasansor.com\/en\/#\/schema\/logo\/image\/"},"sameAs":["https:\/\/www.linkedin.com\/company\/nurasansor\/","https:\/\/www.youtube.com\/channel\/UCTRGEAH1eKPyl-Ctdz8YTIw"]}]}},"_links":{"self":[{"href":"https:\/\/www.nurasansor.com\/en\/wp-json\/wp\/v2\/pages\/744","targetHints":{"allow":["GET"]}}],"collection":[{"href":"https:\/\/www.nurasansor.com\/en\/wp-json\/wp\/v2\/pages"}],"about":[{"href":"https:\/\/www.nurasansor.com\/en\/wp-json\/wp\/v2\/types\/page"}],"author":[{"embeddable":true,"href":"https:\/\/www.nurasansor.com\/en\/wp-json\/wp\/v2\/users\/1"}],"replies":[{"embeddable":true,"href":"https:\/\/www.nurasansor.com\/en\/wp-json\/wp\/v2\/comments?post=744"}],"version-history":[{"count":4,"href":"https:\/\/www.nurasansor.com\/en\/wp-json\/wp\/v2\/pages\/744\/revisions"}],"predecessor-version":[{"id":1343,"href":"https:\/\/www.nurasansor.com\/en\/wp-json\/wp\/v2\/pages\/744\/revisions\/1343"}],"up":[{"embeddable":true,"href":"https:\/\/www.nurasansor.com\/en\/wp-json\/wp\/v2\/pages\/706"}],"wp:featuredmedia":[{"embeddable":true,"href":"https:\/\/www.nurasansor.com\/en\/wp-json\/wp\/v2\/media\/564"}],"wp:attachment":[{"href":"https:\/\/www.nurasansor.com\/en\/wp-json\/wp\/v2\/media?parent=744"}],"curies":[{"name":"wp","href":"https:\/\/api.w.org\/{rel}","templated":true}]}}