{"id":742,"date":"2023-11-22T11:52:08","date_gmt":"2023-11-22T08:52:08","guid":{"rendered":"https:\/\/www.nurasansor.com\/?page_id=742"},"modified":"2025-08-20T19:15:32","modified_gmt":"2025-08-20T16:15:32","slug":"swilift","status":"publish","type":"page","link":"https:\/\/www.nurasansor.com\/en\/products\/swilift\/","title":{"rendered":"Swilift"},"content":{"rendered":"<p>Swilift Stair Lift is a stair lift manufactured at the highest level. It is a fast and practical solution that can be used both indoors and outdoors. It adds value to your home, stylish and elegant. You can slide up and down the stairs effortlessly thanks to its soft start and stop feature, which fits perfectly into any space.<\/p>\n<p>The rack and pinion gear system, which does not require maintenance for many years, is available with a unique rail option designed to eliminate any obstacle or fall hazard on the stairs with its double rail and strong structure. If you wish, you can request free discovery by contacting us here.<\/p>\n<p><strong>Why is Swilift Stair Lift different from others?<\/strong><\/p>\n<p>Designed as straight or curved, the installation of our chair type stair lift does not require any structural changes to your home, low operating costs are affordable and reliable. It is one of the thinnest in its class and can be folded when not in use. You don&#8217;t need to wait weeks to have an expensive rail made for your home. The staircase is ready for installation only a few weeks after measurements are taken.<\/p>\n","protected":false},"excerpt":{"rendered":"<p>Swilift Stair Lift is a stair lift manufactured at the highest level. It is a fast and practical solution that can be used both indoors and outdoors. It adds value to your home, stylish and elegant. You can slide up and down the stairs effortlessly thanks to its soft start and stop feature, which fits [&hellip;]<\/p>\n","protected":false},"author":1,"featured_media":1356,"parent":706,"menu_order":5,"comment_status":"closed","ping_status":"closed","template":"page-productdetail.php","meta":{"inline_featured_image":false,"footnotes":""},"class_list":["post-742","page","type-page","status-publish","has-post-thumbnail","hentry"],"yoast_head":"<!-- This site is optimized with the Yoast SEO plugin v27.5 - https:\/\/yoast.com\/product\/yoast-seo-wordpress\/ -->\n<title>Swilift - Nur Asans\u00f6r Engelli Asans\u00f6r\u00fc<\/title>\n<meta name=\"robots\" content=\"index, follow, max-snippet:-1, max-image-preview:large, max-video-preview:-1\" \/>\n<link rel=\"canonical\" href=\"https:\/\/www.nurasansor.com\/en\/products\/swilift\/\" \/>\n<meta property=\"og:locale\" content=\"en_US\" \/>\n<meta property=\"og:type\" content=\"article\" \/>\n<meta property=\"og:title\" content=\"Swilift - Nur Asans\u00f6r Engelli Asans\u00f6r\u00fc\" \/>\n<meta property=\"og:description\" content=\"Swilift Stair Lift is a stair lift manufactured at the highest level. It is a fast and practical solution that can be used both indoors and outdoors. It adds value to your home, stylish and elegant. You can slide up and down the stairs effortlessly thanks to its soft start and stop feature, which fits [&hellip;]\" \/>\n<meta property=\"og:url\" content=\"https:\/\/www.nurasansor.com\/en\/products\/swilift\/\" \/>\n<meta property=\"og:site_name\" content=\"Nur Asans\u00f6r Engelli Asans\u00f6r\u00fc\" \/>\n<meta property=\"article:modified_time\" content=\"2025-08-20T16:15:32+00:00\" \/>\n<meta property=\"og:image\" content=\"https:\/\/www.nurasansor.com\/wp-content\/uploads\/2025\/08\/swilift-merdiven-asansoru.jpg\" \/>\n\t<meta property=\"og:image:width\" content=\"246\" \/>\n\t<meta property=\"og:image:height\" content=\"426\" \/>\n\t<meta property=\"og:image:type\" content=\"image\/jpeg\" \/>\n<meta name=\"twitter:card\" content=\"summary_large_image\" \/>\n<meta name=\"twitter:label1\" content=\"Est. reading time\" \/>\n\t<meta name=\"twitter:data1\" content=\"2 minutes\" \/>\n<script type=\"application\/ld+json\" class=\"yoast-schema-graph\">{\"@context\":\"https:\\\/\\\/schema.org\",\"@graph\":[{\"@type\":\"WebPage\",\"@id\":\"https:\\\/\\\/www.nurasansor.com\\\/en\\\/products\\\/swilift\\\/\",\"url\":\"https:\\\/\\\/www.nurasansor.com\\\/en\\\/products\\\/swilift\\\/\",\"name\":\"Swilift - Nur Asans\u00f6r Engelli Asans\u00f6r\u00fc\",\"isPartOf\":{\"@id\":\"https:\\\/\\\/www.nurasansor.com\\\/en\\\/#website\"},\"primaryImageOfPage\":{\"@id\":\"https:\\\/\\\/www.nurasansor.com\\\/en\\\/products\\\/swilift\\\/#primaryimage\"},\"image\":{\"@id\":\"https:\\\/\\\/www.nurasansor.com\\\/en\\\/products\\\/swilift\\\/#primaryimage\"},\"thumbnailUrl\":\"https:\\\/\\\/www.nurasansor.com\\\/wp-content\\\/uploads\\\/2025\\\/08\\\/swilift-merdiven-asansoru.jpg\",\"datePublished\":\"2023-11-22T08:52:08+00:00\",\"dateModified\":\"2025-08-20T16:15:32+00:00\",\"breadcrumb\":{\"@id\":\"https:\\\/\\\/www.nurasansor.com\\\/en\\\/products\\\/swilift\\\/#breadcrumb\"},\"inLanguage\":\"en-US\",\"potentialAction\":[{\"@type\":\"ReadAction\",\"target\":[\"https:\\\/\\\/www.nurasansor.com\\\/en\\\/products\\\/swilift\\\/\"]}]},{\"@type\":\"ImageObject\",\"inLanguage\":\"en-US\",\"@id\":\"https:\\\/\\\/www.nurasansor.com\\\/en\\\/products\\\/swilift\\\/#primaryimage\",\"url\":\"https:\\\/\\\/www.nurasansor.com\\\/wp-content\\\/uploads\\\/2025\\\/08\\\/swilift-merdiven-asansoru.jpg\",\"contentUrl\":\"https:\\\/\\\/www.nurasansor.com\\\/wp-content\\\/uploads\\\/2025\\\/08\\\/swilift-merdiven-asansoru.jpg\",\"width\":246,\"height\":426},{\"@type\":\"BreadcrumbList\",\"@id\":\"https:\\\/\\\/www.nurasansor.com\\\/en\\\/products\\\/swilift\\\/#breadcrumb\",\"itemListElement\":[{\"@type\":\"ListItem\",\"position\":1,\"name\":\"Anasayfa\",\"item\":\"https:\\\/\\\/www.nurasansor.com\\\/en\\\/\"},{\"@type\":\"ListItem\",\"position\":2,\"name\":\"Products\",\"item\":\"https:\\\/\\\/www.nurasansor.com\\\/en\\\/products\\\/\"},{\"@type\":\"ListItem\",\"position\":3,\"name\":\"Swilift\"}]},{\"@type\":\"WebSite\",\"@id\":\"https:\\\/\\\/www.nurasansor.com\\\/en\\\/#website\",\"url\":\"https:\\\/\\\/www.nurasansor.com\\\/en\\\/\",\"name\":\"Nur Asans\u00f6r\",\"description\":\"Engelli Asans\u00f6r\u00fc, Merdiven Asans\u00f6r\u00fc ve Havuz Asans\u00f6r\u00fc Sistemleri\",\"publisher\":{\"@id\":\"https:\\\/\\\/www.nurasansor.com\\\/en\\\/#organization\"},\"potentialAction\":[{\"@type\":\"SearchAction\",\"target\":{\"@type\":\"EntryPoint\",\"urlTemplate\":\"https:\\\/\\\/www.nurasansor.com\\\/en\\\/?s={search_term_string}\"},\"query-input\":{\"@type\":\"PropertyValueSpecification\",\"valueRequired\":true,\"valueName\":\"search_term_string\"}}],\"inLanguage\":\"en-US\"},{\"@type\":\"Organization\",\"@id\":\"https:\\\/\\\/www.nurasansor.com\\\/en\\\/#organization\",\"name\":\"Nur Asans\u00f6r\",\"url\":\"https:\\\/\\\/www.nurasansor.com\\\/en\\\/\",\"logo\":{\"@type\":\"ImageObject\",\"inLanguage\":\"en-US\",\"@id\":\"https:\\\/\\\/www.nurasansor.com\\\/en\\\/#\\\/schema\\\/logo\\\/image\\\/\",\"url\":\"https:\\\/\\\/www.nurasansor.com\\\/wp-content\\\/uploads\\\/2023\\\/11\\\/-1.png\",\"contentUrl\":\"https:\\\/\\\/www.nurasansor.com\\\/wp-content\\\/uploads\\\/2023\\\/11\\\/-1.png\",\"width\":350,\"height\":86,\"caption\":\"Nur Asans\u00f6r\"},\"image\":{\"@id\":\"https:\\\/\\\/www.nurasansor.com\\\/en\\\/#\\\/schema\\\/logo\\\/image\\\/\"},\"sameAs\":[\"https:\\\/\\\/www.linkedin.com\\\/company\\\/nurasansor\\\/\",\"https:\\\/\\\/www.youtube.com\\\/channel\\\/UCTRGEAH1eKPyl-Ctdz8YTIw\"]}]}<\/script>\n<!-- \/ Yoast SEO plugin. -->","yoast_head_json":{"title":"Swilift - Nur Asans\u00f6r Engelli Asans\u00f6r\u00fc","robots":{"index":"index","follow":"follow","max-snippet":"max-snippet:-1","max-image-preview":"max-image-preview:large","max-video-preview":"max-video-preview:-1"},"canonical":"https:\/\/www.nurasansor.com\/en\/products\/swilift\/","og_locale":"en_US","og_type":"article","og_title":"Swilift - Nur Asans\u00f6r Engelli Asans\u00f6r\u00fc","og_description":"Swilift Stair Lift is a stair lift manufactured at the highest level. It is a fast and practical solution that can be used both indoors and outdoors. It adds value to your home, stylish and elegant. You can slide up and down the stairs effortlessly thanks to its soft start and stop feature, which fits [&hellip;]","og_url":"https:\/\/www.nurasansor.com\/en\/products\/swilift\/","og_site_name":"Nur Asans\u00f6r Engelli Asans\u00f6r\u00fc","article_modified_time":"2025-08-20T16:15:32+00:00","og_image":[{"width":246,"height":426,"url":"https:\/\/www.nurasansor.com\/wp-content\/uploads\/2025\/08\/swilift-merdiven-asansoru.jpg","type":"image\/jpeg"}],"twitter_card":"summary_large_image","twitter_misc":{"Est. reading time":"2 minutes"},"schema":{"@context":"https:\/\/schema.org","@graph":[{"@type":"WebPage","@id":"https:\/\/www.nurasansor.com\/en\/products\/swilift\/","url":"https:\/\/www.nurasansor.com\/en\/products\/swilift\/","name":"Swilift - Nur Asans\u00f6r Engelli Asans\u00f6r\u00fc","isPartOf":{"@id":"https:\/\/www.nurasansor.com\/en\/#website"},"primaryImageOfPage":{"@id":"https:\/\/www.nurasansor.com\/en\/products\/swilift\/#primaryimage"},"image":{"@id":"https:\/\/www.nurasansor.com\/en\/products\/swilift\/#primaryimage"},"thumbnailUrl":"https:\/\/www.nurasansor.com\/wp-content\/uploads\/2025\/08\/swilift-merdiven-asansoru.jpg","datePublished":"2023-11-22T08:52:08+00:00","dateModified":"2025-08-20T16:15:32+00:00","breadcrumb":{"@id":"https:\/\/www.nurasansor.com\/en\/products\/swilift\/#breadcrumb"},"inLanguage":"en-US","potentialAction":[{"@type":"ReadAction","target":["https:\/\/www.nurasansor.com\/en\/products\/swilift\/"]}]},{"@type":"ImageObject","inLanguage":"en-US","@id":"https:\/\/www.nurasansor.com\/en\/products\/swilift\/#primaryimage","url":"https:\/\/www.nurasansor.com\/wp-content\/uploads\/2025\/08\/swilift-merdiven-asansoru.jpg","contentUrl":"https:\/\/www.nurasansor.com\/wp-content\/uploads\/2025\/08\/swilift-merdiven-asansoru.jpg","width":246,"height":426},{"@type":"BreadcrumbList","@id":"https:\/\/www.nurasansor.com\/en\/products\/swilift\/#breadcrumb","itemListElement":[{"@type":"ListItem","position":1,"name":"Anasayfa","item":"https:\/\/www.nurasansor.com\/en\/"},{"@type":"ListItem","position":2,"name":"Products","item":"https:\/\/www.nurasansor.com\/en\/products\/"},{"@type":"ListItem","position":3,"name":"Swilift"}]},{"@type":"WebSite","@id":"https:\/\/www.nurasansor.com\/en\/#website","url":"https:\/\/www.nurasansor.com\/en\/","name":"Nur Asans\u00f6r","description":"Engelli Asans\u00f6r\u00fc, Merdiven Asans\u00f6r\u00fc ve Havuz Asans\u00f6r\u00fc Sistemleri","publisher":{"@id":"https:\/\/www.nurasansor.com\/en\/#organization"},"potentialAction":[{"@type":"SearchAction","target":{"@type":"EntryPoint","urlTemplate":"https:\/\/www.nurasansor.com\/en\/?s={search_term_string}"},"query-input":{"@type":"PropertyValueSpecification","valueRequired":true,"valueName":"search_term_string"}}],"inLanguage":"en-US"},{"@type":"Organization","@id":"https:\/\/www.nurasansor.com\/en\/#organization","name":"Nur Asans\u00f6r","url":"https:\/\/www.nurasansor.com\/en\/","logo":{"@type":"ImageObject","inLanguage":"en-US","@id":"https:\/\/www.nurasansor.com\/en\/#\/schema\/logo\/image\/","url":"https:\/\/www.nurasansor.com\/wp-content\/uploads\/2023\/11\/-1.png","contentUrl":"https:\/\/www.nurasansor.com\/wp-content\/uploads\/2023\/11\/-1.png","width":350,"height":86,"caption":"Nur Asans\u00f6r"},"image":{"@id":"https:\/\/www.nurasansor.com\/en\/#\/schema\/logo\/image\/"},"sameAs":["https:\/\/www.linkedin.com\/company\/nurasansor\/","https:\/\/www.youtube.com\/channel\/UCTRGEAH1eKPyl-Ctdz8YTIw"]}]}},"_links":{"self":[{"href":"https:\/\/www.nurasansor.com\/en\/wp-json\/wp\/v2\/pages\/742","targetHints":{"allow":["GET"]}}],"collection":[{"href":"https:\/\/www.nurasansor.com\/en\/wp-json\/wp\/v2\/pages"}],"about":[{"href":"https:\/\/www.nurasansor.com\/en\/wp-json\/wp\/v2\/types\/page"}],"author":[{"embeddable":true,"href":"https:\/\/www.nurasansor.com\/en\/wp-json\/wp\/v2\/users\/1"}],"replies":[{"embeddable":true,"href":"https:\/\/www.nurasansor.com\/en\/wp-json\/wp\/v2\/comments?post=742"}],"version-history":[{"count":6,"href":"https:\/\/www.nurasansor.com\/en\/wp-json\/wp\/v2\/pages\/742\/revisions"}],"predecessor-version":[{"id":1366,"href":"https:\/\/www.nurasansor.com\/en\/wp-json\/wp\/v2\/pages\/742\/revisions\/1366"}],"up":[{"embeddable":true,"href":"https:\/\/www.nurasansor.com\/en\/wp-json\/wp\/v2\/pages\/706"}],"wp:featuredmedia":[{"embeddable":true,"href":"https:\/\/www.nurasansor.com\/en\/wp-json\/wp\/v2\/media\/1356"}],"wp:attachment":[{"href":"https:\/\/www.nurasansor.com\/en\/wp-json\/wp\/v2\/media?parent=742"}],"curies":[{"name":"wp","href":"https:\/\/api.w.org\/{rel}","templated":true}]}}