{"id":734,"date":"2023-11-24T14:08:13","date_gmt":"2023-11-24T11:08:13","guid":{"rendered":"https:\/\/www.nurasansor.com\/?page_id=734"},"modified":"2023-12-01T17:52:43","modified_gmt":"2023-12-01T14:52:43","slug":"our-factory","status":"publish","type":"page","link":"https:\/\/www.nurasansor.com\/en\/our-factory\/","title":{"rendered":"Our Factory"},"content":{"rendered":"<p>3500 m2 kullan\u0131m alan\u0131m\u0131z ile en b\u00fcy\u00fck ve i\u015flevsel\u00a0<strong>engelli asans\u00f6r\u00fc \u00fcretim tesisi<\/strong>\u00a0olmaktan gurur duyuyoruz. Fabrikam\u0131zdaki nitelikli personel, m\u00fchendis, uzman sat\u0131\u015f ve destek ekibimiz ile size her zaman yard\u0131mc\u0131 olmaktan da ayn\u0131 derecede mutluluk duyuyoruz!<\/p>\n<p><strong>\u00c7erkezk\u00f6y\/Tekirda\u011f<\/strong>\u2019da bulunan fabrikam\u0131z ve\u00a0<strong>\u0130stanbul<\/strong>\u2019daki sat\u0131\u015f ofisimiz ile her daim \u00e7\u00f6z\u00fcm orta\u011f\u0131n\u0131z olmaya devam ediyoruz.<\/p>\n<p>Tesislerimizde her t\u00fcrl\u00fc ihtiyaca cevap verebilmek ad\u0131na,\u00a0<strong>koltuk tipi merdiven asans\u00f6r\u00fc<\/strong>,\u00a0<strong>dikey ve yatay engelli asans\u00f6r\u00fc<\/strong>,\u00a0<strong>sabit ve portatif havuz asans\u00f6r\u00fc\u00a0<\/strong>modellerimiz \u00fcretilmektedir. \u00dcretimlerimizin %65 kadar\u0131 yurt d\u0131\u015f\u0131na ihra\u00e7 edilirken, \u00fclkemizde de\u00a0<strong>en uygun ve makul sat\u0131\u015f politikas\u0131<\/strong>\u00a0izleyerek her daim yan\u0131n\u0131zday\u0131z!<\/p>\n<p><iframe style=\"width: 100%; margin: auto;\" title=\"YouTube video player\" src=\"https:\/\/www.youtube.com\/embed\/YTcQPdZT5RY?si=NlRFBdMGps2cqTwW\" height=\"315\" frameborder=\"0\" allowfullscreen=\"allowfullscreen\" data-mce-fragment=\"1\"><\/iframe><\/p>\n<div id='gallery-1' class='image-gallery col-12 nopadding galleryid-734' data-aos='fade-in' data-aos-delay='300'>\n    <div class='row'><dl class='col col-xl-4 col-lg-4 col-md-4 col-sm-4 col-12 box'>\n            <dt class='img'>\n                <div class='table-cell'>\n                    <a href='https:\/\/www.nurasansor.com\/wp-content\/uploads\/2023\/11\/fabrikamiz.jpeg'><img loading=\"lazy\" decoding=\"async\" width=\"146\" height=\"300\" src=\"https:\/\/www.nurasansor.com\/wp-content\/uploads\/2023\/11\/fabrikamiz-146x300.jpeg\" class=\"attachment-medium size-medium\" alt=\"\" srcset=\"https:\/\/www.nurasansor.com\/wp-content\/uploads\/2023\/11\/fabrikamiz-146x300.jpeg 146w, https:\/\/www.nurasansor.com\/wp-content\/uploads\/2023\/11\/fabrikamiz.jpeg 400w\" sizes=\"auto, (max-width: 146px) 100vw, 146px\" \/><\/a>\n                <\/div>\n            <\/dt>\n        <\/dl><dl class='col col-xl-4 col-lg-4 col-md-4 col-sm-4 col-12 box'>\n            <dt class='img'>\n                <div class='table-cell'>\n                    <a href='https:\/\/www.nurasansor.com\/wp-content\/uploads\/2023\/11\/fabrikamiz-1.jpeg'><img loading=\"lazy\" decoding=\"async\" width=\"146\" height=\"300\" src=\"https:\/\/www.nurasansor.com\/wp-content\/uploads\/2023\/11\/fabrikamiz-1-146x300.jpeg\" class=\"attachment-medium size-medium\" alt=\"\" srcset=\"https:\/\/www.nurasansor.com\/wp-content\/uploads\/2023\/11\/fabrikamiz-1-146x300.jpeg 146w, https:\/\/www.nurasansor.com\/wp-content\/uploads\/2023\/11\/fabrikamiz-1.jpeg 400w\" sizes=\"auto, (max-width: 146px) 100vw, 146px\" \/><\/a>\n                <\/div>\n            <\/dt>\n        <\/dl><dl class='col col-xl-4 col-lg-4 col-md-4 col-sm-4 col-12 box'>\n            <dt class='img'>\n                <div class='table-cell'>\n                    <a href='https:\/\/www.nurasansor.com\/wp-content\/uploads\/2023\/11\/fabrikamiz-2.jpeg'><img loading=\"lazy\" decoding=\"async\" width=\"146\" height=\"300\" src=\"https:\/\/www.nurasansor.com\/wp-content\/uploads\/2023\/11\/fabrikamiz-2-146x300.jpeg\" class=\"attachment-medium size-medium\" alt=\"\" srcset=\"https:\/\/www.nurasansor.com\/wp-content\/uploads\/2023\/11\/fabrikamiz-2-146x300.jpeg 146w, https:\/\/www.nurasansor.com\/wp-content\/uploads\/2023\/11\/fabrikamiz-2.jpeg 400w\" sizes=\"auto, (max-width: 146px) 100vw, 146px\" \/><\/a>\n                <\/div>\n            <\/dt>\n        <\/dl><div class=\"clearfix\"><\/div><dl class='col col-xl-4 col-lg-4 col-md-4 col-sm-4 col-12 box'>\n            <dt class='img'>\n                <div class='table-cell'>\n                    <a href='https:\/\/www.nurasansor.com\/wp-content\/uploads\/2023\/11\/fabrikamiz-3.jpeg'><img loading=\"lazy\" decoding=\"async\" width=\"146\" height=\"300\" src=\"https:\/\/www.nurasansor.com\/wp-content\/uploads\/2023\/11\/fabrikamiz-3-146x300.jpeg\" class=\"attachment-medium size-medium\" alt=\"\" srcset=\"https:\/\/www.nurasansor.com\/wp-content\/uploads\/2023\/11\/fabrikamiz-3-146x300.jpeg 146w, https:\/\/www.nurasansor.com\/wp-content\/uploads\/2023\/11\/fabrikamiz-3.jpeg 400w\" sizes=\"auto, (max-width: 146px) 100vw, 146px\" \/><\/a>\n                <\/div>\n            <\/dt>\n        <\/dl><dl class='col col-xl-4 col-lg-4 col-md-4 col-sm-4 col-12 box'>\n            <dt class='img'>\n                <div class='table-cell'>\n                    <a href='https:\/\/www.nurasansor.com\/wp-content\/uploads\/2023\/11\/fabrikamiz-4.jpeg'><img loading=\"lazy\" decoding=\"async\" width=\"146\" height=\"300\" src=\"https:\/\/www.nurasansor.com\/wp-content\/uploads\/2023\/11\/fabrikamiz-4-146x300.jpeg\" class=\"attachment-medium size-medium\" alt=\"\" srcset=\"https:\/\/www.nurasansor.com\/wp-content\/uploads\/2023\/11\/fabrikamiz-4-146x300.jpeg 146w, https:\/\/www.nurasansor.com\/wp-content\/uploads\/2023\/11\/fabrikamiz-4.jpeg 400w\" sizes=\"auto, (max-width: 146px) 100vw, 146px\" \/><\/a>\n                <\/div>\n            <\/dt>\n        <\/dl><dl class='col col-xl-4 col-lg-4 col-md-4 col-sm-4 col-12 box'>\n            <dt class='img'>\n                <div class='table-cell'>\n                    <a href='https:\/\/www.nurasansor.com\/wp-content\/uploads\/2023\/11\/fabrikamiz-5.jpeg'><img loading=\"lazy\" decoding=\"async\" width=\"146\" height=\"300\" src=\"https:\/\/www.nurasansor.com\/wp-content\/uploads\/2023\/11\/fabrikamiz-5-146x300.jpeg\" class=\"attachment-medium size-medium\" alt=\"\" srcset=\"https:\/\/www.nurasansor.com\/wp-content\/uploads\/2023\/11\/fabrikamiz-5-146x300.jpeg 146w, https:\/\/www.nurasansor.com\/wp-content\/uploads\/2023\/11\/fabrikamiz-5.jpeg 400w\" sizes=\"auto, (max-width: 146px) 100vw, 146px\" \/><\/a>\n                <\/div>\n            <\/dt>\n        <\/dl><div class=\"clearfix\"><\/div><dl class='col col-xl-4 col-lg-4 col-md-4 col-sm-4 col-12 box'>\n            <dt class='img'>\n                <div class='table-cell'>\n                    <a href='https:\/\/www.nurasansor.com\/wp-content\/uploads\/2023\/11\/fabrikamiz-6.jpeg'><img loading=\"lazy\" decoding=\"async\" width=\"146\" height=\"300\" src=\"https:\/\/www.nurasansor.com\/wp-content\/uploads\/2023\/11\/fabrikamiz-6-146x300.jpeg\" class=\"attachment-medium size-medium\" alt=\"\" srcset=\"https:\/\/www.nurasansor.com\/wp-content\/uploads\/2023\/11\/fabrikamiz-6-146x300.jpeg 146w, https:\/\/www.nurasansor.com\/wp-content\/uploads\/2023\/11\/fabrikamiz-6.jpeg 400w\" sizes=\"auto, (max-width: 146px) 100vw, 146px\" \/><\/a>\n                <\/div>\n            <\/dt>\n        <\/dl>\n    <\/div>\n<\/div>\n\n","protected":false},"excerpt":{"rendered":"<p>3500 m2 kullan\u0131m alan\u0131m\u0131z ile en b\u00fcy\u00fck ve i\u015flevsel\u00a0engelli asans\u00f6r\u00fc \u00fcretim tesisi\u00a0olmaktan gurur duyuyoruz. Fabrikam\u0131zdaki nitelikli personel, m\u00fchendis, uzman sat\u0131\u015f ve destek ekibimiz ile size her zaman yard\u0131mc\u0131 olmaktan da ayn\u0131 derecede mutluluk duyuyoruz! \u00c7erkezk\u00f6y\/Tekirda\u011f\u2019da bulunan fabrikam\u0131z ve\u00a0\u0130stanbul\u2019daki sat\u0131\u015f ofisimiz ile her daim \u00e7\u00f6z\u00fcm orta\u011f\u0131n\u0131z olmaya devam ediyoruz. Tesislerimizde her t\u00fcrl\u00fc ihtiyaca cevap verebilmek ad\u0131na,\u00a0koltuk [&hellip;]<\/p>\n","protected":false},"author":1,"featured_media":0,"parent":0,"menu_order":0,"comment_status":"closed","ping_status":"closed","template":"","meta":{"inline_featured_image":false,"footnotes":""},"class_list":["post-734","page","type-page","status-publish","hentry"],"yoast_head":"<!-- This site is optimized with the Yoast SEO plugin v27.5 - https:\/\/yoast.com\/product\/yoast-seo-wordpress\/ -->\n<title>Our Factory - Nur Asans\u00f6r Engelli Asans\u00f6r\u00fc<\/title>\n<meta name=\"robots\" content=\"index, follow, max-snippet:-1, max-image-preview:large, max-video-preview:-1\" \/>\n<link rel=\"canonical\" href=\"https:\/\/www.nurasansor.com\/en\/our-factory\/\" \/>\n<meta property=\"og:locale\" content=\"en_US\" \/>\n<meta property=\"og:type\" content=\"article\" \/>\n<meta property=\"og:title\" content=\"Our Factory - Nur Asans\u00f6r Engelli Asans\u00f6r\u00fc\" \/>\n<meta property=\"og:description\" content=\"3500 m2 kullan\u0131m alan\u0131m\u0131z ile en b\u00fcy\u00fck ve i\u015flevsel\u00a0engelli asans\u00f6r\u00fc \u00fcretim tesisi\u00a0olmaktan gurur duyuyoruz. Fabrikam\u0131zdaki nitelikli personel, m\u00fchendis, uzman sat\u0131\u015f ve destek ekibimiz ile size her zaman yard\u0131mc\u0131 olmaktan da ayn\u0131 derecede mutluluk duyuyoruz! \u00c7erkezk\u00f6y\/Tekirda\u011f\u2019da bulunan fabrikam\u0131z ve\u00a0\u0130stanbul\u2019daki sat\u0131\u015f ofisimiz ile her daim \u00e7\u00f6z\u00fcm orta\u011f\u0131n\u0131z olmaya devam ediyoruz. Tesislerimizde her t\u00fcrl\u00fc ihtiyaca cevap verebilmek ad\u0131na,\u00a0koltuk [&hellip;]\" \/>\n<meta property=\"og:url\" content=\"https:\/\/www.nurasansor.com\/en\/our-factory\/\" \/>\n<meta property=\"og:site_name\" content=\"Nur Asans\u00f6r Engelli Asans\u00f6r\u00fc\" \/>\n<meta property=\"article:modified_time\" content=\"2023-12-01T14:52:43+00:00\" \/>\n<meta property=\"og:image\" content=\"https:\/\/www.nurasansor.com\/wp-content\/uploads\/2023\/11\/fabrikamiz-146x300.jpeg\" \/>\n<meta name=\"twitter:card\" content=\"summary_large_image\" \/>\n<meta name=\"twitter:label1\" content=\"Est. reading time\" \/>\n\t<meta name=\"twitter:data1\" content=\"1 minute\" \/>\n<script type=\"application\/ld+json\" class=\"yoast-schema-graph\">{\"@context\":\"https:\\\/\\\/schema.org\",\"@graph\":[{\"@type\":\"WebPage\",\"@id\":\"https:\\\/\\\/www.nurasansor.com\\\/en\\\/our-factory\\\/\",\"url\":\"https:\\\/\\\/www.nurasansor.com\\\/en\\\/our-factory\\\/\",\"name\":\"Our Factory - Nur Asans\u00f6r Engelli Asans\u00f6r\u00fc\",\"isPartOf\":{\"@id\":\"https:\\\/\\\/www.nurasansor.com\\\/en\\\/#website\"},\"datePublished\":\"2023-11-24T11:08:13+00:00\",\"dateModified\":\"2023-12-01T14:52:43+00:00\",\"breadcrumb\":{\"@id\":\"https:\\\/\\\/www.nurasansor.com\\\/en\\\/our-factory\\\/#breadcrumb\"},\"inLanguage\":\"en-US\",\"potentialAction\":[{\"@type\":\"ReadAction\",\"target\":[\"https:\\\/\\\/www.nurasansor.com\\\/en\\\/our-factory\\\/\"]}]},{\"@type\":\"BreadcrumbList\",\"@id\":\"https:\\\/\\\/www.nurasansor.com\\\/en\\\/our-factory\\\/#breadcrumb\",\"itemListElement\":[{\"@type\":\"ListItem\",\"position\":1,\"name\":\"Anasayfa\",\"item\":\"https:\\\/\\\/www.nurasansor.com\\\/en\\\/\"},{\"@type\":\"ListItem\",\"position\":2,\"name\":\"Our Factory\"}]},{\"@type\":\"WebSite\",\"@id\":\"https:\\\/\\\/www.nurasansor.com\\\/en\\\/#website\",\"url\":\"https:\\\/\\\/www.nurasansor.com\\\/en\\\/\",\"name\":\"Nur Asans\u00f6r\",\"description\":\"Engelli Asans\u00f6r\u00fc, Merdiven Asans\u00f6r\u00fc ve Havuz Asans\u00f6r\u00fc Sistemleri\",\"publisher\":{\"@id\":\"https:\\\/\\\/www.nurasansor.com\\\/en\\\/#organization\"},\"potentialAction\":[{\"@type\":\"SearchAction\",\"target\":{\"@type\":\"EntryPoint\",\"urlTemplate\":\"https:\\\/\\\/www.nurasansor.com\\\/en\\\/?s={search_term_string}\"},\"query-input\":{\"@type\":\"PropertyValueSpecification\",\"valueRequired\":true,\"valueName\":\"search_term_string\"}}],\"inLanguage\":\"en-US\"},{\"@type\":\"Organization\",\"@id\":\"https:\\\/\\\/www.nurasansor.com\\\/en\\\/#organization\",\"name\":\"Nur Asans\u00f6r\",\"url\":\"https:\\\/\\\/www.nurasansor.com\\\/en\\\/\",\"logo\":{\"@type\":\"ImageObject\",\"inLanguage\":\"en-US\",\"@id\":\"https:\\\/\\\/www.nurasansor.com\\\/en\\\/#\\\/schema\\\/logo\\\/image\\\/\",\"url\":\"https:\\\/\\\/www.nurasansor.com\\\/wp-content\\\/uploads\\\/2023\\\/11\\\/-1.png\",\"contentUrl\":\"https:\\\/\\\/www.nurasansor.com\\\/wp-content\\\/uploads\\\/2023\\\/11\\\/-1.png\",\"width\":350,\"height\":86,\"caption\":\"Nur Asans\u00f6r\"},\"image\":{\"@id\":\"https:\\\/\\\/www.nurasansor.com\\\/en\\\/#\\\/schema\\\/logo\\\/image\\\/\"},\"sameAs\":[\"https:\\\/\\\/www.linkedin.com\\\/company\\\/nurasansor\\\/\",\"https:\\\/\\\/www.youtube.com\\\/channel\\\/UCTRGEAH1eKPyl-Ctdz8YTIw\"]}]}<\/script>\n<!-- \/ Yoast SEO plugin. -->","yoast_head_json":{"title":"Our Factory - Nur Asans\u00f6r Engelli Asans\u00f6r\u00fc","robots":{"index":"index","follow":"follow","max-snippet":"max-snippet:-1","max-image-preview":"max-image-preview:large","max-video-preview":"max-video-preview:-1"},"canonical":"https:\/\/www.nurasansor.com\/en\/our-factory\/","og_locale":"en_US","og_type":"article","og_title":"Our Factory - Nur Asans\u00f6r Engelli Asans\u00f6r\u00fc","og_description":"3500 m2 kullan\u0131m alan\u0131m\u0131z ile en b\u00fcy\u00fck ve i\u015flevsel\u00a0engelli asans\u00f6r\u00fc \u00fcretim tesisi\u00a0olmaktan gurur duyuyoruz. Fabrikam\u0131zdaki nitelikli personel, m\u00fchendis, uzman sat\u0131\u015f ve destek ekibimiz ile size her zaman yard\u0131mc\u0131 olmaktan da ayn\u0131 derecede mutluluk duyuyoruz! \u00c7erkezk\u00f6y\/Tekirda\u011f\u2019da bulunan fabrikam\u0131z ve\u00a0\u0130stanbul\u2019daki sat\u0131\u015f ofisimiz ile her daim \u00e7\u00f6z\u00fcm orta\u011f\u0131n\u0131z olmaya devam ediyoruz. Tesislerimizde her t\u00fcrl\u00fc ihtiyaca cevap verebilmek ad\u0131na,\u00a0koltuk [&hellip;]","og_url":"https:\/\/www.nurasansor.com\/en\/our-factory\/","og_site_name":"Nur Asans\u00f6r Engelli Asans\u00f6r\u00fc","article_modified_time":"2023-12-01T14:52:43+00:00","og_image":[{"url":"https:\/\/www.nurasansor.com\/wp-content\/uploads\/2023\/11\/fabrikamiz-146x300.jpeg","type":"","width":"","height":""}],"twitter_card":"summary_large_image","twitter_misc":{"Est. reading time":"1 minute"},"schema":{"@context":"https:\/\/schema.org","@graph":[{"@type":"WebPage","@id":"https:\/\/www.nurasansor.com\/en\/our-factory\/","url":"https:\/\/www.nurasansor.com\/en\/our-factory\/","name":"Our Factory - Nur Asans\u00f6r Engelli Asans\u00f6r\u00fc","isPartOf":{"@id":"https:\/\/www.nurasansor.com\/en\/#website"},"datePublished":"2023-11-24T11:08:13+00:00","dateModified":"2023-12-01T14:52:43+00:00","breadcrumb":{"@id":"https:\/\/www.nurasansor.com\/en\/our-factory\/#breadcrumb"},"inLanguage":"en-US","potentialAction":[{"@type":"ReadAction","target":["https:\/\/www.nurasansor.com\/en\/our-factory\/"]}]},{"@type":"BreadcrumbList","@id":"https:\/\/www.nurasansor.com\/en\/our-factory\/#breadcrumb","itemListElement":[{"@type":"ListItem","position":1,"name":"Anasayfa","item":"https:\/\/www.nurasansor.com\/en\/"},{"@type":"ListItem","position":2,"name":"Our Factory"}]},{"@type":"WebSite","@id":"https:\/\/www.nurasansor.com\/en\/#website","url":"https:\/\/www.nurasansor.com\/en\/","name":"Nur Asans\u00f6r","description":"Engelli Asans\u00f6r\u00fc, Merdiven Asans\u00f6r\u00fc ve Havuz Asans\u00f6r\u00fc Sistemleri","publisher":{"@id":"https:\/\/www.nurasansor.com\/en\/#organization"},"potentialAction":[{"@type":"SearchAction","target":{"@type":"EntryPoint","urlTemplate":"https:\/\/www.nurasansor.com\/en\/?s={search_term_string}"},"query-input":{"@type":"PropertyValueSpecification","valueRequired":true,"valueName":"search_term_string"}}],"inLanguage":"en-US"},{"@type":"Organization","@id":"https:\/\/www.nurasansor.com\/en\/#organization","name":"Nur Asans\u00f6r","url":"https:\/\/www.nurasansor.com\/en\/","logo":{"@type":"ImageObject","inLanguage":"en-US","@id":"https:\/\/www.nurasansor.com\/en\/#\/schema\/logo\/image\/","url":"https:\/\/www.nurasansor.com\/wp-content\/uploads\/2023\/11\/-1.png","contentUrl":"https:\/\/www.nurasansor.com\/wp-content\/uploads\/2023\/11\/-1.png","width":350,"height":86,"caption":"Nur Asans\u00f6r"},"image":{"@id":"https:\/\/www.nurasansor.com\/en\/#\/schema\/logo\/image\/"},"sameAs":["https:\/\/www.linkedin.com\/company\/nurasansor\/","https:\/\/www.youtube.com\/channel\/UCTRGEAH1eKPyl-Ctdz8YTIw"]}]}},"_links":{"self":[{"href":"https:\/\/www.nurasansor.com\/en\/wp-json\/wp\/v2\/pages\/734","targetHints":{"allow":["GET"]}}],"collection":[{"href":"https:\/\/www.nurasansor.com\/en\/wp-json\/wp\/v2\/pages"}],"about":[{"href":"https:\/\/www.nurasansor.com\/en\/wp-json\/wp\/v2\/types\/page"}],"author":[{"embeddable":true,"href":"https:\/\/www.nurasansor.com\/en\/wp-json\/wp\/v2\/users\/1"}],"replies":[{"embeddable":true,"href":"https:\/\/www.nurasansor.com\/en\/wp-json\/wp\/v2\/comments?post=734"}],"version-history":[{"count":0,"href":"https:\/\/www.nurasansor.com\/en\/wp-json\/wp\/v2\/pages\/734\/revisions"}],"wp:attachment":[{"href":"https:\/\/www.nurasansor.com\/en\/wp-json\/wp\/v2\/media?parent=734"}],"curies":[{"name":"wp","href":"https:\/\/api.w.org\/{rel}","templated":true}]}}