{"id":726,"date":"2023-11-24T14:12:21","date_gmt":"2023-11-24T11:12:21","guid":{"rendered":"https:\/\/www.nurasansor.com\/?page_id=726"},"modified":"2023-12-01T17:49:28","modified_gmt":"2023-12-01T14:49:28","slug":"career","status":"publish","type":"page","link":"https:\/\/www.nurasansor.com\/en\/information\/career\/","title":{"rendered":"Career"},"content":{"rendered":"<p>Career at NUR ASANSOR A.S.<\/p>\n<p>NUR ASANSOR A.S. employs more than 140 people across Europe and is always looking for more talented people to join us. Could you be our new employee? Find out more about all our jobs.<\/p>\n<p>Are you looking for a more rewarding career? Would you like to go home every night knowing that you have made a difference to people&#8217;s lives? Do you want to be part of a company that has grown tremendously in the last 7 years despite the economic crisis?<\/p>\n<p>Whether you are a blue-collar or white-collar employee, you can work with us in this whole process and quickly overcome the career ladder. What you need to do is to apply and tell us about your talents. As part of an international organisation, we want to walk together throughout your career. You can reach us from our contact information below and call us for your questions and comments.<\/p>\n<p>If you answered &#8220;YES&#8221; to any of the questions above, it is time to take a look at the opportunities offered in the stair lift sector. As NUR ASANSOR A.S. , we are proud to say that we are in the business of helping people. In fact, since its inception, we have helped more than 10,000 individuals and families feel safer and more secure in their homes. Every day, we eliminate anxiety and provide peace of mind. That&#8217;s what we do.<\/p>\n","protected":false},"excerpt":{"rendered":"<p>Career at NUR ASANSOR A.S. NUR ASANSOR A.S. employs more than 140 people across Europe and is always looking for more talented people to join us. Could you be our new employee? Find out more about all our jobs. Are you looking for a more rewarding career? Would you like to go home every night [&hellip;]<\/p>\n","protected":false},"author":1,"featured_media":0,"parent":724,"menu_order":0,"comment_status":"closed","ping_status":"closed","template":"","meta":{"inline_featured_image":false,"footnotes":""},"class_list":["post-726","page","type-page","status-publish","hentry"],"yoast_head":"<!-- This site is optimized with the Yoast SEO plugin v27.5 - https:\/\/yoast.com\/product\/yoast-seo-wordpress\/ -->\n<title>Career - Nur Asans\u00f6r Engelli Asans\u00f6r\u00fc<\/title>\n<meta name=\"robots\" content=\"index, follow, max-snippet:-1, max-image-preview:large, max-video-preview:-1\" \/>\n<link rel=\"canonical\" href=\"https:\/\/www.nurasansor.com\/en\/information\/career\/\" \/>\n<meta property=\"og:locale\" content=\"en_US\" \/>\n<meta property=\"og:type\" content=\"article\" \/>\n<meta property=\"og:title\" content=\"Career - Nur Asans\u00f6r Engelli Asans\u00f6r\u00fc\" \/>\n<meta property=\"og:description\" content=\"Career at NUR ASANSOR A.S. NUR ASANSOR A.S. employs more than 140 people across Europe and is always looking for more talented people to join us. Could you be our new employee? Find out more about all our jobs. Are you looking for a more rewarding career? Would you like to go home every night [&hellip;]\" \/>\n<meta property=\"og:url\" content=\"https:\/\/www.nurasansor.com\/en\/information\/career\/\" \/>\n<meta property=\"og:site_name\" content=\"Nur Asans\u00f6r Engelli Asans\u00f6r\u00fc\" \/>\n<meta property=\"article:modified_time\" content=\"2023-12-01T14:49:28+00:00\" \/>\n<meta name=\"twitter:card\" content=\"summary_large_image\" \/>\n<meta name=\"twitter:label1\" content=\"Est. reading time\" \/>\n\t<meta name=\"twitter:data1\" content=\"1 minute\" \/>\n<script type=\"application\/ld+json\" class=\"yoast-schema-graph\">{\"@context\":\"https:\\\/\\\/schema.org\",\"@graph\":[{\"@type\":\"WebPage\",\"@id\":\"https:\\\/\\\/www.nurasansor.com\\\/en\\\/information\\\/career\\\/\",\"url\":\"https:\\\/\\\/www.nurasansor.com\\\/en\\\/information\\\/career\\\/\",\"name\":\"Career - Nur Asans\u00f6r Engelli Asans\u00f6r\u00fc\",\"isPartOf\":{\"@id\":\"https:\\\/\\\/www.nurasansor.com\\\/en\\\/#website\"},\"datePublished\":\"2023-11-24T11:12:21+00:00\",\"dateModified\":\"2023-12-01T14:49:28+00:00\",\"breadcrumb\":{\"@id\":\"https:\\\/\\\/www.nurasansor.com\\\/en\\\/information\\\/career\\\/#breadcrumb\"},\"inLanguage\":\"en-US\",\"potentialAction\":[{\"@type\":\"ReadAction\",\"target\":[\"https:\\\/\\\/www.nurasansor.com\\\/en\\\/information\\\/career\\\/\"]}]},{\"@type\":\"BreadcrumbList\",\"@id\":\"https:\\\/\\\/www.nurasansor.com\\\/en\\\/information\\\/career\\\/#breadcrumb\",\"itemListElement\":[{\"@type\":\"ListItem\",\"position\":1,\"name\":\"Anasayfa\",\"item\":\"https:\\\/\\\/www.nurasansor.com\\\/en\\\/\"},{\"@type\":\"ListItem\",\"position\":2,\"name\":\"Information\",\"item\":\"https:\\\/\\\/www.nurasansor.com\\\/en\\\/information\\\/\"},{\"@type\":\"ListItem\",\"position\":3,\"name\":\"Career\"}]},{\"@type\":\"WebSite\",\"@id\":\"https:\\\/\\\/www.nurasansor.com\\\/en\\\/#website\",\"url\":\"https:\\\/\\\/www.nurasansor.com\\\/en\\\/\",\"name\":\"Nur Asans\u00f6r\",\"description\":\"Engelli Asans\u00f6r\u00fc, Merdiven Asans\u00f6r\u00fc ve Havuz Asans\u00f6r\u00fc Sistemleri\",\"publisher\":{\"@id\":\"https:\\\/\\\/www.nurasansor.com\\\/en\\\/#organization\"},\"potentialAction\":[{\"@type\":\"SearchAction\",\"target\":{\"@type\":\"EntryPoint\",\"urlTemplate\":\"https:\\\/\\\/www.nurasansor.com\\\/en\\\/?s={search_term_string}\"},\"query-input\":{\"@type\":\"PropertyValueSpecification\",\"valueRequired\":true,\"valueName\":\"search_term_string\"}}],\"inLanguage\":\"en-US\"},{\"@type\":\"Organization\",\"@id\":\"https:\\\/\\\/www.nurasansor.com\\\/en\\\/#organization\",\"name\":\"Nur Asans\u00f6r\",\"url\":\"https:\\\/\\\/www.nurasansor.com\\\/en\\\/\",\"logo\":{\"@type\":\"ImageObject\",\"inLanguage\":\"en-US\",\"@id\":\"https:\\\/\\\/www.nurasansor.com\\\/en\\\/#\\\/schema\\\/logo\\\/image\\\/\",\"url\":\"https:\\\/\\\/www.nurasansor.com\\\/wp-content\\\/uploads\\\/2023\\\/11\\\/-1.png\",\"contentUrl\":\"https:\\\/\\\/www.nurasansor.com\\\/wp-content\\\/uploads\\\/2023\\\/11\\\/-1.png\",\"width\":350,\"height\":86,\"caption\":\"Nur Asans\u00f6r\"},\"image\":{\"@id\":\"https:\\\/\\\/www.nurasansor.com\\\/en\\\/#\\\/schema\\\/logo\\\/image\\\/\"},\"sameAs\":[\"https:\\\/\\\/www.linkedin.com\\\/company\\\/nurasansor\\\/\",\"https:\\\/\\\/www.youtube.com\\\/channel\\\/UCTRGEAH1eKPyl-Ctdz8YTIw\"]}]}<\/script>\n<!-- \/ Yoast SEO plugin. -->","yoast_head_json":{"title":"Career - Nur Asans\u00f6r Engelli Asans\u00f6r\u00fc","robots":{"index":"index","follow":"follow","max-snippet":"max-snippet:-1","max-image-preview":"max-image-preview:large","max-video-preview":"max-video-preview:-1"},"canonical":"https:\/\/www.nurasansor.com\/en\/information\/career\/","og_locale":"en_US","og_type":"article","og_title":"Career - Nur Asans\u00f6r Engelli Asans\u00f6r\u00fc","og_description":"Career at NUR ASANSOR A.S. NUR ASANSOR A.S. employs more than 140 people across Europe and is always looking for more talented people to join us. Could you be our new employee? Find out more about all our jobs. Are you looking for a more rewarding career? Would you like to go home every night [&hellip;]","og_url":"https:\/\/www.nurasansor.com\/en\/information\/career\/","og_site_name":"Nur Asans\u00f6r Engelli Asans\u00f6r\u00fc","article_modified_time":"2023-12-01T14:49:28+00:00","twitter_card":"summary_large_image","twitter_misc":{"Est. reading time":"1 minute"},"schema":{"@context":"https:\/\/schema.org","@graph":[{"@type":"WebPage","@id":"https:\/\/www.nurasansor.com\/en\/information\/career\/","url":"https:\/\/www.nurasansor.com\/en\/information\/career\/","name":"Career - Nur Asans\u00f6r Engelli Asans\u00f6r\u00fc","isPartOf":{"@id":"https:\/\/www.nurasansor.com\/en\/#website"},"datePublished":"2023-11-24T11:12:21+00:00","dateModified":"2023-12-01T14:49:28+00:00","breadcrumb":{"@id":"https:\/\/www.nurasansor.com\/en\/information\/career\/#breadcrumb"},"inLanguage":"en-US","potentialAction":[{"@type":"ReadAction","target":["https:\/\/www.nurasansor.com\/en\/information\/career\/"]}]},{"@type":"BreadcrumbList","@id":"https:\/\/www.nurasansor.com\/en\/information\/career\/#breadcrumb","itemListElement":[{"@type":"ListItem","position":1,"name":"Anasayfa","item":"https:\/\/www.nurasansor.com\/en\/"},{"@type":"ListItem","position":2,"name":"Information","item":"https:\/\/www.nurasansor.com\/en\/information\/"},{"@type":"ListItem","position":3,"name":"Career"}]},{"@type":"WebSite","@id":"https:\/\/www.nurasansor.com\/en\/#website","url":"https:\/\/www.nurasansor.com\/en\/","name":"Nur Asans\u00f6r","description":"Engelli Asans\u00f6r\u00fc, Merdiven Asans\u00f6r\u00fc ve Havuz Asans\u00f6r\u00fc Sistemleri","publisher":{"@id":"https:\/\/www.nurasansor.com\/en\/#organization"},"potentialAction":[{"@type":"SearchAction","target":{"@type":"EntryPoint","urlTemplate":"https:\/\/www.nurasansor.com\/en\/?s={search_term_string}"},"query-input":{"@type":"PropertyValueSpecification","valueRequired":true,"valueName":"search_term_string"}}],"inLanguage":"en-US"},{"@type":"Organization","@id":"https:\/\/www.nurasansor.com\/en\/#organization","name":"Nur Asans\u00f6r","url":"https:\/\/www.nurasansor.com\/en\/","logo":{"@type":"ImageObject","inLanguage":"en-US","@id":"https:\/\/www.nurasansor.com\/en\/#\/schema\/logo\/image\/","url":"https:\/\/www.nurasansor.com\/wp-content\/uploads\/2023\/11\/-1.png","contentUrl":"https:\/\/www.nurasansor.com\/wp-content\/uploads\/2023\/11\/-1.png","width":350,"height":86,"caption":"Nur Asans\u00f6r"},"image":{"@id":"https:\/\/www.nurasansor.com\/en\/#\/schema\/logo\/image\/"},"sameAs":["https:\/\/www.linkedin.com\/company\/nurasansor\/","https:\/\/www.youtube.com\/channel\/UCTRGEAH1eKPyl-Ctdz8YTIw"]}]}},"_links":{"self":[{"href":"https:\/\/www.nurasansor.com\/en\/wp-json\/wp\/v2\/pages\/726","targetHints":{"allow":["GET"]}}],"collection":[{"href":"https:\/\/www.nurasansor.com\/en\/wp-json\/wp\/v2\/pages"}],"about":[{"href":"https:\/\/www.nurasansor.com\/en\/wp-json\/wp\/v2\/types\/page"}],"author":[{"embeddable":true,"href":"https:\/\/www.nurasansor.com\/en\/wp-json\/wp\/v2\/users\/1"}],"replies":[{"embeddable":true,"href":"https:\/\/www.nurasansor.com\/en\/wp-json\/wp\/v2\/comments?post=726"}],"version-history":[{"count":0,"href":"https:\/\/www.nurasansor.com\/en\/wp-json\/wp\/v2\/pages\/726\/revisions"}],"up":[{"embeddable":true,"href":"https:\/\/www.nurasansor.com\/en\/wp-json\/wp\/v2\/pages\/724"}],"wp:attachment":[{"href":"https:\/\/www.nurasansor.com\/en\/wp-json\/wp\/v2\/media?parent=726"}],"curies":[{"name":"wp","href":"https:\/\/api.w.org\/{rel}","templated":true}]}}