{"id":721,"date":"2023-11-24T14:11:52","date_gmt":"2023-11-24T11:11:52","guid":{"rendered":"https:\/\/www.nurasansor.com\/?page_id=721"},"modified":"2023-12-01T17:48:38","modified_gmt":"2023-12-01T14:48:38","slug":"privacy-policy","status":"publish","type":"page","link":"https:\/\/www.nurasansor.com\/en\/information\/privacy-policy\/","title":{"rendered":"Privacy Policy"},"content":{"rendered":"<p><strong>Our commitment to you<\/strong><\/p>\n<p>Our dealings and your privacy are important to us. For a better protection of your privacy, we provide this notice explaining our online information practices and the choices you can make about the way your information is collected and used. We post this notice on our home page to make it easy to find, and we comply with laws protecting your personal information.<\/p>\n<p><strong>Information we collect<\/strong><\/p>\n<p>This notice applies to all information collected or submitted on all NUR ASANSOR A.S. websites. On some pages you can request more information and register to receive materials. The types of personal information collected on these pages are as follows:<\/p>\n<ul>\n<li>Name,<\/li>\n<li>Address,<\/li>\n<li>E-mail address,<\/li>\n<li>Phone number.<\/li>\n<\/ul>\n<p><strong>The way we use information<\/strong><\/p>\n<p>We do not share any information provided by you with outside parties without your prior consent.<\/p>\n<p>We use the information you provide about yourself or someone else only as contact datas to provide the information or transfer the materials you have requested.<\/p>\n<p>This information is not used for any other purpose and is not shared with other individuals.<\/p>\n<p>Finally, we never use or share personally identifiable information provided to us online in ways unrelated to those described above, nor do we provide you with the opportunity to opt-out or otherwise prohibit such unrelated uses.<\/p>\n<p><strong>Our commitment to data security<\/strong><\/p>\n<p>We have put in place appropriate physical, electronic and managerial procedures to safeguard and secure the information we collect online to prevent unauthorised access, maintain data accuracy and ensure the correct use of information.<\/p>\n<p><strong>Our commitment to children&#8217;s privacy<\/strong><\/p>\n<p>Protecting the privacy of young people is particularly important. For this reason, we never collect or store information on our website from anyone we know to be under the age of 13, and no part of our website is structured to be of interest to anyone under the age of 13.<\/p>\n<p><strong>How can you access or correct your information?<\/strong><\/p>\n<p>You can access all of your personally identifiable information that we collect and maintain online by sending us an email to <u>destek@nurasansor.com<\/u> and requesting it.<\/p>\n<p>You can correct factual mistakes in your personally identifiable information by sending us a request that reliably shows the mistake.<\/p>\n<p>To protect your privacy and security, we will also take reasonable steps to verify your identity before granting access or making corrections.<\/p>\n<p><strong>How can you contact us?<\/strong><\/p>\n<p>If you have any further questions or concerns regarding these privacy policies, please send us an e-mail at <a href=\"mailto:destek@nurasansor.com\">destek@nurasansor.com<\/a>. Be sure we will get back to you as soon as possible.<\/p>\n","protected":false},"excerpt":{"rendered":"<p>Our commitment to you Our dealings and your privacy are important to us. For a better protection of your privacy, we provide this notice explaining our online information practices and the choices you can make about the way your information is collected and used. We post this notice on our home page to make it [&hellip;]<\/p>\n","protected":false},"author":1,"featured_media":0,"parent":724,"menu_order":0,"comment_status":"closed","ping_status":"closed","template":"","meta":{"inline_featured_image":false,"footnotes":""},"class_list":["post-721","page","type-page","status-publish","hentry"],"yoast_head":"<!-- This site is optimized with the Yoast SEO plugin v26.7 - https:\/\/yoast.com\/wordpress\/plugins\/seo\/ -->\n<title>Privacy Policy - Nur Asans\u00f6r Engelli Asans\u00f6r\u00fc<\/title>\n<meta name=\"robots\" content=\"index, follow, max-snippet:-1, max-image-preview:large, max-video-preview:-1\" \/>\n<link rel=\"canonical\" href=\"https:\/\/www.nurasansor.com\/en\/information\/privacy-policy\/\" \/>\n<meta property=\"og:locale\" content=\"en_US\" \/>\n<meta property=\"og:type\" content=\"article\" \/>\n<meta property=\"og:title\" content=\"Privacy Policy - Nur Asans\u00f6r Engelli Asans\u00f6r\u00fc\" \/>\n<meta property=\"og:description\" content=\"Our commitment to you Our dealings and your privacy are important to us. For a better protection of your privacy, we provide this notice explaining our online information practices and the choices you can make about the way your information is collected and used. We post this notice on our home page to make it [&hellip;]\" \/>\n<meta property=\"og:url\" content=\"https:\/\/www.nurasansor.com\/en\/information\/privacy-policy\/\" \/>\n<meta property=\"og:site_name\" content=\"Nur Asans\u00f6r Engelli Asans\u00f6r\u00fc\" \/>\n<meta property=\"article:modified_time\" content=\"2023-12-01T14:48:38+00:00\" \/>\n<meta name=\"twitter:card\" content=\"summary_large_image\" \/>\n<meta name=\"twitter:label1\" content=\"Est. reading time\" \/>\n\t<meta name=\"twitter:data1\" content=\"2 minutes\" \/>\n<script type=\"application\/ld+json\" class=\"yoast-schema-graph\">{\"@context\":\"https:\/\/schema.org\",\"@graph\":[{\"@type\":\"WebPage\",\"@id\":\"https:\/\/www.nurasansor.com\/en\/information\/privacy-policy\/\",\"url\":\"https:\/\/www.nurasansor.com\/en\/information\/privacy-policy\/\",\"name\":\"Privacy Policy - Nur Asans\u00f6r Engelli Asans\u00f6r\u00fc\",\"isPartOf\":{\"@id\":\"https:\/\/www.nurasansor.com\/en\/#website\"},\"datePublished\":\"2023-11-24T11:11:52+00:00\",\"dateModified\":\"2023-12-01T14:48:38+00:00\",\"breadcrumb\":{\"@id\":\"https:\/\/www.nurasansor.com\/en\/information\/privacy-policy\/#breadcrumb\"},\"inLanguage\":\"en-US\",\"potentialAction\":[{\"@type\":\"ReadAction\",\"target\":[\"https:\/\/www.nurasansor.com\/en\/information\/privacy-policy\/\"]}]},{\"@type\":\"BreadcrumbList\",\"@id\":\"https:\/\/www.nurasansor.com\/en\/information\/privacy-policy\/#breadcrumb\",\"itemListElement\":[{\"@type\":\"ListItem\",\"position\":1,\"name\":\"Anasayfa\",\"item\":\"https:\/\/www.nurasansor.com\/en\/\"},{\"@type\":\"ListItem\",\"position\":2,\"name\":\"Information\",\"item\":\"https:\/\/www.nurasansor.com\/en\/information\/\"},{\"@type\":\"ListItem\",\"position\":3,\"name\":\"Privacy Policy\"}]},{\"@type\":\"WebSite\",\"@id\":\"https:\/\/www.nurasansor.com\/en\/#website\",\"url\":\"https:\/\/www.nurasansor.com\/en\/\",\"name\":\"Nur Asans\u00f6r\",\"description\":\"Engelli Asans\u00f6r\u00fc, Merdiven Asans\u00f6r\u00fc ve Havuz Asans\u00f6r\u00fc Sistemleri\",\"publisher\":{\"@id\":\"https:\/\/www.nurasansor.com\/en\/#organization\"},\"potentialAction\":[{\"@type\":\"SearchAction\",\"target\":{\"@type\":\"EntryPoint\",\"urlTemplate\":\"https:\/\/www.nurasansor.com\/en\/?s={search_term_string}\"},\"query-input\":{\"@type\":\"PropertyValueSpecification\",\"valueRequired\":true,\"valueName\":\"search_term_string\"}}],\"inLanguage\":\"en-US\"},{\"@type\":\"Organization\",\"@id\":\"https:\/\/www.nurasansor.com\/en\/#organization\",\"name\":\"Nur Asans\u00f6r\",\"url\":\"https:\/\/www.nurasansor.com\/en\/\",\"logo\":{\"@type\":\"ImageObject\",\"inLanguage\":\"en-US\",\"@id\":\"https:\/\/www.nurasansor.com\/en\/#\/schema\/logo\/image\/\",\"url\":\"https:\/\/www.nurasansor.com\/wp-content\/uploads\/2023\/11\/-1.png\",\"contentUrl\":\"https:\/\/www.nurasansor.com\/wp-content\/uploads\/2023\/11\/-1.png\",\"width\":350,\"height\":86,\"caption\":\"Nur Asans\u00f6r\"},\"image\":{\"@id\":\"https:\/\/www.nurasansor.com\/en\/#\/schema\/logo\/image\/\"},\"sameAs\":[\"https:\/\/www.linkedin.com\/company\/nurasansor\/\",\"https:\/\/www.youtube.com\/channel\/UCTRGEAH1eKPyl-Ctdz8YTIw\"]}]}<\/script>\n<!-- \/ Yoast SEO plugin. -->","yoast_head_json":{"title":"Privacy Policy - Nur Asans\u00f6r Engelli Asans\u00f6r\u00fc","robots":{"index":"index","follow":"follow","max-snippet":"max-snippet:-1","max-image-preview":"max-image-preview:large","max-video-preview":"max-video-preview:-1"},"canonical":"https:\/\/www.nurasansor.com\/en\/information\/privacy-policy\/","og_locale":"en_US","og_type":"article","og_title":"Privacy Policy - Nur Asans\u00f6r Engelli Asans\u00f6r\u00fc","og_description":"Our commitment to you Our dealings and your privacy are important to us. For a better protection of your privacy, we provide this notice explaining our online information practices and the choices you can make about the way your information is collected and used. We post this notice on our home page to make it [&hellip;]","og_url":"https:\/\/www.nurasansor.com\/en\/information\/privacy-policy\/","og_site_name":"Nur Asans\u00f6r Engelli Asans\u00f6r\u00fc","article_modified_time":"2023-12-01T14:48:38+00:00","twitter_card":"summary_large_image","twitter_misc":{"Est. reading time":"2 minutes"},"schema":{"@context":"https:\/\/schema.org","@graph":[{"@type":"WebPage","@id":"https:\/\/www.nurasansor.com\/en\/information\/privacy-policy\/","url":"https:\/\/www.nurasansor.com\/en\/information\/privacy-policy\/","name":"Privacy Policy - Nur Asans\u00f6r Engelli Asans\u00f6r\u00fc","isPartOf":{"@id":"https:\/\/www.nurasansor.com\/en\/#website"},"datePublished":"2023-11-24T11:11:52+00:00","dateModified":"2023-12-01T14:48:38+00:00","breadcrumb":{"@id":"https:\/\/www.nurasansor.com\/en\/information\/privacy-policy\/#breadcrumb"},"inLanguage":"en-US","potentialAction":[{"@type":"ReadAction","target":["https:\/\/www.nurasansor.com\/en\/information\/privacy-policy\/"]}]},{"@type":"BreadcrumbList","@id":"https:\/\/www.nurasansor.com\/en\/information\/privacy-policy\/#breadcrumb","itemListElement":[{"@type":"ListItem","position":1,"name":"Anasayfa","item":"https:\/\/www.nurasansor.com\/en\/"},{"@type":"ListItem","position":2,"name":"Information","item":"https:\/\/www.nurasansor.com\/en\/information\/"},{"@type":"ListItem","position":3,"name":"Privacy Policy"}]},{"@type":"WebSite","@id":"https:\/\/www.nurasansor.com\/en\/#website","url":"https:\/\/www.nurasansor.com\/en\/","name":"Nur Asans\u00f6r","description":"Engelli Asans\u00f6r\u00fc, Merdiven Asans\u00f6r\u00fc ve Havuz Asans\u00f6r\u00fc Sistemleri","publisher":{"@id":"https:\/\/www.nurasansor.com\/en\/#organization"},"potentialAction":[{"@type":"SearchAction","target":{"@type":"EntryPoint","urlTemplate":"https:\/\/www.nurasansor.com\/en\/?s={search_term_string}"},"query-input":{"@type":"PropertyValueSpecification","valueRequired":true,"valueName":"search_term_string"}}],"inLanguage":"en-US"},{"@type":"Organization","@id":"https:\/\/www.nurasansor.com\/en\/#organization","name":"Nur Asans\u00f6r","url":"https:\/\/www.nurasansor.com\/en\/","logo":{"@type":"ImageObject","inLanguage":"en-US","@id":"https:\/\/www.nurasansor.com\/en\/#\/schema\/logo\/image\/","url":"https:\/\/www.nurasansor.com\/wp-content\/uploads\/2023\/11\/-1.png","contentUrl":"https:\/\/www.nurasansor.com\/wp-content\/uploads\/2023\/11\/-1.png","width":350,"height":86,"caption":"Nur Asans\u00f6r"},"image":{"@id":"https:\/\/www.nurasansor.com\/en\/#\/schema\/logo\/image\/"},"sameAs":["https:\/\/www.linkedin.com\/company\/nurasansor\/","https:\/\/www.youtube.com\/channel\/UCTRGEAH1eKPyl-Ctdz8YTIw"]}]}},"_links":{"self":[{"href":"https:\/\/www.nurasansor.com\/en\/wp-json\/wp\/v2\/pages\/721","targetHints":{"allow":["GET"]}}],"collection":[{"href":"https:\/\/www.nurasansor.com\/en\/wp-json\/wp\/v2\/pages"}],"about":[{"href":"https:\/\/www.nurasansor.com\/en\/wp-json\/wp\/v2\/types\/page"}],"author":[{"embeddable":true,"href":"https:\/\/www.nurasansor.com\/en\/wp-json\/wp\/v2\/users\/1"}],"replies":[{"embeddable":true,"href":"https:\/\/www.nurasansor.com\/en\/wp-json\/wp\/v2\/comments?post=721"}],"version-history":[{"count":0,"href":"https:\/\/www.nurasansor.com\/en\/wp-json\/wp\/v2\/pages\/721\/revisions"}],"up":[{"embeddable":true,"href":"https:\/\/www.nurasansor.com\/en\/wp-json\/wp\/v2\/pages\/724"}],"wp:attachment":[{"href":"https:\/\/www.nurasansor.com\/en\/wp-json\/wp\/v2\/media?parent=721"}],"curies":[{"name":"wp","href":"https:\/\/api.w.org\/{rel}","templated":true}]}}