{"id":719,"date":"2023-11-24T14:11:09","date_gmt":"2023-11-24T11:11:09","guid":{"rendered":"https:\/\/www.nurasansor.com\/?page_id=719"},"modified":"2023-12-01T17:47:36","modified_gmt":"2023-12-01T14:47:36","slug":"our-certificates","status":"publish","type":"page","link":"https:\/\/www.nurasansor.com\/en\/information\/our-certificates\/","title":{"rendered":"Our Certificates"},"content":{"rendered":"<p>As NUR ASANSOR A.S. , we pay great attention to safety and safety test centres that are among the major subjects we have given importance to so far. In this way, we adhere to inspections and rules many times, so our quality is constantly increasing.<\/p>\n<p>While experiencing the greatest advantages of being a manufacturer owning a factory, we work with great devotion for every NUR ASANSOR Product that reaches you.<\/p>\n","protected":false},"excerpt":{"rendered":"<p>As NUR ASANSOR A.S. , we pay great attention to safety and safety test centres that are among the major subjects we have given importance to so far. In this way, we adhere to inspections and rules many times, so our quality is constantly increasing. While experiencing the greatest advantages of being a manufacturer owning [&hellip;]<\/p>\n","protected":false},"author":1,"featured_media":0,"parent":724,"menu_order":0,"comment_status":"closed","ping_status":"closed","template":"","meta":{"inline_featured_image":false,"footnotes":""},"class_list":["post-719","page","type-page","status-publish","hentry"],"yoast_head":"<!-- This site is optimized with the Yoast SEO plugin v27.5 - https:\/\/yoast.com\/product\/yoast-seo-wordpress\/ -->\n<title>Our Certificates - Nur Asans\u00f6r Engelli Asans\u00f6r\u00fc<\/title>\n<meta name=\"robots\" content=\"index, follow, max-snippet:-1, max-image-preview:large, max-video-preview:-1\" \/>\n<link rel=\"canonical\" href=\"https:\/\/www.nurasansor.com\/en\/information\/our-certificates\/\" \/>\n<meta property=\"og:locale\" content=\"en_US\" \/>\n<meta property=\"og:type\" content=\"article\" \/>\n<meta property=\"og:title\" content=\"Our Certificates - Nur Asans\u00f6r Engelli Asans\u00f6r\u00fc\" \/>\n<meta property=\"og:description\" content=\"As NUR ASANSOR A.S. , we pay great attention to safety and safety test centres that are among the major subjects we have given importance to so far. In this way, we adhere to inspections and rules many times, so our quality is constantly increasing. While experiencing the greatest advantages of being a manufacturer owning [&hellip;]\" \/>\n<meta property=\"og:url\" content=\"https:\/\/www.nurasansor.com\/en\/information\/our-certificates\/\" \/>\n<meta property=\"og:site_name\" content=\"Nur Asans\u00f6r Engelli Asans\u00f6r\u00fc\" \/>\n<meta property=\"article:modified_time\" content=\"2023-12-01T14:47:36+00:00\" \/>\n<meta name=\"twitter:card\" content=\"summary_large_image\" \/>\n<script type=\"application\/ld+json\" class=\"yoast-schema-graph\">{\"@context\":\"https:\\\/\\\/schema.org\",\"@graph\":[{\"@type\":\"WebPage\",\"@id\":\"https:\\\/\\\/www.nurasansor.com\\\/en\\\/information\\\/our-certificates\\\/\",\"url\":\"https:\\\/\\\/www.nurasansor.com\\\/en\\\/information\\\/our-certificates\\\/\",\"name\":\"Our Certificates - Nur Asans\u00f6r Engelli Asans\u00f6r\u00fc\",\"isPartOf\":{\"@id\":\"https:\\\/\\\/www.nurasansor.com\\\/en\\\/#website\"},\"datePublished\":\"2023-11-24T11:11:09+00:00\",\"dateModified\":\"2023-12-01T14:47:36+00:00\",\"breadcrumb\":{\"@id\":\"https:\\\/\\\/www.nurasansor.com\\\/en\\\/information\\\/our-certificates\\\/#breadcrumb\"},\"inLanguage\":\"en-US\",\"potentialAction\":[{\"@type\":\"ReadAction\",\"target\":[\"https:\\\/\\\/www.nurasansor.com\\\/en\\\/information\\\/our-certificates\\\/\"]}]},{\"@type\":\"BreadcrumbList\",\"@id\":\"https:\\\/\\\/www.nurasansor.com\\\/en\\\/information\\\/our-certificates\\\/#breadcrumb\",\"itemListElement\":[{\"@type\":\"ListItem\",\"position\":1,\"name\":\"Anasayfa\",\"item\":\"https:\\\/\\\/www.nurasansor.com\\\/en\\\/\"},{\"@type\":\"ListItem\",\"position\":2,\"name\":\"Information\",\"item\":\"https:\\\/\\\/www.nurasansor.com\\\/en\\\/information\\\/\"},{\"@type\":\"ListItem\",\"position\":3,\"name\":\"Our Certificates\"}]},{\"@type\":\"WebSite\",\"@id\":\"https:\\\/\\\/www.nurasansor.com\\\/en\\\/#website\",\"url\":\"https:\\\/\\\/www.nurasansor.com\\\/en\\\/\",\"name\":\"Nur Asans\u00f6r\",\"description\":\"Engelli Asans\u00f6r\u00fc, Merdiven Asans\u00f6r\u00fc ve Havuz Asans\u00f6r\u00fc Sistemleri\",\"publisher\":{\"@id\":\"https:\\\/\\\/www.nurasansor.com\\\/en\\\/#organization\"},\"potentialAction\":[{\"@type\":\"SearchAction\",\"target\":{\"@type\":\"EntryPoint\",\"urlTemplate\":\"https:\\\/\\\/www.nurasansor.com\\\/en\\\/?s={search_term_string}\"},\"query-input\":{\"@type\":\"PropertyValueSpecification\",\"valueRequired\":true,\"valueName\":\"search_term_string\"}}],\"inLanguage\":\"en-US\"},{\"@type\":\"Organization\",\"@id\":\"https:\\\/\\\/www.nurasansor.com\\\/en\\\/#organization\",\"name\":\"Nur Asans\u00f6r\",\"url\":\"https:\\\/\\\/www.nurasansor.com\\\/en\\\/\",\"logo\":{\"@type\":\"ImageObject\",\"inLanguage\":\"en-US\",\"@id\":\"https:\\\/\\\/www.nurasansor.com\\\/en\\\/#\\\/schema\\\/logo\\\/image\\\/\",\"url\":\"https:\\\/\\\/www.nurasansor.com\\\/wp-content\\\/uploads\\\/2023\\\/11\\\/-1.png\",\"contentUrl\":\"https:\\\/\\\/www.nurasansor.com\\\/wp-content\\\/uploads\\\/2023\\\/11\\\/-1.png\",\"width\":350,\"height\":86,\"caption\":\"Nur Asans\u00f6r\"},\"image\":{\"@id\":\"https:\\\/\\\/www.nurasansor.com\\\/en\\\/#\\\/schema\\\/logo\\\/image\\\/\"},\"sameAs\":[\"https:\\\/\\\/www.linkedin.com\\\/company\\\/nurasansor\\\/\",\"https:\\\/\\\/www.youtube.com\\\/channel\\\/UCTRGEAH1eKPyl-Ctdz8YTIw\"]}]}<\/script>\n<!-- \/ Yoast SEO plugin. -->","yoast_head_json":{"title":"Our Certificates - Nur Asans\u00f6r Engelli Asans\u00f6r\u00fc","robots":{"index":"index","follow":"follow","max-snippet":"max-snippet:-1","max-image-preview":"max-image-preview:large","max-video-preview":"max-video-preview:-1"},"canonical":"https:\/\/www.nurasansor.com\/en\/information\/our-certificates\/","og_locale":"en_US","og_type":"article","og_title":"Our Certificates - Nur Asans\u00f6r Engelli Asans\u00f6r\u00fc","og_description":"As NUR ASANSOR A.S. , we pay great attention to safety and safety test centres that are among the major subjects we have given importance to so far. In this way, we adhere to inspections and rules many times, so our quality is constantly increasing. While experiencing the greatest advantages of being a manufacturer owning [&hellip;]","og_url":"https:\/\/www.nurasansor.com\/en\/information\/our-certificates\/","og_site_name":"Nur Asans\u00f6r Engelli Asans\u00f6r\u00fc","article_modified_time":"2023-12-01T14:47:36+00:00","twitter_card":"summary_large_image","schema":{"@context":"https:\/\/schema.org","@graph":[{"@type":"WebPage","@id":"https:\/\/www.nurasansor.com\/en\/information\/our-certificates\/","url":"https:\/\/www.nurasansor.com\/en\/information\/our-certificates\/","name":"Our Certificates - Nur Asans\u00f6r Engelli Asans\u00f6r\u00fc","isPartOf":{"@id":"https:\/\/www.nurasansor.com\/en\/#website"},"datePublished":"2023-11-24T11:11:09+00:00","dateModified":"2023-12-01T14:47:36+00:00","breadcrumb":{"@id":"https:\/\/www.nurasansor.com\/en\/information\/our-certificates\/#breadcrumb"},"inLanguage":"en-US","potentialAction":[{"@type":"ReadAction","target":["https:\/\/www.nurasansor.com\/en\/information\/our-certificates\/"]}]},{"@type":"BreadcrumbList","@id":"https:\/\/www.nurasansor.com\/en\/information\/our-certificates\/#breadcrumb","itemListElement":[{"@type":"ListItem","position":1,"name":"Anasayfa","item":"https:\/\/www.nurasansor.com\/en\/"},{"@type":"ListItem","position":2,"name":"Information","item":"https:\/\/www.nurasansor.com\/en\/information\/"},{"@type":"ListItem","position":3,"name":"Our Certificates"}]},{"@type":"WebSite","@id":"https:\/\/www.nurasansor.com\/en\/#website","url":"https:\/\/www.nurasansor.com\/en\/","name":"Nur Asans\u00f6r","description":"Engelli Asans\u00f6r\u00fc, Merdiven Asans\u00f6r\u00fc ve Havuz Asans\u00f6r\u00fc Sistemleri","publisher":{"@id":"https:\/\/www.nurasansor.com\/en\/#organization"},"potentialAction":[{"@type":"SearchAction","target":{"@type":"EntryPoint","urlTemplate":"https:\/\/www.nurasansor.com\/en\/?s={search_term_string}"},"query-input":{"@type":"PropertyValueSpecification","valueRequired":true,"valueName":"search_term_string"}}],"inLanguage":"en-US"},{"@type":"Organization","@id":"https:\/\/www.nurasansor.com\/en\/#organization","name":"Nur Asans\u00f6r","url":"https:\/\/www.nurasansor.com\/en\/","logo":{"@type":"ImageObject","inLanguage":"en-US","@id":"https:\/\/www.nurasansor.com\/en\/#\/schema\/logo\/image\/","url":"https:\/\/www.nurasansor.com\/wp-content\/uploads\/2023\/11\/-1.png","contentUrl":"https:\/\/www.nurasansor.com\/wp-content\/uploads\/2023\/11\/-1.png","width":350,"height":86,"caption":"Nur Asans\u00f6r"},"image":{"@id":"https:\/\/www.nurasansor.com\/en\/#\/schema\/logo\/image\/"},"sameAs":["https:\/\/www.linkedin.com\/company\/nurasansor\/","https:\/\/www.youtube.com\/channel\/UCTRGEAH1eKPyl-Ctdz8YTIw"]}]}},"_links":{"self":[{"href":"https:\/\/www.nurasansor.com\/en\/wp-json\/wp\/v2\/pages\/719","targetHints":{"allow":["GET"]}}],"collection":[{"href":"https:\/\/www.nurasansor.com\/en\/wp-json\/wp\/v2\/pages"}],"about":[{"href":"https:\/\/www.nurasansor.com\/en\/wp-json\/wp\/v2\/types\/page"}],"author":[{"embeddable":true,"href":"https:\/\/www.nurasansor.com\/en\/wp-json\/wp\/v2\/users\/1"}],"replies":[{"embeddable":true,"href":"https:\/\/www.nurasansor.com\/en\/wp-json\/wp\/v2\/comments?post=719"}],"version-history":[{"count":0,"href":"https:\/\/www.nurasansor.com\/en\/wp-json\/wp\/v2\/pages\/719\/revisions"}],"up":[{"embeddable":true,"href":"https:\/\/www.nurasansor.com\/en\/wp-json\/wp\/v2\/pages\/724"}],"wp:attachment":[{"href":"https:\/\/www.nurasansor.com\/en\/wp-json\/wp\/v2\/media?parent=719"}],"curies":[{"name":"wp","href":"https:\/\/api.w.org\/{rel}","templated":true}]}}