{"id":717,"date":"2023-11-24T14:10:31","date_gmt":"2023-11-24T11:10:31","guid":{"rendered":"https:\/\/www.nurasansor.com\/?page_id=717"},"modified":"2023-12-01T17:46:48","modified_gmt":"2023-12-01T14:46:48","slug":"quality-and-testing","status":"publish","type":"page","link":"https:\/\/www.nurasansor.com\/en\/information\/quality-and-testing\/","title":{"rendered":"Quality and Testing"},"content":{"rendered":"<p><strong>The quality of the stair lift!<\/strong><\/p>\n<p>As NUR ASANSOR A.S. , we are dedicated disabled lift specialists. We don&#8217;t just sell stair lifts, we manufacture them in our own factories, so we can guarantee that the products we sell and install are of the highest quality. You can find more information about our stair lift quality below:<\/p>\n<p><strong>Passed Tests by Independent Firms!<\/strong><\/p>\n<p>All of our existing stairlifts have all been independently tested and certified to comply with the latest standards for stairlifts. You are welcome to visit our factory to see our certificates.<\/p>\n<ul>\n<li>EN 81- 40:2008 &#8211; MASHA European Safety Standards<\/li>\n<li>EN 81- 41:2013 &#8211; ND1 Safety and quality<\/li>\n<li>EN ISO 12100:2010 Safety certificates<\/li>\n<li>ISO 9386- 2:2000 &#8211; Worldwide Standard for Stair Lifts<\/li>\n<li>ISO 9386-2 Platform stair lift quality certificate<\/li>\n<\/ul>\n<p><strong>Quality assurance!<\/strong><\/p>\n<p>Nothing leaves our factories until it has been fully checked and tested. For example, each Stair Lift is checked by a quality assurance team of 4 people for 2 days. It is subjected to test drives. On top of that, our assembly engineers work through a strict checklist as part of the assembly process.<\/p>\n<p><strong>Absolutely the best!<\/strong><\/p>\n<p>Simply put, we are really proud to manufacture and supply what we firmly believe to be the best stair lifts in the world.<\/p>\n","protected":false},"excerpt":{"rendered":"<p>The quality of the stair lift! As NUR ASANSOR A.S. , we are dedicated disabled lift specialists. We don&#8217;t just sell stair lifts, we manufacture them in our own factories, so we can guarantee that the products we sell and install are of the highest quality. You can find more information about our stair lift [&hellip;]<\/p>\n","protected":false},"author":1,"featured_media":0,"parent":724,"menu_order":0,"comment_status":"closed","ping_status":"closed","template":"","meta":{"inline_featured_image":false,"footnotes":""},"class_list":["post-717","page","type-page","status-publish","hentry"],"yoast_head":"<!-- This site is optimized with the Yoast SEO plugin v27.5 - https:\/\/yoast.com\/product\/yoast-seo-wordpress\/ -->\n<title>Quality and Testing - Nur Asans\u00f6r Engelli Asans\u00f6r\u00fc<\/title>\n<meta name=\"robots\" content=\"index, follow, max-snippet:-1, max-image-preview:large, max-video-preview:-1\" \/>\n<link rel=\"canonical\" href=\"https:\/\/www.nurasansor.com\/en\/information\/quality-and-testing\/\" \/>\n<meta property=\"og:locale\" content=\"en_US\" \/>\n<meta property=\"og:type\" content=\"article\" \/>\n<meta property=\"og:title\" content=\"Quality and Testing - Nur Asans\u00f6r Engelli Asans\u00f6r\u00fc\" \/>\n<meta property=\"og:description\" content=\"The quality of the stair lift! As NUR ASANSOR A.S. , we are dedicated disabled lift specialists. We don&#8217;t just sell stair lifts, we manufacture them in our own factories, so we can guarantee that the products we sell and install are of the highest quality. You can find more information about our stair lift [&hellip;]\" \/>\n<meta property=\"og:url\" content=\"https:\/\/www.nurasansor.com\/en\/information\/quality-and-testing\/\" \/>\n<meta property=\"og:site_name\" content=\"Nur Asans\u00f6r Engelli Asans\u00f6r\u00fc\" \/>\n<meta property=\"article:modified_time\" content=\"2023-12-01T14:46:48+00:00\" \/>\n<meta name=\"twitter:card\" content=\"summary_large_image\" \/>\n<meta name=\"twitter:label1\" content=\"Est. reading time\" \/>\n\t<meta name=\"twitter:data1\" content=\"1 minute\" \/>\n<script type=\"application\/ld+json\" class=\"yoast-schema-graph\">{\"@context\":\"https:\\\/\\\/schema.org\",\"@graph\":[{\"@type\":\"WebPage\",\"@id\":\"https:\\\/\\\/www.nurasansor.com\\\/en\\\/information\\\/quality-and-testing\\\/\",\"url\":\"https:\\\/\\\/www.nurasansor.com\\\/en\\\/information\\\/quality-and-testing\\\/\",\"name\":\"Quality and Testing - Nur Asans\u00f6r Engelli Asans\u00f6r\u00fc\",\"isPartOf\":{\"@id\":\"https:\\\/\\\/www.nurasansor.com\\\/en\\\/#website\"},\"datePublished\":\"2023-11-24T11:10:31+00:00\",\"dateModified\":\"2023-12-01T14:46:48+00:00\",\"breadcrumb\":{\"@id\":\"https:\\\/\\\/www.nurasansor.com\\\/en\\\/information\\\/quality-and-testing\\\/#breadcrumb\"},\"inLanguage\":\"en-US\",\"potentialAction\":[{\"@type\":\"ReadAction\",\"target\":[\"https:\\\/\\\/www.nurasansor.com\\\/en\\\/information\\\/quality-and-testing\\\/\"]}]},{\"@type\":\"BreadcrumbList\",\"@id\":\"https:\\\/\\\/www.nurasansor.com\\\/en\\\/information\\\/quality-and-testing\\\/#breadcrumb\",\"itemListElement\":[{\"@type\":\"ListItem\",\"position\":1,\"name\":\"Anasayfa\",\"item\":\"https:\\\/\\\/www.nurasansor.com\\\/en\\\/\"},{\"@type\":\"ListItem\",\"position\":2,\"name\":\"Information\",\"item\":\"https:\\\/\\\/www.nurasansor.com\\\/en\\\/information\\\/\"},{\"@type\":\"ListItem\",\"position\":3,\"name\":\"Quality and Testing\"}]},{\"@type\":\"WebSite\",\"@id\":\"https:\\\/\\\/www.nurasansor.com\\\/en\\\/#website\",\"url\":\"https:\\\/\\\/www.nurasansor.com\\\/en\\\/\",\"name\":\"Nur Asans\u00f6r\",\"description\":\"Engelli Asans\u00f6r\u00fc, Merdiven Asans\u00f6r\u00fc ve Havuz Asans\u00f6r\u00fc Sistemleri\",\"publisher\":{\"@id\":\"https:\\\/\\\/www.nurasansor.com\\\/en\\\/#organization\"},\"potentialAction\":[{\"@type\":\"SearchAction\",\"target\":{\"@type\":\"EntryPoint\",\"urlTemplate\":\"https:\\\/\\\/www.nurasansor.com\\\/en\\\/?s={search_term_string}\"},\"query-input\":{\"@type\":\"PropertyValueSpecification\",\"valueRequired\":true,\"valueName\":\"search_term_string\"}}],\"inLanguage\":\"en-US\"},{\"@type\":\"Organization\",\"@id\":\"https:\\\/\\\/www.nurasansor.com\\\/en\\\/#organization\",\"name\":\"Nur Asans\u00f6r\",\"url\":\"https:\\\/\\\/www.nurasansor.com\\\/en\\\/\",\"logo\":{\"@type\":\"ImageObject\",\"inLanguage\":\"en-US\",\"@id\":\"https:\\\/\\\/www.nurasansor.com\\\/en\\\/#\\\/schema\\\/logo\\\/image\\\/\",\"url\":\"https:\\\/\\\/www.nurasansor.com\\\/wp-content\\\/uploads\\\/2023\\\/11\\\/-1.png\",\"contentUrl\":\"https:\\\/\\\/www.nurasansor.com\\\/wp-content\\\/uploads\\\/2023\\\/11\\\/-1.png\",\"width\":350,\"height\":86,\"caption\":\"Nur Asans\u00f6r\"},\"image\":{\"@id\":\"https:\\\/\\\/www.nurasansor.com\\\/en\\\/#\\\/schema\\\/logo\\\/image\\\/\"},\"sameAs\":[\"https:\\\/\\\/www.linkedin.com\\\/company\\\/nurasansor\\\/\",\"https:\\\/\\\/www.youtube.com\\\/channel\\\/UCTRGEAH1eKPyl-Ctdz8YTIw\"]}]}<\/script>\n<!-- \/ Yoast SEO plugin. -->","yoast_head_json":{"title":"Quality and Testing - Nur Asans\u00f6r Engelli Asans\u00f6r\u00fc","robots":{"index":"index","follow":"follow","max-snippet":"max-snippet:-1","max-image-preview":"max-image-preview:large","max-video-preview":"max-video-preview:-1"},"canonical":"https:\/\/www.nurasansor.com\/en\/information\/quality-and-testing\/","og_locale":"en_US","og_type":"article","og_title":"Quality and Testing - Nur Asans\u00f6r Engelli Asans\u00f6r\u00fc","og_description":"The quality of the stair lift! As NUR ASANSOR A.S. , we are dedicated disabled lift specialists. We don&#8217;t just sell stair lifts, we manufacture them in our own factories, so we can guarantee that the products we sell and install are of the highest quality. You can find more information about our stair lift [&hellip;]","og_url":"https:\/\/www.nurasansor.com\/en\/information\/quality-and-testing\/","og_site_name":"Nur Asans\u00f6r Engelli Asans\u00f6r\u00fc","article_modified_time":"2023-12-01T14:46:48+00:00","twitter_card":"summary_large_image","twitter_misc":{"Est. reading time":"1 minute"},"schema":{"@context":"https:\/\/schema.org","@graph":[{"@type":"WebPage","@id":"https:\/\/www.nurasansor.com\/en\/information\/quality-and-testing\/","url":"https:\/\/www.nurasansor.com\/en\/information\/quality-and-testing\/","name":"Quality and Testing - Nur Asans\u00f6r Engelli Asans\u00f6r\u00fc","isPartOf":{"@id":"https:\/\/www.nurasansor.com\/en\/#website"},"datePublished":"2023-11-24T11:10:31+00:00","dateModified":"2023-12-01T14:46:48+00:00","breadcrumb":{"@id":"https:\/\/www.nurasansor.com\/en\/information\/quality-and-testing\/#breadcrumb"},"inLanguage":"en-US","potentialAction":[{"@type":"ReadAction","target":["https:\/\/www.nurasansor.com\/en\/information\/quality-and-testing\/"]}]},{"@type":"BreadcrumbList","@id":"https:\/\/www.nurasansor.com\/en\/information\/quality-and-testing\/#breadcrumb","itemListElement":[{"@type":"ListItem","position":1,"name":"Anasayfa","item":"https:\/\/www.nurasansor.com\/en\/"},{"@type":"ListItem","position":2,"name":"Information","item":"https:\/\/www.nurasansor.com\/en\/information\/"},{"@type":"ListItem","position":3,"name":"Quality and Testing"}]},{"@type":"WebSite","@id":"https:\/\/www.nurasansor.com\/en\/#website","url":"https:\/\/www.nurasansor.com\/en\/","name":"Nur Asans\u00f6r","description":"Engelli Asans\u00f6r\u00fc, Merdiven Asans\u00f6r\u00fc ve Havuz Asans\u00f6r\u00fc Sistemleri","publisher":{"@id":"https:\/\/www.nurasansor.com\/en\/#organization"},"potentialAction":[{"@type":"SearchAction","target":{"@type":"EntryPoint","urlTemplate":"https:\/\/www.nurasansor.com\/en\/?s={search_term_string}"},"query-input":{"@type":"PropertyValueSpecification","valueRequired":true,"valueName":"search_term_string"}}],"inLanguage":"en-US"},{"@type":"Organization","@id":"https:\/\/www.nurasansor.com\/en\/#organization","name":"Nur Asans\u00f6r","url":"https:\/\/www.nurasansor.com\/en\/","logo":{"@type":"ImageObject","inLanguage":"en-US","@id":"https:\/\/www.nurasansor.com\/en\/#\/schema\/logo\/image\/","url":"https:\/\/www.nurasansor.com\/wp-content\/uploads\/2023\/11\/-1.png","contentUrl":"https:\/\/www.nurasansor.com\/wp-content\/uploads\/2023\/11\/-1.png","width":350,"height":86,"caption":"Nur Asans\u00f6r"},"image":{"@id":"https:\/\/www.nurasansor.com\/en\/#\/schema\/logo\/image\/"},"sameAs":["https:\/\/www.linkedin.com\/company\/nurasansor\/","https:\/\/www.youtube.com\/channel\/UCTRGEAH1eKPyl-Ctdz8YTIw"]}]}},"_links":{"self":[{"href":"https:\/\/www.nurasansor.com\/en\/wp-json\/wp\/v2\/pages\/717","targetHints":{"allow":["GET"]}}],"collection":[{"href":"https:\/\/www.nurasansor.com\/en\/wp-json\/wp\/v2\/pages"}],"about":[{"href":"https:\/\/www.nurasansor.com\/en\/wp-json\/wp\/v2\/types\/page"}],"author":[{"embeddable":true,"href":"https:\/\/www.nurasansor.com\/en\/wp-json\/wp\/v2\/users\/1"}],"replies":[{"embeddable":true,"href":"https:\/\/www.nurasansor.com\/en\/wp-json\/wp\/v2\/comments?post=717"}],"version-history":[{"count":0,"href":"https:\/\/www.nurasansor.com\/en\/wp-json\/wp\/v2\/pages\/717\/revisions"}],"up":[{"embeddable":true,"href":"https:\/\/www.nurasansor.com\/en\/wp-json\/wp\/v2\/pages\/724"}],"wp:attachment":[{"href":"https:\/\/www.nurasansor.com\/en\/wp-json\/wp\/v2\/media?parent=717"}],"curies":[{"name":"wp","href":"https:\/\/api.w.org\/{rel}","templated":true}]}}