{"id":708,"date":"2023-11-22T11:49:13","date_gmt":"2023-11-22T08:49:13","guid":{"rendered":"https:\/\/www.nurasansor.com\/?page_id=708"},"modified":"2026-01-16T18:56:43","modified_gmt":"2026-01-16T15:56:43","slug":"masha","status":"publish","type":"page","link":"https:\/\/www.nurasansor.com\/en\/products\/masha\/","title":{"rendered":"Masha"},"content":{"rendered":"<p><strong>Masha Platform Lift<\/strong><\/p>\n<p><strong>A simple and practical solution for straight stairs. We eliminate obstacles.<\/strong><\/p>\n<p>Masha platform lift is a great solution for both indoor and outdoor areas.It perfectly adapts to the stairs and brings convenience and technology together with its driving mode with Turkish and English menu options. With its slim and durable structure, brake mechanism and adjustable driving modes, you can slide up and down the stairs effortlessly.<\/p>\n<p>Masha platform lift, which has been continuously developed and improved for many years, brings many innovations and features. Attributes such as adjustable driving and arm speeds, adjustable language option, automatic shutdown and return to factory settings are waiting for you. You can also request free discovery by contacting us <strong>here<\/strong>.<\/p>\n<p><strong>Why is the Masha Stair Lift different from the others?<\/strong><\/p>\n<p>It is one of the thinnest stair platforms on the market. It shows full compatibility with your architectural structures. Fast placement thanks to its simple installation. Different colours, sizes and customisations can be made. It can work up to 34 \u00b0 inclination with full capacity. Thanks to its ingenious Masha platform Lift battery-powered design, it works even without electricity. This is why you should prefer Masha.<\/p>\n","protected":false},"excerpt":{"rendered":"<p>Masha Platform Lift A simple and practical solution for straight stairs. We eliminate obstacles. Masha platform lift is a great solution for both indoor and outdoor areas.It perfectly adapts to the stairs and brings convenience and technology together with its driving mode with Turkish and English menu options. With its slim and durable structure, brake [&hellip;]<\/p>\n","protected":false},"author":1,"featured_media":325,"parent":706,"menu_order":1,"comment_status":"closed","ping_status":"closed","template":"page-productdetail.php","meta":{"inline_featured_image":false,"footnotes":""},"class_list":["post-708","page","type-page","status-publish","has-post-thumbnail","hentry"],"yoast_head":"<!-- This site is optimized with the Yoast SEO plugin v27.5 - https:\/\/yoast.com\/product\/yoast-seo-wordpress\/ -->\n<title>Masha - Nur Asans\u00f6r Engelli Asans\u00f6r\u00fc<\/title>\n<meta name=\"robots\" content=\"index, follow, max-snippet:-1, max-image-preview:large, max-video-preview:-1\" \/>\n<link rel=\"canonical\" href=\"https:\/\/www.nurasansor.com\/en\/products\/masha\/\" \/>\n<meta property=\"og:locale\" content=\"en_US\" \/>\n<meta property=\"og:type\" content=\"article\" \/>\n<meta property=\"og:title\" content=\"Masha - Nur Asans\u00f6r Engelli Asans\u00f6r\u00fc\" \/>\n<meta property=\"og:description\" content=\"Masha Platform Lift A simple and practical solution for straight stairs. We eliminate obstacles. Masha platform lift is a great solution for both indoor and outdoor areas.It perfectly adapts to the stairs and brings convenience and technology together with its driving mode with Turkish and English menu options. With its slim and durable structure, brake [&hellip;]\" \/>\n<meta property=\"og:url\" content=\"https:\/\/www.nurasansor.com\/en\/products\/masha\/\" \/>\n<meta property=\"og:site_name\" content=\"Nur Asans\u00f6r Engelli Asans\u00f6r\u00fc\" \/>\n<meta property=\"article:modified_time\" content=\"2026-01-16T15:56:43+00:00\" \/>\n<meta property=\"og:image\" content=\"https:\/\/www.nurasansor.com\/wp-content\/uploads\/2023\/11\/masha-13.jpg\" \/>\n\t<meta property=\"og:image:width\" content=\"1200\" \/>\n\t<meta property=\"og:image:height\" content=\"833\" \/>\n\t<meta property=\"og:image:type\" content=\"image\/jpeg\" \/>\n<meta name=\"twitter:card\" content=\"summary_large_image\" \/>\n<meta name=\"twitter:label1\" content=\"Est. reading time\" \/>\n\t<meta name=\"twitter:data1\" content=\"2 minutes\" \/>\n<script type=\"application\/ld+json\" class=\"yoast-schema-graph\">{\"@context\":\"https:\\\/\\\/schema.org\",\"@graph\":[{\"@type\":\"WebPage\",\"@id\":\"https:\\\/\\\/www.nurasansor.com\\\/en\\\/products\\\/masha\\\/\",\"url\":\"https:\\\/\\\/www.nurasansor.com\\\/en\\\/products\\\/masha\\\/\",\"name\":\"Masha - Nur Asans\u00f6r Engelli Asans\u00f6r\u00fc\",\"isPartOf\":{\"@id\":\"https:\\\/\\\/www.nurasansor.com\\\/en\\\/#website\"},\"primaryImageOfPage\":{\"@id\":\"https:\\\/\\\/www.nurasansor.com\\\/en\\\/products\\\/masha\\\/#primaryimage\"},\"image\":{\"@id\":\"https:\\\/\\\/www.nurasansor.com\\\/en\\\/products\\\/masha\\\/#primaryimage\"},\"thumbnailUrl\":\"https:\\\/\\\/www.nurasansor.com\\\/wp-content\\\/uploads\\\/2023\\\/11\\\/masha-13.jpg\",\"datePublished\":\"2023-11-22T08:49:13+00:00\",\"dateModified\":\"2026-01-16T15:56:43+00:00\",\"breadcrumb\":{\"@id\":\"https:\\\/\\\/www.nurasansor.com\\\/en\\\/products\\\/masha\\\/#breadcrumb\"},\"inLanguage\":\"en-US\",\"potentialAction\":[{\"@type\":\"ReadAction\",\"target\":[\"https:\\\/\\\/www.nurasansor.com\\\/en\\\/products\\\/masha\\\/\"]}]},{\"@type\":\"ImageObject\",\"inLanguage\":\"en-US\",\"@id\":\"https:\\\/\\\/www.nurasansor.com\\\/en\\\/products\\\/masha\\\/#primaryimage\",\"url\":\"https:\\\/\\\/www.nurasansor.com\\\/wp-content\\\/uploads\\\/2023\\\/11\\\/masha-13.jpg\",\"contentUrl\":\"https:\\\/\\\/www.nurasansor.com\\\/wp-content\\\/uploads\\\/2023\\\/11\\\/masha-13.jpg\",\"width\":1200,\"height\":833,\"caption\":\"Merdiven Asans\u00f6r\u00fc\"},{\"@type\":\"BreadcrumbList\",\"@id\":\"https:\\\/\\\/www.nurasansor.com\\\/en\\\/products\\\/masha\\\/#breadcrumb\",\"itemListElement\":[{\"@type\":\"ListItem\",\"position\":1,\"name\":\"Anasayfa\",\"item\":\"https:\\\/\\\/www.nurasansor.com\\\/en\\\/\"},{\"@type\":\"ListItem\",\"position\":2,\"name\":\"Products\",\"item\":\"https:\\\/\\\/www.nurasansor.com\\\/en\\\/products\\\/\"},{\"@type\":\"ListItem\",\"position\":3,\"name\":\"Masha\"}]},{\"@type\":\"WebSite\",\"@id\":\"https:\\\/\\\/www.nurasansor.com\\\/en\\\/#website\",\"url\":\"https:\\\/\\\/www.nurasansor.com\\\/en\\\/\",\"name\":\"Nur Asans\u00f6r\",\"description\":\"Engelli Asans\u00f6r\u00fc, Merdiven Asans\u00f6r\u00fc ve Havuz Asans\u00f6r\u00fc Sistemleri\",\"publisher\":{\"@id\":\"https:\\\/\\\/www.nurasansor.com\\\/en\\\/#organization\"},\"potentialAction\":[{\"@type\":\"SearchAction\",\"target\":{\"@type\":\"EntryPoint\",\"urlTemplate\":\"https:\\\/\\\/www.nurasansor.com\\\/en\\\/?s={search_term_string}\"},\"query-input\":{\"@type\":\"PropertyValueSpecification\",\"valueRequired\":true,\"valueName\":\"search_term_string\"}}],\"inLanguage\":\"en-US\"},{\"@type\":\"Organization\",\"@id\":\"https:\\\/\\\/www.nurasansor.com\\\/en\\\/#organization\",\"name\":\"Nur Asans\u00f6r\",\"url\":\"https:\\\/\\\/www.nurasansor.com\\\/en\\\/\",\"logo\":{\"@type\":\"ImageObject\",\"inLanguage\":\"en-US\",\"@id\":\"https:\\\/\\\/www.nurasansor.com\\\/en\\\/#\\\/schema\\\/logo\\\/image\\\/\",\"url\":\"https:\\\/\\\/www.nurasansor.com\\\/wp-content\\\/uploads\\\/2023\\\/11\\\/-1.png\",\"contentUrl\":\"https:\\\/\\\/www.nurasansor.com\\\/wp-content\\\/uploads\\\/2023\\\/11\\\/-1.png\",\"width\":350,\"height\":86,\"caption\":\"Nur Asans\u00f6r\"},\"image\":{\"@id\":\"https:\\\/\\\/www.nurasansor.com\\\/en\\\/#\\\/schema\\\/logo\\\/image\\\/\"},\"sameAs\":[\"https:\\\/\\\/www.linkedin.com\\\/company\\\/nurasansor\\\/\",\"https:\\\/\\\/www.youtube.com\\\/channel\\\/UCTRGEAH1eKPyl-Ctdz8YTIw\"]}]}<\/script>\n<!-- \/ Yoast SEO plugin. -->","yoast_head_json":{"title":"Masha - Nur Asans\u00f6r Engelli Asans\u00f6r\u00fc","robots":{"index":"index","follow":"follow","max-snippet":"max-snippet:-1","max-image-preview":"max-image-preview:large","max-video-preview":"max-video-preview:-1"},"canonical":"https:\/\/www.nurasansor.com\/en\/products\/masha\/","og_locale":"en_US","og_type":"article","og_title":"Masha - Nur Asans\u00f6r Engelli Asans\u00f6r\u00fc","og_description":"Masha Platform Lift A simple and practical solution for straight stairs. We eliminate obstacles. Masha platform lift is a great solution for both indoor and outdoor areas.It perfectly adapts to the stairs and brings convenience and technology together with its driving mode with Turkish and English menu options. With its slim and durable structure, brake [&hellip;]","og_url":"https:\/\/www.nurasansor.com\/en\/products\/masha\/","og_site_name":"Nur Asans\u00f6r Engelli Asans\u00f6r\u00fc","article_modified_time":"2026-01-16T15:56:43+00:00","og_image":[{"width":1200,"height":833,"url":"https:\/\/www.nurasansor.com\/wp-content\/uploads\/2023\/11\/masha-13.jpg","type":"image\/jpeg"}],"twitter_card":"summary_large_image","twitter_misc":{"Est. reading time":"2 minutes"},"schema":{"@context":"https:\/\/schema.org","@graph":[{"@type":"WebPage","@id":"https:\/\/www.nurasansor.com\/en\/products\/masha\/","url":"https:\/\/www.nurasansor.com\/en\/products\/masha\/","name":"Masha - Nur Asans\u00f6r Engelli Asans\u00f6r\u00fc","isPartOf":{"@id":"https:\/\/www.nurasansor.com\/en\/#website"},"primaryImageOfPage":{"@id":"https:\/\/www.nurasansor.com\/en\/products\/masha\/#primaryimage"},"image":{"@id":"https:\/\/www.nurasansor.com\/en\/products\/masha\/#primaryimage"},"thumbnailUrl":"https:\/\/www.nurasansor.com\/wp-content\/uploads\/2023\/11\/masha-13.jpg","datePublished":"2023-11-22T08:49:13+00:00","dateModified":"2026-01-16T15:56:43+00:00","breadcrumb":{"@id":"https:\/\/www.nurasansor.com\/en\/products\/masha\/#breadcrumb"},"inLanguage":"en-US","potentialAction":[{"@type":"ReadAction","target":["https:\/\/www.nurasansor.com\/en\/products\/masha\/"]}]},{"@type":"ImageObject","inLanguage":"en-US","@id":"https:\/\/www.nurasansor.com\/en\/products\/masha\/#primaryimage","url":"https:\/\/www.nurasansor.com\/wp-content\/uploads\/2023\/11\/masha-13.jpg","contentUrl":"https:\/\/www.nurasansor.com\/wp-content\/uploads\/2023\/11\/masha-13.jpg","width":1200,"height":833,"caption":"Merdiven Asans\u00f6r\u00fc"},{"@type":"BreadcrumbList","@id":"https:\/\/www.nurasansor.com\/en\/products\/masha\/#breadcrumb","itemListElement":[{"@type":"ListItem","position":1,"name":"Anasayfa","item":"https:\/\/www.nurasansor.com\/en\/"},{"@type":"ListItem","position":2,"name":"Products","item":"https:\/\/www.nurasansor.com\/en\/products\/"},{"@type":"ListItem","position":3,"name":"Masha"}]},{"@type":"WebSite","@id":"https:\/\/www.nurasansor.com\/en\/#website","url":"https:\/\/www.nurasansor.com\/en\/","name":"Nur Asans\u00f6r","description":"Engelli Asans\u00f6r\u00fc, Merdiven Asans\u00f6r\u00fc ve Havuz Asans\u00f6r\u00fc Sistemleri","publisher":{"@id":"https:\/\/www.nurasansor.com\/en\/#organization"},"potentialAction":[{"@type":"SearchAction","target":{"@type":"EntryPoint","urlTemplate":"https:\/\/www.nurasansor.com\/en\/?s={search_term_string}"},"query-input":{"@type":"PropertyValueSpecification","valueRequired":true,"valueName":"search_term_string"}}],"inLanguage":"en-US"},{"@type":"Organization","@id":"https:\/\/www.nurasansor.com\/en\/#organization","name":"Nur Asans\u00f6r","url":"https:\/\/www.nurasansor.com\/en\/","logo":{"@type":"ImageObject","inLanguage":"en-US","@id":"https:\/\/www.nurasansor.com\/en\/#\/schema\/logo\/image\/","url":"https:\/\/www.nurasansor.com\/wp-content\/uploads\/2023\/11\/-1.png","contentUrl":"https:\/\/www.nurasansor.com\/wp-content\/uploads\/2023\/11\/-1.png","width":350,"height":86,"caption":"Nur Asans\u00f6r"},"image":{"@id":"https:\/\/www.nurasansor.com\/en\/#\/schema\/logo\/image\/"},"sameAs":["https:\/\/www.linkedin.com\/company\/nurasansor\/","https:\/\/www.youtube.com\/channel\/UCTRGEAH1eKPyl-Ctdz8YTIw"]}]}},"_links":{"self":[{"href":"https:\/\/www.nurasansor.com\/en\/wp-json\/wp\/v2\/pages\/708","targetHints":{"allow":["GET"]}}],"collection":[{"href":"https:\/\/www.nurasansor.com\/en\/wp-json\/wp\/v2\/pages"}],"about":[{"href":"https:\/\/www.nurasansor.com\/en\/wp-json\/wp\/v2\/types\/page"}],"author":[{"embeddable":true,"href":"https:\/\/www.nurasansor.com\/en\/wp-json\/wp\/v2\/users\/1"}],"replies":[{"embeddable":true,"href":"https:\/\/www.nurasansor.com\/en\/wp-json\/wp\/v2\/comments?post=708"}],"version-history":[{"count":13,"href":"https:\/\/www.nurasansor.com\/en\/wp-json\/wp\/v2\/pages\/708\/revisions"}],"predecessor-version":[{"id":1440,"href":"https:\/\/www.nurasansor.com\/en\/wp-json\/wp\/v2\/pages\/708\/revisions\/1440"}],"up":[{"embeddable":true,"href":"https:\/\/www.nurasansor.com\/en\/wp-json\/wp\/v2\/pages\/706"}],"wp:featuredmedia":[{"embeddable":true,"href":"https:\/\/www.nurasansor.com\/en\/wp-json\/wp\/v2\/media\/325"}],"wp:attachment":[{"href":"https:\/\/www.nurasansor.com\/en\/wp-json\/wp\/v2\/media?parent=708"}],"curies":[{"name":"wp","href":"https:\/\/api.w.org\/{rel}","templated":true}]}}