{"id":702,"date":"2023-11-15T21:17:18","date_gmt":"2023-11-15T18:17:18","guid":{"rendered":"https:\/\/www.nurasansor.com\/?page_id=702"},"modified":"2023-12-01T17:33:50","modified_gmt":"2023-12-01T14:33:50","slug":"frequently-asked-questions","status":"publish","type":"page","link":"https:\/\/www.nurasansor.com\/en\/frequently-asked-questions\/","title":{"rendered":"Frequently Asked Questions"},"content":{"rendered":"<p>As Nur Asansor A.S, we would like to help you for all the questions you have. You can call us from our phone number below.<\/p>\n","protected":false},"excerpt":{"rendered":"<p>As Nur Asansor A.S, we would like to help you for all the questions you have. You can call us from our phone number below.<\/p>\n","protected":false},"author":1,"featured_media":0,"parent":0,"menu_order":0,"comment_status":"closed","ping_status":"closed","template":"page-faq.php","meta":{"inline_featured_image":false,"footnotes":""},"class_list":["post-702","page","type-page","status-publish","hentry"],"yoast_head":"<!-- This site is optimized with the Yoast SEO plugin v26.7 - https:\/\/yoast.com\/wordpress\/plugins\/seo\/ -->\n<title>Frequently Asked Questions - Nur Asans\u00f6r Engelli Asans\u00f6r\u00fc<\/title>\n<meta name=\"robots\" content=\"index, follow, max-snippet:-1, max-image-preview:large, max-video-preview:-1\" \/>\n<link rel=\"canonical\" href=\"https:\/\/www.nurasansor.com\/en\/frequently-asked-questions\/\" \/>\n<meta property=\"og:locale\" content=\"en_US\" \/>\n<meta property=\"og:type\" content=\"article\" \/>\n<meta property=\"og:title\" content=\"Frequently Asked Questions - Nur Asans\u00f6r Engelli Asans\u00f6r\u00fc\" \/>\n<meta property=\"og:description\" content=\"As Nur Asansor A.S, we would like to help you for all the questions you have. You can call us from our phone number below.\" \/>\n<meta property=\"og:url\" content=\"https:\/\/www.nurasansor.com\/en\/frequently-asked-questions\/\" \/>\n<meta property=\"og:site_name\" content=\"Nur Asans\u00f6r Engelli Asans\u00f6r\u00fc\" \/>\n<meta property=\"article:modified_time\" content=\"2023-12-01T14:33:50+00:00\" \/>\n<meta name=\"twitter:card\" content=\"summary_large_image\" \/>\n<script type=\"application\/ld+json\" class=\"yoast-schema-graph\">{\"@context\":\"https:\/\/schema.org\",\"@graph\":[{\"@type\":\"WebPage\",\"@id\":\"https:\/\/www.nurasansor.com\/en\/frequently-asked-questions\/\",\"url\":\"https:\/\/www.nurasansor.com\/en\/frequently-asked-questions\/\",\"name\":\"Frequently Asked Questions - Nur Asans\u00f6r Engelli Asans\u00f6r\u00fc\",\"isPartOf\":{\"@id\":\"https:\/\/www.nurasansor.com\/en\/#website\"},\"datePublished\":\"2023-11-15T18:17:18+00:00\",\"dateModified\":\"2023-12-01T14:33:50+00:00\",\"breadcrumb\":{\"@id\":\"https:\/\/www.nurasansor.com\/en\/frequently-asked-questions\/#breadcrumb\"},\"inLanguage\":\"en-US\",\"potentialAction\":[{\"@type\":\"ReadAction\",\"target\":[\"https:\/\/www.nurasansor.com\/en\/frequently-asked-questions\/\"]}]},{\"@type\":\"BreadcrumbList\",\"@id\":\"https:\/\/www.nurasansor.com\/en\/frequently-asked-questions\/#breadcrumb\",\"itemListElement\":[{\"@type\":\"ListItem\",\"position\":1,\"name\":\"Anasayfa\",\"item\":\"https:\/\/www.nurasansor.com\/en\/\"},{\"@type\":\"ListItem\",\"position\":2,\"name\":\"Frequently Asked Questions\"}]},{\"@type\":\"WebSite\",\"@id\":\"https:\/\/www.nurasansor.com\/en\/#website\",\"url\":\"https:\/\/www.nurasansor.com\/en\/\",\"name\":\"Nur Asans\u00f6r\",\"description\":\"Engelli Asans\u00f6r\u00fc, Merdiven Asans\u00f6r\u00fc ve Havuz Asans\u00f6r\u00fc Sistemleri\",\"publisher\":{\"@id\":\"https:\/\/www.nurasansor.com\/en\/#organization\"},\"potentialAction\":[{\"@type\":\"SearchAction\",\"target\":{\"@type\":\"EntryPoint\",\"urlTemplate\":\"https:\/\/www.nurasansor.com\/en\/?s={search_term_string}\"},\"query-input\":{\"@type\":\"PropertyValueSpecification\",\"valueRequired\":true,\"valueName\":\"search_term_string\"}}],\"inLanguage\":\"en-US\"},{\"@type\":\"Organization\",\"@id\":\"https:\/\/www.nurasansor.com\/en\/#organization\",\"name\":\"Nur Asans\u00f6r\",\"url\":\"https:\/\/www.nurasansor.com\/en\/\",\"logo\":{\"@type\":\"ImageObject\",\"inLanguage\":\"en-US\",\"@id\":\"https:\/\/www.nurasansor.com\/en\/#\/schema\/logo\/image\/\",\"url\":\"https:\/\/www.nurasansor.com\/wp-content\/uploads\/2023\/11\/-1.png\",\"contentUrl\":\"https:\/\/www.nurasansor.com\/wp-content\/uploads\/2023\/11\/-1.png\",\"width\":350,\"height\":86,\"caption\":\"Nur Asans\u00f6r\"},\"image\":{\"@id\":\"https:\/\/www.nurasansor.com\/en\/#\/schema\/logo\/image\/\"},\"sameAs\":[\"https:\/\/www.linkedin.com\/company\/nurasansor\/\",\"https:\/\/www.youtube.com\/channel\/UCTRGEAH1eKPyl-Ctdz8YTIw\"]}]}<\/script>\n<!-- \/ Yoast SEO plugin. -->","yoast_head_json":{"title":"Frequently Asked Questions - Nur Asans\u00f6r Engelli Asans\u00f6r\u00fc","robots":{"index":"index","follow":"follow","max-snippet":"max-snippet:-1","max-image-preview":"max-image-preview:large","max-video-preview":"max-video-preview:-1"},"canonical":"https:\/\/www.nurasansor.com\/en\/frequently-asked-questions\/","og_locale":"en_US","og_type":"article","og_title":"Frequently Asked Questions - Nur Asans\u00f6r Engelli Asans\u00f6r\u00fc","og_description":"As Nur Asansor A.S, we would like to help you for all the questions you have. You can call us from our phone number below.","og_url":"https:\/\/www.nurasansor.com\/en\/frequently-asked-questions\/","og_site_name":"Nur Asans\u00f6r Engelli Asans\u00f6r\u00fc","article_modified_time":"2023-12-01T14:33:50+00:00","twitter_card":"summary_large_image","schema":{"@context":"https:\/\/schema.org","@graph":[{"@type":"WebPage","@id":"https:\/\/www.nurasansor.com\/en\/frequently-asked-questions\/","url":"https:\/\/www.nurasansor.com\/en\/frequently-asked-questions\/","name":"Frequently Asked Questions - Nur Asans\u00f6r Engelli Asans\u00f6r\u00fc","isPartOf":{"@id":"https:\/\/www.nurasansor.com\/en\/#website"},"datePublished":"2023-11-15T18:17:18+00:00","dateModified":"2023-12-01T14:33:50+00:00","breadcrumb":{"@id":"https:\/\/www.nurasansor.com\/en\/frequently-asked-questions\/#breadcrumb"},"inLanguage":"en-US","potentialAction":[{"@type":"ReadAction","target":["https:\/\/www.nurasansor.com\/en\/frequently-asked-questions\/"]}]},{"@type":"BreadcrumbList","@id":"https:\/\/www.nurasansor.com\/en\/frequently-asked-questions\/#breadcrumb","itemListElement":[{"@type":"ListItem","position":1,"name":"Anasayfa","item":"https:\/\/www.nurasansor.com\/en\/"},{"@type":"ListItem","position":2,"name":"Frequently Asked Questions"}]},{"@type":"WebSite","@id":"https:\/\/www.nurasansor.com\/en\/#website","url":"https:\/\/www.nurasansor.com\/en\/","name":"Nur Asans\u00f6r","description":"Engelli Asans\u00f6r\u00fc, Merdiven Asans\u00f6r\u00fc ve Havuz Asans\u00f6r\u00fc Sistemleri","publisher":{"@id":"https:\/\/www.nurasansor.com\/en\/#organization"},"potentialAction":[{"@type":"SearchAction","target":{"@type":"EntryPoint","urlTemplate":"https:\/\/www.nurasansor.com\/en\/?s={search_term_string}"},"query-input":{"@type":"PropertyValueSpecification","valueRequired":true,"valueName":"search_term_string"}}],"inLanguage":"en-US"},{"@type":"Organization","@id":"https:\/\/www.nurasansor.com\/en\/#organization","name":"Nur Asans\u00f6r","url":"https:\/\/www.nurasansor.com\/en\/","logo":{"@type":"ImageObject","inLanguage":"en-US","@id":"https:\/\/www.nurasansor.com\/en\/#\/schema\/logo\/image\/","url":"https:\/\/www.nurasansor.com\/wp-content\/uploads\/2023\/11\/-1.png","contentUrl":"https:\/\/www.nurasansor.com\/wp-content\/uploads\/2023\/11\/-1.png","width":350,"height":86,"caption":"Nur Asans\u00f6r"},"image":{"@id":"https:\/\/www.nurasansor.com\/en\/#\/schema\/logo\/image\/"},"sameAs":["https:\/\/www.linkedin.com\/company\/nurasansor\/","https:\/\/www.youtube.com\/channel\/UCTRGEAH1eKPyl-Ctdz8YTIw"]}]}},"_links":{"self":[{"href":"https:\/\/www.nurasansor.com\/en\/wp-json\/wp\/v2\/pages\/702","targetHints":{"allow":["GET"]}}],"collection":[{"href":"https:\/\/www.nurasansor.com\/en\/wp-json\/wp\/v2\/pages"}],"about":[{"href":"https:\/\/www.nurasansor.com\/en\/wp-json\/wp\/v2\/types\/page"}],"author":[{"embeddable":true,"href":"https:\/\/www.nurasansor.com\/en\/wp-json\/wp\/v2\/users\/1"}],"replies":[{"embeddable":true,"href":"https:\/\/www.nurasansor.com\/en\/wp-json\/wp\/v2\/comments?post=702"}],"version-history":[{"count":0,"href":"https:\/\/www.nurasansor.com\/en\/wp-json\/wp\/v2\/pages\/702\/revisions"}],"wp:attachment":[{"href":"https:\/\/www.nurasansor.com\/en\/wp-json\/wp\/v2\/media?parent=702"}],"curies":[{"name":"wp","href":"https:\/\/api.w.org\/{rel}","templated":true}]}}