{"id":1410,"date":"2025-09-17T12:14:52","date_gmt":"2025-09-17T09:14:52","guid":{"rendered":"https:\/\/www.nurasansor.com\/?page_id=1410"},"modified":"2025-09-17T12:54:11","modified_gmt":"2025-09-17T09:54:11","slug":"masha-disabled-platform-registered-its-quality-with-tuv-certificate","status":"publish","type":"page","link":"https:\/\/www.nurasansor.com\/en\/news\/masha-disabled-platform-registered-its-quality-with-tuv-certificate\/","title":{"rendered":"Masha Disabled Platform Registered Its Quality With T\u00dcV Certificate!"},"content":{"rendered":"<p>Masha Disabled Platform Registered Its Quality With T\u00dcV Certificate<\/p>\n<p>As Nur Asans\u00f6r, we always prioritise the principles of safety, quality and accessibility. Masha disabled platform, which we developed in line with this vision, offers the highest standards for users with its features and reliable structure. Now, this quality has been recognised at the international level with T\u00dcV certification.<\/p>\n<p>What is T\u00dcV Certificate and Why is it Important?<\/p>\n<p>T\u00dcV is an independent inspection and certification organisation based in Germany.<\/p>\n<p>It is among the most respected institutions that inspect safety, quality and standard compliance worldwide.<\/p>\n<p>If a product has T\u00dcV certificate, that product:<\/p>\n<p>It complies with international safety standards,<\/p>\n<p>It has a long-lasting and durable structure,<\/p>\n<p>&nbsp;<\/p>\n<p>It officially certifies that it is a product that users can safely choose.<\/p>\n<p>The fact that Masha has received this certificate shows that our product meets high quality standards not only in Turkey but also in the global market.<\/p>\n<p>Masha&#8217;s Certified Safety Features<\/p>\n<p>Masha disabled platform has a design that prioritises safety in accessibility solutions.<\/p>\n<p>The main features that enabled it to receive T\u00dcV certification:<\/p>\n<p>&nbsp;<\/p>\n<p>1\ufe0f\u20e3 Safety Sensors: Automatic sensors that ensure user and environmental safety during platform movement.<\/p>\n<p>2\ufe0f\u20e3 Emergency Systems: Possibility of manual use in case of power outages.<\/p>\n<p>3\ufe0f\u20e3 Durable Material: Stainless and long-lasting structure suitable for indoor and outdoor use.<\/p>\n<p>4\ufe0f\u20e3 Easy Operation: Design that everyone can use easily with its simple and ergonomic control panel.<\/p>\n<p>5\ufe0f\u20e3 Compliance with International Standards: Production and assembly process in accordance with European norms.<\/p>\n<p>What Does It Mean for Users and Projects?<\/p>\n<p>T\u00dcV certification officially certifies that Masha can be used safely in many places such as hospitals, public buildings, museums, shopping centres and private living spaces.<\/p>\n<p>This way:<\/p>\n<p>Project owners know they are using a product that complies with international standards,<\/p>\n<p>Users experience reliable and convenient access,<\/p>\n<p>Partners gain the advantage of working with a certified product.<\/p>\n<p>Our Goal as Nur Asans\u00f6r<\/p>\n<p>With this important achievement, Nur Asans\u00f6r aims to increase our competitiveness in the global market and strengthen our leading position in accessibility solutions.<\/p>\n<p>Masha&#8217;s T\u00dcV certification is a reflection of our promise of quality and assurance to our customers.<\/p>\n<p>&nbsp;<\/p>\n<p>We will continue to provide innovative and reliable solutions for an accessible world. \u267f<\/p>\n<p>&nbsp;<\/p>\n<p>The T\u00dcV certification of the Masha disabled platform is one of the strongest indicators of the importance Nur Asans\u00f6r attaches to international quality and safety standards.<\/p>\n<p>Offering a safe, comfortable and long-lasting usage experience to every user, Masha is now a registered product worldwide.<\/p>\n<div id='gallery-1' class='image-gallery col-12 nopadding galleryid-1410' data-aos='fade-in' data-aos-delay='300'>\n    <div class='row'><dl class='col col-xl-4 col-lg-4 col-md-4 col-sm-4 col-12 box'>\n            <dt class='img'>\n                <div class='table-cell'>\n                    <a href='https:\/\/www.nurasansor.com\/wp-content\/uploads\/2025\/09\/masha-engelli-platformu-tuv-sertifikasiyla-kalitesini-tescilledi-1.jpg'><img loading=\"lazy\" decoding=\"async\" width=\"150\" height=\"150\" src=\"https:\/\/www.nurasansor.com\/wp-content\/uploads\/2025\/09\/masha-engelli-platformu-tuv-sertifikasiyla-kalitesini-tescilledi-1-150x150.jpg\" class=\"attachment-thumbnail size-thumbnail\" alt=\"\" \/><\/a>\n                <\/div>\n            <\/dt>\n        <\/dl>\n    <\/div>\n<\/div>\n\n","protected":false},"excerpt":{"rendered":"<p>Masha Disabled Platform Registered Its Quality With T\u00dcV Certificate As Nur Asans\u00f6r, we always prioritise the principles of safety, quality and accessibility. Masha disabled platform, which we developed in line with this vision, offers the highest standards for users with its features and reliable structure. Now, this quality has been recognised at the international level [&hellip;]<\/p>\n","protected":false},"author":1,"featured_media":1406,"parent":986,"menu_order":0,"comment_status":"closed","ping_status":"closed","template":"","meta":{"inline_featured_image":false,"footnotes":""},"class_list":["post-1410","page","type-page","status-publish","has-post-thumbnail","hentry"],"yoast_head":"<!-- This site is optimized with the Yoast SEO plugin v27.5 - https:\/\/yoast.com\/product\/yoast-seo-wordpress\/ -->\n<title>Masha Disabled Platform Registered Its Quality With T\u00dcV Certificate! - Nur Asans\u00f6r Engelli Asans\u00f6r\u00fc<\/title>\n<meta name=\"robots\" content=\"index, follow, max-snippet:-1, max-image-preview:large, max-video-preview:-1\" \/>\n<link rel=\"canonical\" href=\"https:\/\/www.nurasansor.com\/en\/news\/masha-disabled-platform-registered-its-quality-with-tuv-certificate\/\" \/>\n<meta property=\"og:locale\" content=\"en_US\" \/>\n<meta property=\"og:type\" content=\"article\" \/>\n<meta property=\"og:title\" content=\"Masha Disabled Platform Registered Its Quality With T\u00dcV Certificate! - Nur Asans\u00f6r Engelli Asans\u00f6r\u00fc\" \/>\n<meta property=\"og:description\" content=\"Masha Disabled Platform Registered Its Quality With T\u00dcV Certificate As Nur Asans\u00f6r, we always prioritise the principles of safety, quality and accessibility. Masha disabled platform, which we developed in line with this vision, offers the highest standards for users with its features and reliable structure. Now, this quality has been recognised at the international level [&hellip;]\" \/>\n<meta property=\"og:url\" content=\"https:\/\/www.nurasansor.com\/en\/news\/masha-disabled-platform-registered-its-quality-with-tuv-certificate\/\" \/>\n<meta property=\"og:site_name\" content=\"Nur Asans\u00f6r Engelli Asans\u00f6r\u00fc\" \/>\n<meta property=\"article:modified_time\" content=\"2025-09-17T09:54:11+00:00\" \/>\n<meta property=\"og:image\" content=\"https:\/\/www.nurasansor.com\/wp-content\/uploads\/2025\/09\/masha-engelli-platformu-tuv-sertifikasiyla-kalitesini-tescilledi.jpg\" \/>\n\t<meta property=\"og:image:width\" content=\"1500\" \/>\n\t<meta property=\"og:image:height\" content=\"1500\" \/>\n\t<meta property=\"og:image:type\" content=\"image\/jpeg\" \/>\n<meta name=\"twitter:card\" content=\"summary_large_image\" \/>\n<meta name=\"twitter:label1\" content=\"Est. reading time\" \/>\n\t<meta name=\"twitter:data1\" content=\"3 minutes\" \/>\n<script type=\"application\/ld+json\" class=\"yoast-schema-graph\">{\"@context\":\"https:\\\/\\\/schema.org\",\"@graph\":[{\"@type\":\"WebPage\",\"@id\":\"https:\\\/\\\/www.nurasansor.com\\\/en\\\/news\\\/masha-disabled-platform-registered-its-quality-with-tuv-certificate\\\/\",\"url\":\"https:\\\/\\\/www.nurasansor.com\\\/en\\\/news\\\/masha-disabled-platform-registered-its-quality-with-tuv-certificate\\\/\",\"name\":\"Masha Disabled Platform Registered Its Quality With T\u00dcV Certificate! - Nur Asans\u00f6r Engelli Asans\u00f6r\u00fc\",\"isPartOf\":{\"@id\":\"https:\\\/\\\/www.nurasansor.com\\\/en\\\/#website\"},\"primaryImageOfPage\":{\"@id\":\"https:\\\/\\\/www.nurasansor.com\\\/en\\\/news\\\/masha-disabled-platform-registered-its-quality-with-tuv-certificate\\\/#primaryimage\"},\"image\":{\"@id\":\"https:\\\/\\\/www.nurasansor.com\\\/en\\\/news\\\/masha-disabled-platform-registered-its-quality-with-tuv-certificate\\\/#primaryimage\"},\"thumbnailUrl\":\"https:\\\/\\\/www.nurasansor.com\\\/wp-content\\\/uploads\\\/2025\\\/09\\\/masha-engelli-platformu-tuv-sertifikasiyla-kalitesini-tescilledi.jpg\",\"datePublished\":\"2025-09-17T09:14:52+00:00\",\"dateModified\":\"2025-09-17T09:54:11+00:00\",\"breadcrumb\":{\"@id\":\"https:\\\/\\\/www.nurasansor.com\\\/en\\\/news\\\/masha-disabled-platform-registered-its-quality-with-tuv-certificate\\\/#breadcrumb\"},\"inLanguage\":\"en-US\",\"potentialAction\":[{\"@type\":\"ReadAction\",\"target\":[\"https:\\\/\\\/www.nurasansor.com\\\/en\\\/news\\\/masha-disabled-platform-registered-its-quality-with-tuv-certificate\\\/\"]}]},{\"@type\":\"ImageObject\",\"inLanguage\":\"en-US\",\"@id\":\"https:\\\/\\\/www.nurasansor.com\\\/en\\\/news\\\/masha-disabled-platform-registered-its-quality-with-tuv-certificate\\\/#primaryimage\",\"url\":\"https:\\\/\\\/www.nurasansor.com\\\/wp-content\\\/uploads\\\/2025\\\/09\\\/masha-engelli-platformu-tuv-sertifikasiyla-kalitesini-tescilledi.jpg\",\"contentUrl\":\"https:\\\/\\\/www.nurasansor.com\\\/wp-content\\\/uploads\\\/2025\\\/09\\\/masha-engelli-platformu-tuv-sertifikasiyla-kalitesini-tescilledi.jpg\",\"width\":1500,\"height\":1500},{\"@type\":\"BreadcrumbList\",\"@id\":\"https:\\\/\\\/www.nurasansor.com\\\/en\\\/news\\\/masha-disabled-platform-registered-its-quality-with-tuv-certificate\\\/#breadcrumb\",\"itemListElement\":[{\"@type\":\"ListItem\",\"position\":1,\"name\":\"Anasayfa\",\"item\":\"https:\\\/\\\/www.nurasansor.com\\\/en\\\/\"},{\"@type\":\"ListItem\",\"position\":2,\"name\":\"Masha Disabled Platform Registered Its Quality With T\u00dcV Certificate!\"}]},{\"@type\":\"WebSite\",\"@id\":\"https:\\\/\\\/www.nurasansor.com\\\/en\\\/#website\",\"url\":\"https:\\\/\\\/www.nurasansor.com\\\/en\\\/\",\"name\":\"Nur Asans\u00f6r\",\"description\":\"Engelli Asans\u00f6r\u00fc, Merdiven Asans\u00f6r\u00fc ve Havuz Asans\u00f6r\u00fc Sistemleri\",\"publisher\":{\"@id\":\"https:\\\/\\\/www.nurasansor.com\\\/en\\\/#organization\"},\"potentialAction\":[{\"@type\":\"SearchAction\",\"target\":{\"@type\":\"EntryPoint\",\"urlTemplate\":\"https:\\\/\\\/www.nurasansor.com\\\/en\\\/?s={search_term_string}\"},\"query-input\":{\"@type\":\"PropertyValueSpecification\",\"valueRequired\":true,\"valueName\":\"search_term_string\"}}],\"inLanguage\":\"en-US\"},{\"@type\":\"Organization\",\"@id\":\"https:\\\/\\\/www.nurasansor.com\\\/en\\\/#organization\",\"name\":\"Nur Asans\u00f6r\",\"url\":\"https:\\\/\\\/www.nurasansor.com\\\/en\\\/\",\"logo\":{\"@type\":\"ImageObject\",\"inLanguage\":\"en-US\",\"@id\":\"https:\\\/\\\/www.nurasansor.com\\\/en\\\/#\\\/schema\\\/logo\\\/image\\\/\",\"url\":\"https:\\\/\\\/www.nurasansor.com\\\/wp-content\\\/uploads\\\/2023\\\/11\\\/-1.png\",\"contentUrl\":\"https:\\\/\\\/www.nurasansor.com\\\/wp-content\\\/uploads\\\/2023\\\/11\\\/-1.png\",\"width\":350,\"height\":86,\"caption\":\"Nur Asans\u00f6r\"},\"image\":{\"@id\":\"https:\\\/\\\/www.nurasansor.com\\\/en\\\/#\\\/schema\\\/logo\\\/image\\\/\"},\"sameAs\":[\"https:\\\/\\\/www.linkedin.com\\\/company\\\/nurasansor\\\/\",\"https:\\\/\\\/www.youtube.com\\\/channel\\\/UCTRGEAH1eKPyl-Ctdz8YTIw\"]}]}<\/script>\n<!-- \/ Yoast SEO plugin. -->","yoast_head_json":{"title":"Masha Disabled Platform Registered Its Quality With T\u00dcV Certificate! - Nur Asans\u00f6r Engelli Asans\u00f6r\u00fc","robots":{"index":"index","follow":"follow","max-snippet":"max-snippet:-1","max-image-preview":"max-image-preview:large","max-video-preview":"max-video-preview:-1"},"canonical":"https:\/\/www.nurasansor.com\/en\/news\/masha-disabled-platform-registered-its-quality-with-tuv-certificate\/","og_locale":"en_US","og_type":"article","og_title":"Masha Disabled Platform Registered Its Quality With T\u00dcV Certificate! - Nur Asans\u00f6r Engelli Asans\u00f6r\u00fc","og_description":"Masha Disabled Platform Registered Its Quality With T\u00dcV Certificate As Nur Asans\u00f6r, we always prioritise the principles of safety, quality and accessibility. Masha disabled platform, which we developed in line with this vision, offers the highest standards for users with its features and reliable structure. Now, this quality has been recognised at the international level [&hellip;]","og_url":"https:\/\/www.nurasansor.com\/en\/news\/masha-disabled-platform-registered-its-quality-with-tuv-certificate\/","og_site_name":"Nur Asans\u00f6r Engelli Asans\u00f6r\u00fc","article_modified_time":"2025-09-17T09:54:11+00:00","og_image":[{"width":1500,"height":1500,"url":"https:\/\/www.nurasansor.com\/wp-content\/uploads\/2025\/09\/masha-engelli-platformu-tuv-sertifikasiyla-kalitesini-tescilledi.jpg","type":"image\/jpeg"}],"twitter_card":"summary_large_image","twitter_misc":{"Est. reading time":"3 minutes"},"schema":{"@context":"https:\/\/schema.org","@graph":[{"@type":"WebPage","@id":"https:\/\/www.nurasansor.com\/en\/news\/masha-disabled-platform-registered-its-quality-with-tuv-certificate\/","url":"https:\/\/www.nurasansor.com\/en\/news\/masha-disabled-platform-registered-its-quality-with-tuv-certificate\/","name":"Masha Disabled Platform Registered Its Quality With T\u00dcV Certificate! - Nur Asans\u00f6r Engelli Asans\u00f6r\u00fc","isPartOf":{"@id":"https:\/\/www.nurasansor.com\/en\/#website"},"primaryImageOfPage":{"@id":"https:\/\/www.nurasansor.com\/en\/news\/masha-disabled-platform-registered-its-quality-with-tuv-certificate\/#primaryimage"},"image":{"@id":"https:\/\/www.nurasansor.com\/en\/news\/masha-disabled-platform-registered-its-quality-with-tuv-certificate\/#primaryimage"},"thumbnailUrl":"https:\/\/www.nurasansor.com\/wp-content\/uploads\/2025\/09\/masha-engelli-platformu-tuv-sertifikasiyla-kalitesini-tescilledi.jpg","datePublished":"2025-09-17T09:14:52+00:00","dateModified":"2025-09-17T09:54:11+00:00","breadcrumb":{"@id":"https:\/\/www.nurasansor.com\/en\/news\/masha-disabled-platform-registered-its-quality-with-tuv-certificate\/#breadcrumb"},"inLanguage":"en-US","potentialAction":[{"@type":"ReadAction","target":["https:\/\/www.nurasansor.com\/en\/news\/masha-disabled-platform-registered-its-quality-with-tuv-certificate\/"]}]},{"@type":"ImageObject","inLanguage":"en-US","@id":"https:\/\/www.nurasansor.com\/en\/news\/masha-disabled-platform-registered-its-quality-with-tuv-certificate\/#primaryimage","url":"https:\/\/www.nurasansor.com\/wp-content\/uploads\/2025\/09\/masha-engelli-platformu-tuv-sertifikasiyla-kalitesini-tescilledi.jpg","contentUrl":"https:\/\/www.nurasansor.com\/wp-content\/uploads\/2025\/09\/masha-engelli-platformu-tuv-sertifikasiyla-kalitesini-tescilledi.jpg","width":1500,"height":1500},{"@type":"BreadcrumbList","@id":"https:\/\/www.nurasansor.com\/en\/news\/masha-disabled-platform-registered-its-quality-with-tuv-certificate\/#breadcrumb","itemListElement":[{"@type":"ListItem","position":1,"name":"Anasayfa","item":"https:\/\/www.nurasansor.com\/en\/"},{"@type":"ListItem","position":2,"name":"Masha Disabled Platform Registered Its Quality With T\u00dcV Certificate!"}]},{"@type":"WebSite","@id":"https:\/\/www.nurasansor.com\/en\/#website","url":"https:\/\/www.nurasansor.com\/en\/","name":"Nur Asans\u00f6r","description":"Engelli Asans\u00f6r\u00fc, Merdiven Asans\u00f6r\u00fc ve Havuz Asans\u00f6r\u00fc Sistemleri","publisher":{"@id":"https:\/\/www.nurasansor.com\/en\/#organization"},"potentialAction":[{"@type":"SearchAction","target":{"@type":"EntryPoint","urlTemplate":"https:\/\/www.nurasansor.com\/en\/?s={search_term_string}"},"query-input":{"@type":"PropertyValueSpecification","valueRequired":true,"valueName":"search_term_string"}}],"inLanguage":"en-US"},{"@type":"Organization","@id":"https:\/\/www.nurasansor.com\/en\/#organization","name":"Nur Asans\u00f6r","url":"https:\/\/www.nurasansor.com\/en\/","logo":{"@type":"ImageObject","inLanguage":"en-US","@id":"https:\/\/www.nurasansor.com\/en\/#\/schema\/logo\/image\/","url":"https:\/\/www.nurasansor.com\/wp-content\/uploads\/2023\/11\/-1.png","contentUrl":"https:\/\/www.nurasansor.com\/wp-content\/uploads\/2023\/11\/-1.png","width":350,"height":86,"caption":"Nur Asans\u00f6r"},"image":{"@id":"https:\/\/www.nurasansor.com\/en\/#\/schema\/logo\/image\/"},"sameAs":["https:\/\/www.linkedin.com\/company\/nurasansor\/","https:\/\/www.youtube.com\/channel\/UCTRGEAH1eKPyl-Ctdz8YTIw"]}]}},"_links":{"self":[{"href":"https:\/\/www.nurasansor.com\/en\/wp-json\/wp\/v2\/pages\/1410","targetHints":{"allow":["GET"]}}],"collection":[{"href":"https:\/\/www.nurasansor.com\/en\/wp-json\/wp\/v2\/pages"}],"about":[{"href":"https:\/\/www.nurasansor.com\/en\/wp-json\/wp\/v2\/types\/page"}],"author":[{"embeddable":true,"href":"https:\/\/www.nurasansor.com\/en\/wp-json\/wp\/v2\/users\/1"}],"replies":[{"embeddable":true,"href":"https:\/\/www.nurasansor.com\/en\/wp-json\/wp\/v2\/comments?post=1410"}],"version-history":[{"count":1,"href":"https:\/\/www.nurasansor.com\/en\/wp-json\/wp\/v2\/pages\/1410\/revisions"}],"predecessor-version":[{"id":1411,"href":"https:\/\/www.nurasansor.com\/en\/wp-json\/wp\/v2\/pages\/1410\/revisions\/1411"}],"up":[{"embeddable":true,"href":"https:\/\/www.nurasansor.com\/en\/wp-json\/wp\/v2\/pages\/986"}],"wp:featuredmedia":[{"embeddable":true,"href":"https:\/\/www.nurasansor.com\/en\/wp-json\/wp\/v2\/media\/1406"}],"wp:attachment":[{"href":"https:\/\/www.nurasansor.com\/en\/wp-json\/wp\/v2\/media?parent=1410"}],"curies":[{"name":"wp","href":"https:\/\/api.w.org\/{rel}","templated":true}]}}