{"id":1300,"date":"2025-06-12T13:15:55","date_gmt":"2025-06-12T10:15:55","guid":{"rendered":"https:\/\/www.nurasansor.com\/?page_id=1300"},"modified":"2025-06-12T15:46:09","modified_gmt":"2025-06-12T12:46:09","slug":"new-international-cooperation-with-spain-from-nur-asansor","status":"publish","type":"page","link":"https:\/\/www.nurasansor.com\/en\/news\/new-international-cooperation-with-spain-from-nur-asansor\/","title":{"rendered":"New International Cooperation with Spain from Nur Asans\u00f6r"},"content":{"rendered":"<p>Nur Asans\u00f6r continues its global growth in the lift sector. Following the productive meetings we held with our business partners from Spain in our factory recently, we signed a new international cooperation agreement.<\/p>\n<p><strong>Strong Partnership with Spain in the Elevator Industry<\/strong><\/p>\n<p>We were delighted to welcome our business partners from Spain at our production facility in Tekirda\u011f \u00c7erkezk\u00f6y. As a result of technical presentations, on-site product inspections and mutual evaluations, a strong business partnership decision was taken for the European market.<\/p>\n<p>This new agreement is an important step in terms of Nur Asans\u00f6r&#8217;s export targets. It will also enable our Masha disabled lift, ND1 vertical platform and other special access solutions to reach a wider audience in Europe.<\/p>\n<p><strong>Investing in the Future with International Collaborations<\/strong><\/p>\n<p>As Nur Asans\u00f6r, we continue to make a difference on a global scale not only with our products but also with our customer-oriented service approach and engineering infrastructure. Thanks to this partnership with Spain, we aim for high efficiency in technical information sharing, logistics integration and after-sales support processes.<\/p>\n<div id='gallery-1' class='image-gallery col-12 nopadding galleryid-1300' data-aos='fade-in' data-aos-delay='300'>\n    <div class='row'><dl class='col col-xl-4 col-lg-4 col-md-4 col-sm-4 col-12 box'>\n            <dt class='img'>\n                <div class='table-cell'>\n                    <a href='https:\/\/www.nurasansor.com\/wp-content\/uploads\/2025\/06\/otomatik-taslak-2.jpg'><img loading=\"lazy\" decoding=\"async\" width=\"1024\" height=\"768\" src=\"https:\/\/www.nurasansor.com\/wp-content\/uploads\/2025\/06\/otomatik-taslak-2-1024x768.jpg\" class=\"attachment-large size-large\" alt=\"\" srcset=\"https:\/\/www.nurasansor.com\/wp-content\/uploads\/2025\/06\/otomatik-taslak-2-1024x768.jpg 1024w, https:\/\/www.nurasansor.com\/wp-content\/uploads\/2025\/06\/otomatik-taslak-2-300x225.jpg 300w, https:\/\/www.nurasansor.com\/wp-content\/uploads\/2025\/06\/otomatik-taslak-2-768x576.jpg 768w, https:\/\/www.nurasansor.com\/wp-content\/uploads\/2025\/06\/otomatik-taslak-2-1536x1152.jpg 1536w, https:\/\/www.nurasansor.com\/wp-content\/uploads\/2025\/06\/otomatik-taslak-2.jpg 1600w\" sizes=\"auto, (max-width: 1024px) 100vw, 1024px\" \/><\/a>\n                <\/div>\n            <\/dt>\n        <\/dl><dl class='col col-xl-4 col-lg-4 col-md-4 col-sm-4 col-12 box'>\n            <dt class='img'>\n                <div class='table-cell'>\n                    <a href='https:\/\/www.nurasansor.com\/wp-content\/uploads\/2025\/06\/otomatik-taslak-1.jpg'><img loading=\"lazy\" decoding=\"async\" width=\"1024\" height=\"768\" src=\"https:\/\/www.nurasansor.com\/wp-content\/uploads\/2025\/06\/otomatik-taslak-1-1024x768.jpg\" class=\"attachment-large size-large\" alt=\"\" srcset=\"https:\/\/www.nurasansor.com\/wp-content\/uploads\/2025\/06\/otomatik-taslak-1-1024x768.jpg 1024w, https:\/\/www.nurasansor.com\/wp-content\/uploads\/2025\/06\/otomatik-taslak-1-300x225.jpg 300w, https:\/\/www.nurasansor.com\/wp-content\/uploads\/2025\/06\/otomatik-taslak-1-768x576.jpg 768w, https:\/\/www.nurasansor.com\/wp-content\/uploads\/2025\/06\/otomatik-taslak-1-1536x1152.jpg 1536w, https:\/\/www.nurasansor.com\/wp-content\/uploads\/2025\/06\/otomatik-taslak-1.jpg 1600w\" sizes=\"auto, (max-width: 1024px) 100vw, 1024px\" \/><\/a>\n                <\/div>\n            <\/dt>\n        <\/dl><dl class='col col-xl-4 col-lg-4 col-md-4 col-sm-4 col-12 box'>\n            <dt class='img'>\n                <div class='table-cell'>\n                    <a href='https:\/\/www.nurasansor.com\/wp-content\/uploads\/2025\/06\/otomatik-taslak.jpg'><img loading=\"lazy\" decoding=\"async\" width=\"1024\" height=\"768\" src=\"https:\/\/www.nurasansor.com\/wp-content\/uploads\/2025\/06\/otomatik-taslak-1024x768.jpg\" class=\"attachment-large size-large\" alt=\"\" srcset=\"https:\/\/www.nurasansor.com\/wp-content\/uploads\/2025\/06\/otomatik-taslak-1024x768.jpg 1024w, https:\/\/www.nurasansor.com\/wp-content\/uploads\/2025\/06\/otomatik-taslak-300x225.jpg 300w, https:\/\/www.nurasansor.com\/wp-content\/uploads\/2025\/06\/otomatik-taslak-768x576.jpg 768w, https:\/\/www.nurasansor.com\/wp-content\/uploads\/2025\/06\/otomatik-taslak-1536x1152.jpg 1536w, https:\/\/www.nurasansor.com\/wp-content\/uploads\/2025\/06\/otomatik-taslak.jpg 1600w\" sizes=\"auto, (max-width: 1024px) 100vw, 1024px\" \/><\/a>\n                <\/div>\n            <\/dt>\n        <\/dl><div class=\"clearfix\"><\/div>\n    <\/div>\n<\/div>\n\n","protected":false},"excerpt":{"rendered":"<p>Nur Asans\u00f6r continues its global growth in the lift sector. Following the productive meetings we held with our business partners from Spain in our factory recently, we signed a new international cooperation agreement. Strong Partnership with Spain in the Elevator Industry We were delighted to welcome our business partners from Spain at our production facility [&hellip;]<\/p>\n","protected":false},"author":1,"featured_media":1295,"parent":986,"menu_order":0,"comment_status":"closed","ping_status":"closed","template":"","meta":{"inline_featured_image":false,"footnotes":""},"class_list":["post-1300","page","type-page","status-publish","has-post-thumbnail","hentry"],"yoast_head":"<!-- This site is optimized with the Yoast SEO plugin v26.7 - https:\/\/yoast.com\/wordpress\/plugins\/seo\/ -->\n<title>New International Cooperation with Spain from Nur Asans\u00f6r - Nur Asans\u00f6r Engelli Asans\u00f6r\u00fc<\/title>\n<meta name=\"robots\" content=\"index, follow, max-snippet:-1, max-image-preview:large, max-video-preview:-1\" \/>\n<link rel=\"canonical\" href=\"https:\/\/www.nurasansor.com\/en\/news\/new-international-cooperation-with-spain-from-nur-asansor\/\" \/>\n<meta property=\"og:locale\" content=\"en_US\" \/>\n<meta property=\"og:type\" content=\"article\" \/>\n<meta property=\"og:title\" content=\"New International Cooperation with Spain from Nur Asans\u00f6r - Nur Asans\u00f6r Engelli Asans\u00f6r\u00fc\" \/>\n<meta property=\"og:description\" content=\"Nur Asans\u00f6r continues its global growth in the lift sector. Following the productive meetings we held with our business partners from Spain in our factory recently, we signed a new international cooperation agreement. Strong Partnership with Spain in the Elevator Industry We were delighted to welcome our business partners from Spain at our production facility [&hellip;]\" \/>\n<meta property=\"og:url\" content=\"https:\/\/www.nurasansor.com\/en\/news\/new-international-cooperation-with-spain-from-nur-asansor\/\" \/>\n<meta property=\"og:site_name\" content=\"Nur Asans\u00f6r Engelli Asans\u00f6r\u00fc\" \/>\n<meta property=\"article:modified_time\" content=\"2025-06-12T12:46:09+00:00\" \/>\n<meta property=\"og:image\" content=\"https:\/\/www.nurasansor.com\/wp-content\/uploads\/2025\/06\/otomatik-taslak-2.jpg\" \/>\n\t<meta property=\"og:image:width\" content=\"1600\" \/>\n\t<meta property=\"og:image:height\" content=\"1200\" \/>\n\t<meta property=\"og:image:type\" content=\"image\/jpeg\" \/>\n<meta name=\"twitter:card\" content=\"summary_large_image\" \/>\n<meta name=\"twitter:label1\" content=\"Est. reading time\" \/>\n\t<meta name=\"twitter:data1\" content=\"2 minutes\" \/>\n<script type=\"application\/ld+json\" class=\"yoast-schema-graph\">{\"@context\":\"https:\/\/schema.org\",\"@graph\":[{\"@type\":\"WebPage\",\"@id\":\"https:\/\/www.nurasansor.com\/en\/news\/new-international-cooperation-with-spain-from-nur-asansor\/\",\"url\":\"https:\/\/www.nurasansor.com\/en\/news\/new-international-cooperation-with-spain-from-nur-asansor\/\",\"name\":\"New International Cooperation with Spain from Nur Asans\u00f6r - Nur Asans\u00f6r Engelli Asans\u00f6r\u00fc\",\"isPartOf\":{\"@id\":\"https:\/\/www.nurasansor.com\/en\/#website\"},\"primaryImageOfPage\":{\"@id\":\"https:\/\/www.nurasansor.com\/en\/news\/new-international-cooperation-with-spain-from-nur-asansor\/#primaryimage\"},\"image\":{\"@id\":\"https:\/\/www.nurasansor.com\/en\/news\/new-international-cooperation-with-spain-from-nur-asansor\/#primaryimage\"},\"thumbnailUrl\":\"https:\/\/www.nurasansor.com\/wp-content\/uploads\/2025\/06\/otomatik-taslak-2.jpg\",\"datePublished\":\"2025-06-12T10:15:55+00:00\",\"dateModified\":\"2025-06-12T12:46:09+00:00\",\"breadcrumb\":{\"@id\":\"https:\/\/www.nurasansor.com\/en\/news\/new-international-cooperation-with-spain-from-nur-asansor\/#breadcrumb\"},\"inLanguage\":\"en-US\",\"potentialAction\":[{\"@type\":\"ReadAction\",\"target\":[\"https:\/\/www.nurasansor.com\/en\/news\/new-international-cooperation-with-spain-from-nur-asansor\/\"]}]},{\"@type\":\"ImageObject\",\"inLanguage\":\"en-US\",\"@id\":\"https:\/\/www.nurasansor.com\/en\/news\/new-international-cooperation-with-spain-from-nur-asansor\/#primaryimage\",\"url\":\"https:\/\/www.nurasansor.com\/wp-content\/uploads\/2025\/06\/otomatik-taslak-2.jpg\",\"contentUrl\":\"https:\/\/www.nurasansor.com\/wp-content\/uploads\/2025\/06\/otomatik-taslak-2.jpg\",\"width\":1600,\"height\":1200},{\"@type\":\"BreadcrumbList\",\"@id\":\"https:\/\/www.nurasansor.com\/en\/news\/new-international-cooperation-with-spain-from-nur-asansor\/#breadcrumb\",\"itemListElement\":[{\"@type\":\"ListItem\",\"position\":1,\"name\":\"Anasayfa\",\"item\":\"https:\/\/www.nurasansor.com\/en\/\"},{\"@type\":\"ListItem\",\"position\":2,\"name\":\"News\",\"item\":\"https:\/\/www.nurasansor.com\/en\/news\/\"},{\"@type\":\"ListItem\",\"position\":3,\"name\":\"New International Cooperation with Spain from Nur Asans\u00f6r\"}]},{\"@type\":\"WebSite\",\"@id\":\"https:\/\/www.nurasansor.com\/en\/#website\",\"url\":\"https:\/\/www.nurasansor.com\/en\/\",\"name\":\"Nur Asans\u00f6r\",\"description\":\"Engelli Asans\u00f6r\u00fc, Merdiven Asans\u00f6r\u00fc ve Havuz Asans\u00f6r\u00fc Sistemleri\",\"publisher\":{\"@id\":\"https:\/\/www.nurasansor.com\/en\/#organization\"},\"potentialAction\":[{\"@type\":\"SearchAction\",\"target\":{\"@type\":\"EntryPoint\",\"urlTemplate\":\"https:\/\/www.nurasansor.com\/en\/?s={search_term_string}\"},\"query-input\":{\"@type\":\"PropertyValueSpecification\",\"valueRequired\":true,\"valueName\":\"search_term_string\"}}],\"inLanguage\":\"en-US\"},{\"@type\":\"Organization\",\"@id\":\"https:\/\/www.nurasansor.com\/en\/#organization\",\"name\":\"Nur Asans\u00f6r\",\"url\":\"https:\/\/www.nurasansor.com\/en\/\",\"logo\":{\"@type\":\"ImageObject\",\"inLanguage\":\"en-US\",\"@id\":\"https:\/\/www.nurasansor.com\/en\/#\/schema\/logo\/image\/\",\"url\":\"https:\/\/www.nurasansor.com\/wp-content\/uploads\/2023\/11\/-1.png\",\"contentUrl\":\"https:\/\/www.nurasansor.com\/wp-content\/uploads\/2023\/11\/-1.png\",\"width\":350,\"height\":86,\"caption\":\"Nur Asans\u00f6r\"},\"image\":{\"@id\":\"https:\/\/www.nurasansor.com\/en\/#\/schema\/logo\/image\/\"},\"sameAs\":[\"https:\/\/www.linkedin.com\/company\/nurasansor\/\",\"https:\/\/www.youtube.com\/channel\/UCTRGEAH1eKPyl-Ctdz8YTIw\"]}]}<\/script>\n<!-- \/ Yoast SEO plugin. -->","yoast_head_json":{"title":"New International Cooperation with Spain from Nur Asans\u00f6r - Nur Asans\u00f6r Engelli Asans\u00f6r\u00fc","robots":{"index":"index","follow":"follow","max-snippet":"max-snippet:-1","max-image-preview":"max-image-preview:large","max-video-preview":"max-video-preview:-1"},"canonical":"https:\/\/www.nurasansor.com\/en\/news\/new-international-cooperation-with-spain-from-nur-asansor\/","og_locale":"en_US","og_type":"article","og_title":"New International Cooperation with Spain from Nur Asans\u00f6r - Nur Asans\u00f6r Engelli Asans\u00f6r\u00fc","og_description":"Nur Asans\u00f6r continues its global growth in the lift sector. Following the productive meetings we held with our business partners from Spain in our factory recently, we signed a new international cooperation agreement. Strong Partnership with Spain in the Elevator Industry We were delighted to welcome our business partners from Spain at our production facility [&hellip;]","og_url":"https:\/\/www.nurasansor.com\/en\/news\/new-international-cooperation-with-spain-from-nur-asansor\/","og_site_name":"Nur Asans\u00f6r Engelli Asans\u00f6r\u00fc","article_modified_time":"2025-06-12T12:46:09+00:00","og_image":[{"width":1600,"height":1200,"url":"https:\/\/www.nurasansor.com\/wp-content\/uploads\/2025\/06\/otomatik-taslak-2.jpg","type":"image\/jpeg"}],"twitter_card":"summary_large_image","twitter_misc":{"Est. reading time":"2 minutes"},"schema":{"@context":"https:\/\/schema.org","@graph":[{"@type":"WebPage","@id":"https:\/\/www.nurasansor.com\/en\/news\/new-international-cooperation-with-spain-from-nur-asansor\/","url":"https:\/\/www.nurasansor.com\/en\/news\/new-international-cooperation-with-spain-from-nur-asansor\/","name":"New International Cooperation with Spain from Nur Asans\u00f6r - Nur Asans\u00f6r Engelli Asans\u00f6r\u00fc","isPartOf":{"@id":"https:\/\/www.nurasansor.com\/en\/#website"},"primaryImageOfPage":{"@id":"https:\/\/www.nurasansor.com\/en\/news\/new-international-cooperation-with-spain-from-nur-asansor\/#primaryimage"},"image":{"@id":"https:\/\/www.nurasansor.com\/en\/news\/new-international-cooperation-with-spain-from-nur-asansor\/#primaryimage"},"thumbnailUrl":"https:\/\/www.nurasansor.com\/wp-content\/uploads\/2025\/06\/otomatik-taslak-2.jpg","datePublished":"2025-06-12T10:15:55+00:00","dateModified":"2025-06-12T12:46:09+00:00","breadcrumb":{"@id":"https:\/\/www.nurasansor.com\/en\/news\/new-international-cooperation-with-spain-from-nur-asansor\/#breadcrumb"},"inLanguage":"en-US","potentialAction":[{"@type":"ReadAction","target":["https:\/\/www.nurasansor.com\/en\/news\/new-international-cooperation-with-spain-from-nur-asansor\/"]}]},{"@type":"ImageObject","inLanguage":"en-US","@id":"https:\/\/www.nurasansor.com\/en\/news\/new-international-cooperation-with-spain-from-nur-asansor\/#primaryimage","url":"https:\/\/www.nurasansor.com\/wp-content\/uploads\/2025\/06\/otomatik-taslak-2.jpg","contentUrl":"https:\/\/www.nurasansor.com\/wp-content\/uploads\/2025\/06\/otomatik-taslak-2.jpg","width":1600,"height":1200},{"@type":"BreadcrumbList","@id":"https:\/\/www.nurasansor.com\/en\/news\/new-international-cooperation-with-spain-from-nur-asansor\/#breadcrumb","itemListElement":[{"@type":"ListItem","position":1,"name":"Anasayfa","item":"https:\/\/www.nurasansor.com\/en\/"},{"@type":"ListItem","position":2,"name":"News","item":"https:\/\/www.nurasansor.com\/en\/news\/"},{"@type":"ListItem","position":3,"name":"New International Cooperation with Spain from Nur Asans\u00f6r"}]},{"@type":"WebSite","@id":"https:\/\/www.nurasansor.com\/en\/#website","url":"https:\/\/www.nurasansor.com\/en\/","name":"Nur Asans\u00f6r","description":"Engelli Asans\u00f6r\u00fc, Merdiven Asans\u00f6r\u00fc ve Havuz Asans\u00f6r\u00fc Sistemleri","publisher":{"@id":"https:\/\/www.nurasansor.com\/en\/#organization"},"potentialAction":[{"@type":"SearchAction","target":{"@type":"EntryPoint","urlTemplate":"https:\/\/www.nurasansor.com\/en\/?s={search_term_string}"},"query-input":{"@type":"PropertyValueSpecification","valueRequired":true,"valueName":"search_term_string"}}],"inLanguage":"en-US"},{"@type":"Organization","@id":"https:\/\/www.nurasansor.com\/en\/#organization","name":"Nur Asans\u00f6r","url":"https:\/\/www.nurasansor.com\/en\/","logo":{"@type":"ImageObject","inLanguage":"en-US","@id":"https:\/\/www.nurasansor.com\/en\/#\/schema\/logo\/image\/","url":"https:\/\/www.nurasansor.com\/wp-content\/uploads\/2023\/11\/-1.png","contentUrl":"https:\/\/www.nurasansor.com\/wp-content\/uploads\/2023\/11\/-1.png","width":350,"height":86,"caption":"Nur Asans\u00f6r"},"image":{"@id":"https:\/\/www.nurasansor.com\/en\/#\/schema\/logo\/image\/"},"sameAs":["https:\/\/www.linkedin.com\/company\/nurasansor\/","https:\/\/www.youtube.com\/channel\/UCTRGEAH1eKPyl-Ctdz8YTIw"]}]}},"_links":{"self":[{"href":"https:\/\/www.nurasansor.com\/en\/wp-json\/wp\/v2\/pages\/1300","targetHints":{"allow":["GET"]}}],"collection":[{"href":"https:\/\/www.nurasansor.com\/en\/wp-json\/wp\/v2\/pages"}],"about":[{"href":"https:\/\/www.nurasansor.com\/en\/wp-json\/wp\/v2\/types\/page"}],"author":[{"embeddable":true,"href":"https:\/\/www.nurasansor.com\/en\/wp-json\/wp\/v2\/users\/1"}],"replies":[{"embeddable":true,"href":"https:\/\/www.nurasansor.com\/en\/wp-json\/wp\/v2\/comments?post=1300"}],"version-history":[{"count":1,"href":"https:\/\/www.nurasansor.com\/en\/wp-json\/wp\/v2\/pages\/1300\/revisions"}],"predecessor-version":[{"id":1301,"href":"https:\/\/www.nurasansor.com\/en\/wp-json\/wp\/v2\/pages\/1300\/revisions\/1301"}],"up":[{"embeddable":true,"href":"https:\/\/www.nurasansor.com\/en\/wp-json\/wp\/v2\/pages\/986"}],"wp:featuredmedia":[{"embeddable":true,"href":"https:\/\/www.nurasansor.com\/en\/wp-json\/wp\/v2\/media\/1295"}],"wp:attachment":[{"href":"https:\/\/www.nurasansor.com\/en\/wp-json\/wp\/v2\/media?parent=1300"}],"curies":[{"name":"wp","href":"https:\/\/api.w.org\/{rel}","templated":true}]}}