{"id":1177,"date":"2025-05-22T15:41:13","date_gmt":"2025-05-22T12:41:13","guid":{"rendered":"https:\/\/www.nurasansor.com\/?page_id=1177"},"modified":"2025-05-22T15:42:19","modified_gmt":"2025-05-22T12:42:19","slug":"nur-asansors-strong-participation-in-the-19th-international-elevator-fair-and-thanks-to-visitors","status":"publish","type":"page","link":"https:\/\/www.nurasansor.com\/en\/news\/nur-asansors-strong-participation-in-the-19th-international-elevator-fair-and-thanks-to-visitors\/","title":{"rendered":"Nur Asans\u00f6r&#8217;s Strong Participation in the 19th International Elevator Fair and Thanks to Visitors"},"content":{"rendered":"<p>The 19th International Elevator Fair, held at Istanbul T\u00fcyap Fair and Congress Center between 15-18 May 2025, was once again an important meeting point for industry professionals, manufacturers, investors and solution partners. As Nur Asans\u00f6r, we were very pleased to take part in this great organisation and share our wide product portfolio with the participants.<\/p>\n<p><strong>High Technology, Powerful Solutions: Masha and ND1 Became the Centre of Attention<\/strong><\/p>\n<p>During the fair, especially Masha Disabled Platform Lift and new generation ND1 Vertical Platform Lift attracted great attention of domestic and foreign visitors in search of sectoral solutions. Thanks to their modern design, ergonomic structure, silent working principle and fast installation advantages, these products stood out as solutions that make a difference in the field of accessibility. Masha&#8217;s compact rail system, outdoor compatibility and user-friendly digital display; ND1&#8217;s advantages such as high carrying capacity, simple installation infrastructure and low energy consumption were appreciated by the fair participants.<\/p>\n<p><strong>New Business Connections, Strong Collaborations<\/strong><\/p>\n<p>During the fair, we held face-to-face meetings with many local and international company representatives.\u00a0As Nur Asans\u00f6r, we had the opportunity to see once again that we directly address the needs of the sector with the solutions we offer in the field of accessibility, vertical transport and platform systems.\u00a0These productive meetings created a strong basis for future collaborations and projects. At the same time, we think that it will be an important milestone for our company to reach its export targets.<\/p>\n<p><strong>We would like to thank all our guests who visited<\/strong><\/p>\n<p>We would like to thank all industry professionals, solution partners, investors and valuable representatives of the business world who visited our stand.\u00a0The valuable opinions you shared, the interest you showed and the connections we established were a great source of motivation for us.<\/p>\n<p><strong>Our Journey for Future Access Technologies Continues<\/strong><\/p>\n<p>As Nur Asans\u00f6r, we will continue to develop products and offer innovative solutions for not only today&#8217;s but also future access needs. Together with our valuable business partners, we are working for more accessible, more sustainable and smarter cities.<\/p>\n<p>See you at the next fairs!<\/p>\n<div id='gallery-1' class='image-gallery col-12 nopadding galleryid-1177' data-aos='fade-in' data-aos-delay='300'>\n    <div class='row'><dl class='col col-xl-4 col-lg-4 col-md-4 col-sm-4 col-12 box'>\n            <dt class='img'>\n                <div class='table-cell'>\n                    <a href='https:\/\/www.nurasansor.com\/wp-content\/uploads\/2025\/05\/nur-asansorden-19-uluslararasi-asansor-fuarina-guclu-katilim-ve-ziyaretcilere-tesekkur.jpg'><img loading=\"lazy\" decoding=\"async\" width=\"1600\" height=\"1200\" src=\"https:\/\/www.nurasansor.com\/wp-content\/uploads\/2025\/05\/nur-asansorden-19-uluslararasi-asansor-fuarina-guclu-katilim-ve-ziyaretcilere-tesekkur.jpg\" class=\"attachment-full size-full\" alt=\"\" srcset=\"https:\/\/www.nurasansor.com\/wp-content\/uploads\/2025\/05\/nur-asansorden-19-uluslararasi-asansor-fuarina-guclu-katilim-ve-ziyaretcilere-tesekkur.jpg 1600w, https:\/\/www.nurasansor.com\/wp-content\/uploads\/2025\/05\/nur-asansorden-19-uluslararasi-asansor-fuarina-guclu-katilim-ve-ziyaretcilere-tesekkur-300x225.jpg 300w, https:\/\/www.nurasansor.com\/wp-content\/uploads\/2025\/05\/nur-asansorden-19-uluslararasi-asansor-fuarina-guclu-katilim-ve-ziyaretcilere-tesekkur-1024x768.jpg 1024w, https:\/\/www.nurasansor.com\/wp-content\/uploads\/2025\/05\/nur-asansorden-19-uluslararasi-asansor-fuarina-guclu-katilim-ve-ziyaretcilere-tesekkur-768x576.jpg 768w, https:\/\/www.nurasansor.com\/wp-content\/uploads\/2025\/05\/nur-asansorden-19-uluslararasi-asansor-fuarina-guclu-katilim-ve-ziyaretcilere-tesekkur-1536x1152.jpg 1536w\" sizes=\"auto, (max-width: 1600px) 100vw, 1600px\" \/><\/a>\n                <\/div>\n            <\/dt>\n        <\/dl><dl class='col col-xl-4 col-lg-4 col-md-4 col-sm-4 col-12 box'>\n            <dt class='img'>\n                <div class='table-cell'>\n                    <a href='https:\/\/www.nurasansor.com\/wp-content\/uploads\/2025\/05\/nur-asansorden-19-uluslararasi-asansor-fuarina-guclu-katilim-ve-ziyaretcilere-tesekkur-1.jpg'><img loading=\"lazy\" decoding=\"async\" width=\"1600\" height=\"1200\" src=\"https:\/\/www.nurasansor.com\/wp-content\/uploads\/2025\/05\/nur-asansorden-19-uluslararasi-asansor-fuarina-guclu-katilim-ve-ziyaretcilere-tesekkur-1.jpg\" class=\"attachment-full size-full\" alt=\"\" srcset=\"https:\/\/www.nurasansor.com\/wp-content\/uploads\/2025\/05\/nur-asansorden-19-uluslararasi-asansor-fuarina-guclu-katilim-ve-ziyaretcilere-tesekkur-1.jpg 1600w, https:\/\/www.nurasansor.com\/wp-content\/uploads\/2025\/05\/nur-asansorden-19-uluslararasi-asansor-fuarina-guclu-katilim-ve-ziyaretcilere-tesekkur-1-300x225.jpg 300w, https:\/\/www.nurasansor.com\/wp-content\/uploads\/2025\/05\/nur-asansorden-19-uluslararasi-asansor-fuarina-guclu-katilim-ve-ziyaretcilere-tesekkur-1-1024x768.jpg 1024w, https:\/\/www.nurasansor.com\/wp-content\/uploads\/2025\/05\/nur-asansorden-19-uluslararasi-asansor-fuarina-guclu-katilim-ve-ziyaretcilere-tesekkur-1-768x576.jpg 768w, https:\/\/www.nurasansor.com\/wp-content\/uploads\/2025\/05\/nur-asansorden-19-uluslararasi-asansor-fuarina-guclu-katilim-ve-ziyaretcilere-tesekkur-1-1536x1152.jpg 1536w\" sizes=\"auto, (max-width: 1600px) 100vw, 1600px\" \/><\/a>\n                <\/div>\n            <\/dt>\n        <\/dl>\n    <\/div>\n<\/div>\n\n","protected":false},"excerpt":{"rendered":"<p>The 19th International Elevator Fair, held at Istanbul T\u00fcyap Fair and Congress Center between 15-18 May 2025, was once again an important meeting point for industry professionals, manufacturers, investors and solution partners. As Nur Asans\u00f6r, we were very pleased to take part in this great organisation and share our wide product portfolio with the participants. [&hellip;]<\/p>\n","protected":false},"author":1,"featured_media":1173,"parent":986,"menu_order":0,"comment_status":"closed","ping_status":"closed","template":"","meta":{"inline_featured_image":false,"footnotes":""},"class_list":["post-1177","page","type-page","status-publish","has-post-thumbnail","hentry"],"yoast_head":"<!-- This site is optimized with the Yoast SEO plugin v26.7 - https:\/\/yoast.com\/wordpress\/plugins\/seo\/ -->\n<title>Nur Asans\u00f6r&#039;s Strong Participation in the 19th International Elevator Fair and Thanks to Visitors - Nur Asans\u00f6r Engelli Asans\u00f6r\u00fc<\/title>\n<meta name=\"robots\" content=\"index, follow, max-snippet:-1, max-image-preview:large, max-video-preview:-1\" \/>\n<link rel=\"canonical\" href=\"https:\/\/www.nurasansor.com\/en\/news\/nur-asansors-strong-participation-in-the-19th-international-elevator-fair-and-thanks-to-visitors\/\" \/>\n<meta property=\"og:locale\" content=\"en_US\" \/>\n<meta property=\"og:type\" content=\"article\" \/>\n<meta property=\"og:title\" content=\"Nur Asans\u00f6r&#039;s Strong Participation in the 19th International Elevator Fair and Thanks to Visitors - Nur Asans\u00f6r Engelli Asans\u00f6r\u00fc\" \/>\n<meta property=\"og:description\" content=\"The 19th International Elevator Fair, held at Istanbul T\u00fcyap Fair and Congress Center between 15-18 May 2025, was once again an important meeting point for industry professionals, manufacturers, investors and solution partners. As Nur Asans\u00f6r, we were very pleased to take part in this great organisation and share our wide product portfolio with the participants. [&hellip;]\" \/>\n<meta property=\"og:url\" content=\"https:\/\/www.nurasansor.com\/en\/news\/nur-asansors-strong-participation-in-the-19th-international-elevator-fair-and-thanks-to-visitors\/\" \/>\n<meta property=\"og:site_name\" content=\"Nur Asans\u00f6r Engelli Asans\u00f6r\u00fc\" \/>\n<meta property=\"article:modified_time\" content=\"2025-05-22T12:42:19+00:00\" \/>\n<meta property=\"og:image\" content=\"https:\/\/www.nurasansor.com\/wp-content\/uploads\/2025\/05\/nur-asansorden-19-uluslararasi-asansor-fuarina-guclu-katilim-ve-ziyaretcilere-tesekkur.jpg\" \/>\n\t<meta property=\"og:image:width\" content=\"1600\" \/>\n\t<meta property=\"og:image:height\" content=\"1200\" \/>\n\t<meta property=\"og:image:type\" content=\"image\/jpeg\" \/>\n<meta name=\"twitter:card\" content=\"summary_large_image\" \/>\n<meta name=\"twitter:label1\" content=\"Est. reading time\" \/>\n\t<meta name=\"twitter:data1\" content=\"3 minutes\" \/>\n<script type=\"application\/ld+json\" class=\"yoast-schema-graph\">{\"@context\":\"https:\/\/schema.org\",\"@graph\":[{\"@type\":\"WebPage\",\"@id\":\"https:\/\/www.nurasansor.com\/en\/news\/nur-asansors-strong-participation-in-the-19th-international-elevator-fair-and-thanks-to-visitors\/\",\"url\":\"https:\/\/www.nurasansor.com\/en\/news\/nur-asansors-strong-participation-in-the-19th-international-elevator-fair-and-thanks-to-visitors\/\",\"name\":\"Nur Asans\u00f6r's Strong Participation in the 19th International Elevator Fair and Thanks to Visitors - Nur Asans\u00f6r Engelli Asans\u00f6r\u00fc\",\"isPartOf\":{\"@id\":\"https:\/\/www.nurasansor.com\/en\/#website\"},\"primaryImageOfPage\":{\"@id\":\"https:\/\/www.nurasansor.com\/en\/news\/nur-asansors-strong-participation-in-the-19th-international-elevator-fair-and-thanks-to-visitors\/#primaryimage\"},\"image\":{\"@id\":\"https:\/\/www.nurasansor.com\/en\/news\/nur-asansors-strong-participation-in-the-19th-international-elevator-fair-and-thanks-to-visitors\/#primaryimage\"},\"thumbnailUrl\":\"https:\/\/www.nurasansor.com\/wp-content\/uploads\/2025\/05\/nur-asansorden-19-uluslararasi-asansor-fuarina-guclu-katilim-ve-ziyaretcilere-tesekkur.jpg\",\"datePublished\":\"2025-05-22T12:41:13+00:00\",\"dateModified\":\"2025-05-22T12:42:19+00:00\",\"breadcrumb\":{\"@id\":\"https:\/\/www.nurasansor.com\/en\/news\/nur-asansors-strong-participation-in-the-19th-international-elevator-fair-and-thanks-to-visitors\/#breadcrumb\"},\"inLanguage\":\"en-US\",\"potentialAction\":[{\"@type\":\"ReadAction\",\"target\":[\"https:\/\/www.nurasansor.com\/en\/news\/nur-asansors-strong-participation-in-the-19th-international-elevator-fair-and-thanks-to-visitors\/\"]}]},{\"@type\":\"ImageObject\",\"inLanguage\":\"en-US\",\"@id\":\"https:\/\/www.nurasansor.com\/en\/news\/nur-asansors-strong-participation-in-the-19th-international-elevator-fair-and-thanks-to-visitors\/#primaryimage\",\"url\":\"https:\/\/www.nurasansor.com\/wp-content\/uploads\/2025\/05\/nur-asansorden-19-uluslararasi-asansor-fuarina-guclu-katilim-ve-ziyaretcilere-tesekkur.jpg\",\"contentUrl\":\"https:\/\/www.nurasansor.com\/wp-content\/uploads\/2025\/05\/nur-asansorden-19-uluslararasi-asansor-fuarina-guclu-katilim-ve-ziyaretcilere-tesekkur.jpg\",\"width\":1600,\"height\":1200},{\"@type\":\"BreadcrumbList\",\"@id\":\"https:\/\/www.nurasansor.com\/en\/news\/nur-asansors-strong-participation-in-the-19th-international-elevator-fair-and-thanks-to-visitors\/#breadcrumb\",\"itemListElement\":[{\"@type\":\"ListItem\",\"position\":1,\"name\":\"Anasayfa\",\"item\":\"https:\/\/www.nurasansor.com\/en\/\"},{\"@type\":\"ListItem\",\"position\":2,\"name\":\"News\",\"item\":\"https:\/\/www.nurasansor.com\/en\/news\/\"},{\"@type\":\"ListItem\",\"position\":3,\"name\":\"Nur Asans\u00f6r&#8217;s Strong Participation in the 19th International Elevator Fair and Thanks to Visitors\"}]},{\"@type\":\"WebSite\",\"@id\":\"https:\/\/www.nurasansor.com\/en\/#website\",\"url\":\"https:\/\/www.nurasansor.com\/en\/\",\"name\":\"Nur Asans\u00f6r\",\"description\":\"Engelli Asans\u00f6r\u00fc, Merdiven Asans\u00f6r\u00fc ve Havuz Asans\u00f6r\u00fc Sistemleri\",\"publisher\":{\"@id\":\"https:\/\/www.nurasansor.com\/en\/#organization\"},\"potentialAction\":[{\"@type\":\"SearchAction\",\"target\":{\"@type\":\"EntryPoint\",\"urlTemplate\":\"https:\/\/www.nurasansor.com\/en\/?s={search_term_string}\"},\"query-input\":{\"@type\":\"PropertyValueSpecification\",\"valueRequired\":true,\"valueName\":\"search_term_string\"}}],\"inLanguage\":\"en-US\"},{\"@type\":\"Organization\",\"@id\":\"https:\/\/www.nurasansor.com\/en\/#organization\",\"name\":\"Nur Asans\u00f6r\",\"url\":\"https:\/\/www.nurasansor.com\/en\/\",\"logo\":{\"@type\":\"ImageObject\",\"inLanguage\":\"en-US\",\"@id\":\"https:\/\/www.nurasansor.com\/en\/#\/schema\/logo\/image\/\",\"url\":\"https:\/\/www.nurasansor.com\/wp-content\/uploads\/2023\/11\/-1.png\",\"contentUrl\":\"https:\/\/www.nurasansor.com\/wp-content\/uploads\/2023\/11\/-1.png\",\"width\":350,\"height\":86,\"caption\":\"Nur Asans\u00f6r\"},\"image\":{\"@id\":\"https:\/\/www.nurasansor.com\/en\/#\/schema\/logo\/image\/\"},\"sameAs\":[\"https:\/\/www.linkedin.com\/company\/nurasansor\/\",\"https:\/\/www.youtube.com\/channel\/UCTRGEAH1eKPyl-Ctdz8YTIw\"]}]}<\/script>\n<!-- \/ Yoast SEO plugin. -->","yoast_head_json":{"title":"Nur Asans\u00f6r's Strong Participation in the 19th International Elevator Fair and Thanks to Visitors - Nur Asans\u00f6r Engelli Asans\u00f6r\u00fc","robots":{"index":"index","follow":"follow","max-snippet":"max-snippet:-1","max-image-preview":"max-image-preview:large","max-video-preview":"max-video-preview:-1"},"canonical":"https:\/\/www.nurasansor.com\/en\/news\/nur-asansors-strong-participation-in-the-19th-international-elevator-fair-and-thanks-to-visitors\/","og_locale":"en_US","og_type":"article","og_title":"Nur Asans\u00f6r's Strong Participation in the 19th International Elevator Fair and Thanks to Visitors - Nur Asans\u00f6r Engelli Asans\u00f6r\u00fc","og_description":"The 19th International Elevator Fair, held at Istanbul T\u00fcyap Fair and Congress Center between 15-18 May 2025, was once again an important meeting point for industry professionals, manufacturers, investors and solution partners. As Nur Asans\u00f6r, we were very pleased to take part in this great organisation and share our wide product portfolio with the participants. [&hellip;]","og_url":"https:\/\/www.nurasansor.com\/en\/news\/nur-asansors-strong-participation-in-the-19th-international-elevator-fair-and-thanks-to-visitors\/","og_site_name":"Nur Asans\u00f6r Engelli Asans\u00f6r\u00fc","article_modified_time":"2025-05-22T12:42:19+00:00","og_image":[{"width":1600,"height":1200,"url":"https:\/\/www.nurasansor.com\/wp-content\/uploads\/2025\/05\/nur-asansorden-19-uluslararasi-asansor-fuarina-guclu-katilim-ve-ziyaretcilere-tesekkur.jpg","type":"image\/jpeg"}],"twitter_card":"summary_large_image","twitter_misc":{"Est. reading time":"3 minutes"},"schema":{"@context":"https:\/\/schema.org","@graph":[{"@type":"WebPage","@id":"https:\/\/www.nurasansor.com\/en\/news\/nur-asansors-strong-participation-in-the-19th-international-elevator-fair-and-thanks-to-visitors\/","url":"https:\/\/www.nurasansor.com\/en\/news\/nur-asansors-strong-participation-in-the-19th-international-elevator-fair-and-thanks-to-visitors\/","name":"Nur Asans\u00f6r's Strong Participation in the 19th International Elevator Fair and Thanks to Visitors - Nur Asans\u00f6r Engelli Asans\u00f6r\u00fc","isPartOf":{"@id":"https:\/\/www.nurasansor.com\/en\/#website"},"primaryImageOfPage":{"@id":"https:\/\/www.nurasansor.com\/en\/news\/nur-asansors-strong-participation-in-the-19th-international-elevator-fair-and-thanks-to-visitors\/#primaryimage"},"image":{"@id":"https:\/\/www.nurasansor.com\/en\/news\/nur-asansors-strong-participation-in-the-19th-international-elevator-fair-and-thanks-to-visitors\/#primaryimage"},"thumbnailUrl":"https:\/\/www.nurasansor.com\/wp-content\/uploads\/2025\/05\/nur-asansorden-19-uluslararasi-asansor-fuarina-guclu-katilim-ve-ziyaretcilere-tesekkur.jpg","datePublished":"2025-05-22T12:41:13+00:00","dateModified":"2025-05-22T12:42:19+00:00","breadcrumb":{"@id":"https:\/\/www.nurasansor.com\/en\/news\/nur-asansors-strong-participation-in-the-19th-international-elevator-fair-and-thanks-to-visitors\/#breadcrumb"},"inLanguage":"en-US","potentialAction":[{"@type":"ReadAction","target":["https:\/\/www.nurasansor.com\/en\/news\/nur-asansors-strong-participation-in-the-19th-international-elevator-fair-and-thanks-to-visitors\/"]}]},{"@type":"ImageObject","inLanguage":"en-US","@id":"https:\/\/www.nurasansor.com\/en\/news\/nur-asansors-strong-participation-in-the-19th-international-elevator-fair-and-thanks-to-visitors\/#primaryimage","url":"https:\/\/www.nurasansor.com\/wp-content\/uploads\/2025\/05\/nur-asansorden-19-uluslararasi-asansor-fuarina-guclu-katilim-ve-ziyaretcilere-tesekkur.jpg","contentUrl":"https:\/\/www.nurasansor.com\/wp-content\/uploads\/2025\/05\/nur-asansorden-19-uluslararasi-asansor-fuarina-guclu-katilim-ve-ziyaretcilere-tesekkur.jpg","width":1600,"height":1200},{"@type":"BreadcrumbList","@id":"https:\/\/www.nurasansor.com\/en\/news\/nur-asansors-strong-participation-in-the-19th-international-elevator-fair-and-thanks-to-visitors\/#breadcrumb","itemListElement":[{"@type":"ListItem","position":1,"name":"Anasayfa","item":"https:\/\/www.nurasansor.com\/en\/"},{"@type":"ListItem","position":2,"name":"News","item":"https:\/\/www.nurasansor.com\/en\/news\/"},{"@type":"ListItem","position":3,"name":"Nur Asans\u00f6r&#8217;s Strong Participation in the 19th International Elevator Fair and Thanks to Visitors"}]},{"@type":"WebSite","@id":"https:\/\/www.nurasansor.com\/en\/#website","url":"https:\/\/www.nurasansor.com\/en\/","name":"Nur Asans\u00f6r","description":"Engelli Asans\u00f6r\u00fc, Merdiven Asans\u00f6r\u00fc ve Havuz Asans\u00f6r\u00fc Sistemleri","publisher":{"@id":"https:\/\/www.nurasansor.com\/en\/#organization"},"potentialAction":[{"@type":"SearchAction","target":{"@type":"EntryPoint","urlTemplate":"https:\/\/www.nurasansor.com\/en\/?s={search_term_string}"},"query-input":{"@type":"PropertyValueSpecification","valueRequired":true,"valueName":"search_term_string"}}],"inLanguage":"en-US"},{"@type":"Organization","@id":"https:\/\/www.nurasansor.com\/en\/#organization","name":"Nur Asans\u00f6r","url":"https:\/\/www.nurasansor.com\/en\/","logo":{"@type":"ImageObject","inLanguage":"en-US","@id":"https:\/\/www.nurasansor.com\/en\/#\/schema\/logo\/image\/","url":"https:\/\/www.nurasansor.com\/wp-content\/uploads\/2023\/11\/-1.png","contentUrl":"https:\/\/www.nurasansor.com\/wp-content\/uploads\/2023\/11\/-1.png","width":350,"height":86,"caption":"Nur Asans\u00f6r"},"image":{"@id":"https:\/\/www.nurasansor.com\/en\/#\/schema\/logo\/image\/"},"sameAs":["https:\/\/www.linkedin.com\/company\/nurasansor\/","https:\/\/www.youtube.com\/channel\/UCTRGEAH1eKPyl-Ctdz8YTIw"]}]}},"_links":{"self":[{"href":"https:\/\/www.nurasansor.com\/en\/wp-json\/wp\/v2\/pages\/1177","targetHints":{"allow":["GET"]}}],"collection":[{"href":"https:\/\/www.nurasansor.com\/en\/wp-json\/wp\/v2\/pages"}],"about":[{"href":"https:\/\/www.nurasansor.com\/en\/wp-json\/wp\/v2\/types\/page"}],"author":[{"embeddable":true,"href":"https:\/\/www.nurasansor.com\/en\/wp-json\/wp\/v2\/users\/1"}],"replies":[{"embeddable":true,"href":"https:\/\/www.nurasansor.com\/en\/wp-json\/wp\/v2\/comments?post=1177"}],"version-history":[{"count":1,"href":"https:\/\/www.nurasansor.com\/en\/wp-json\/wp\/v2\/pages\/1177\/revisions"}],"predecessor-version":[{"id":1178,"href":"https:\/\/www.nurasansor.com\/en\/wp-json\/wp\/v2\/pages\/1177\/revisions\/1178"}],"up":[{"embeddable":true,"href":"https:\/\/www.nurasansor.com\/en\/wp-json\/wp\/v2\/pages\/986"}],"wp:featuredmedia":[{"embeddable":true,"href":"https:\/\/www.nurasansor.com\/en\/wp-json\/wp\/v2\/media\/1173"}],"wp:attachment":[{"href":"https:\/\/www.nurasansor.com\/en\/wp-json\/wp\/v2\/media?parent=1177"}],"curies":[{"name":"wp","href":"https:\/\/api.w.org\/{rel}","templated":true}]}}