{"id":1128,"date":"2024-12-11T18:35:25","date_gmt":"2024-12-11T15:35:25","guid":{"rendered":"https:\/\/www.nurasansor.com\/?page_id=1128"},"modified":"2024-12-11T18:36:14","modified_gmt":"2024-12-11T15:36:14","slug":"nur-asansor-had-a-fascinating-experience-at-lift-expo-italia-2024","status":"publish","type":"page","link":"https:\/\/www.nurasansor.com\/en\/news\/nur-asansor-had-a-fascinating-experience-at-lift-expo-italia-2024\/","title":{"rendered":"Nur Asans\u00f6r Had a Fascinating Experience at Lift Expo Italia 2024!"},"content":{"rendered":"<p><span style=\"font-weight: 400;\">As Nur Asans\u00f6r, we completed our participation in Lift Expo Italia 2024 with great success. The fair offered a great platform to come together with leading companies and experts in the industry to discover and share the latest innovations.<\/span><\/p>\n<p><span style=\"font-weight: 400;\">Our interactions with our visitors were inspiring for new collaborations. The positive feedback we received about our advanced technology solutions and quality products helped us to further strengthen our position in the industry. We would like to thank all exhibitors, business partners and friends who visited us during the exhibition. Your interest and support made this event unforgettable.<\/span><\/p>\n<p><span style=\"font-weight: 400;\">Events such as Lift Expo Italia allow us to build a strong network of contacts in both the national and international market and provide us with important insights into the future of the industry. We look forward to working with you on future projects!<\/span><\/p>\n<p><span style=\"font-weight: 400;\">Thank you, Nur Elevator Team<\/span><\/p>\n<div id='gallery-1' class='image-gallery col-12 nopadding galleryid-1128' data-aos='fade-in' data-aos-delay='300'>\n    <div class='row'><dl class='col col-xl-4 col-lg-4 col-md-4 col-sm-4 col-12 box'>\n            <dt class='img'>\n                <div class='table-cell'>\n                    <a href='https:\/\/www.nurasansor.com\/wp-content\/uploads\/2024\/12\/nur-asansor-lift-expo-italia-2024-fuarinda-buyuleyici-bir-deneyim-yasadi-1.jpg'><img loading=\"lazy\" decoding=\"async\" width=\"877\" height=\"1024\" src=\"https:\/\/www.nurasansor.com\/wp-content\/uploads\/2024\/12\/nur-asansor-lift-expo-italia-2024-fuarinda-buyuleyici-bir-deneyim-yasadi-1-877x1024.jpg\" class=\"attachment-large size-large\" alt=\"\" srcset=\"https:\/\/www.nurasansor.com\/wp-content\/uploads\/2024\/12\/nur-asansor-lift-expo-italia-2024-fuarinda-buyuleyici-bir-deneyim-yasadi-1-877x1024.jpg 877w, https:\/\/www.nurasansor.com\/wp-content\/uploads\/2024\/12\/nur-asansor-lift-expo-italia-2024-fuarinda-buyuleyici-bir-deneyim-yasadi-1-257x300.jpg 257w, https:\/\/www.nurasansor.com\/wp-content\/uploads\/2024\/12\/nur-asansor-lift-expo-italia-2024-fuarinda-buyuleyici-bir-deneyim-yasadi-1-768x897.jpg 768w, https:\/\/www.nurasansor.com\/wp-content\/uploads\/2024\/12\/nur-asansor-lift-expo-italia-2024-fuarinda-buyuleyici-bir-deneyim-yasadi-1-1315x1536.jpg 1315w, https:\/\/www.nurasansor.com\/wp-content\/uploads\/2024\/12\/nur-asansor-lift-expo-italia-2024-fuarinda-buyuleyici-bir-deneyim-yasadi-1.jpg 1370w\" sizes=\"auto, (max-width: 877px) 100vw, 877px\" \/><\/a>\n                <\/div>\n            <\/dt>\n        <\/dl><dl class='col col-xl-4 col-lg-4 col-md-4 col-sm-4 col-12 box'>\n            <dt class='img'>\n                <div class='table-cell'>\n                    <a href='https:\/\/www.nurasansor.com\/wp-content\/uploads\/2024\/12\/nur-asansor-lift-expo-italia-2024-fuarinda-buyuleyici-bir-deneyim-yasadi-2.jpg'><img loading=\"lazy\" decoding=\"async\" width=\"876\" height=\"1024\" src=\"https:\/\/www.nurasansor.com\/wp-content\/uploads\/2024\/12\/nur-asansor-lift-expo-italia-2024-fuarinda-buyuleyici-bir-deneyim-yasadi-2-876x1024.jpg\" class=\"attachment-large size-large\" alt=\"\" srcset=\"https:\/\/www.nurasansor.com\/wp-content\/uploads\/2024\/12\/nur-asansor-lift-expo-italia-2024-fuarinda-buyuleyici-bir-deneyim-yasadi-2-876x1024.jpg 876w, https:\/\/www.nurasansor.com\/wp-content\/uploads\/2024\/12\/nur-asansor-lift-expo-italia-2024-fuarinda-buyuleyici-bir-deneyim-yasadi-2-257x300.jpg 257w, https:\/\/www.nurasansor.com\/wp-content\/uploads\/2024\/12\/nur-asansor-lift-expo-italia-2024-fuarinda-buyuleyici-bir-deneyim-yasadi-2-768x898.jpg 768w, https:\/\/www.nurasansor.com\/wp-content\/uploads\/2024\/12\/nur-asansor-lift-expo-italia-2024-fuarinda-buyuleyici-bir-deneyim-yasadi-2-1314x1536.jpg 1314w, https:\/\/www.nurasansor.com\/wp-content\/uploads\/2024\/12\/nur-asansor-lift-expo-italia-2024-fuarinda-buyuleyici-bir-deneyim-yasadi-2.jpg 1369w\" sizes=\"auto, (max-width: 876px) 100vw, 876px\" \/><\/a>\n                <\/div>\n            <\/dt>\n        <\/dl><dl class='col col-xl-4 col-lg-4 col-md-4 col-sm-4 col-12 box'>\n            <dt class='img'>\n                <div class='table-cell'>\n                    <a href='https:\/\/www.nurasansor.com\/wp-content\/uploads\/2024\/12\/nur-asansor-lift-expo-italia-2024-fuarinda-buyuleyici-bir-deneyim-yasadi-3.jpg'><img loading=\"lazy\" decoding=\"async\" width=\"876\" height=\"1024\" src=\"https:\/\/www.nurasansor.com\/wp-content\/uploads\/2024\/12\/nur-asansor-lift-expo-italia-2024-fuarinda-buyuleyici-bir-deneyim-yasadi-3-876x1024.jpg\" class=\"attachment-large size-large\" alt=\"\" srcset=\"https:\/\/www.nurasansor.com\/wp-content\/uploads\/2024\/12\/nur-asansor-lift-expo-italia-2024-fuarinda-buyuleyici-bir-deneyim-yasadi-3-876x1024.jpg 876w, https:\/\/www.nurasansor.com\/wp-content\/uploads\/2024\/12\/nur-asansor-lift-expo-italia-2024-fuarinda-buyuleyici-bir-deneyim-yasadi-3-257x300.jpg 257w, https:\/\/www.nurasansor.com\/wp-content\/uploads\/2024\/12\/nur-asansor-lift-expo-italia-2024-fuarinda-buyuleyici-bir-deneyim-yasadi-3-768x898.jpg 768w, https:\/\/www.nurasansor.com\/wp-content\/uploads\/2024\/12\/nur-asansor-lift-expo-italia-2024-fuarinda-buyuleyici-bir-deneyim-yasadi-3-1314x1536.jpg 1314w, https:\/\/www.nurasansor.com\/wp-content\/uploads\/2024\/12\/nur-asansor-lift-expo-italia-2024-fuarinda-buyuleyici-bir-deneyim-yasadi-3.jpg 1369w\" sizes=\"auto, (max-width: 876px) 100vw, 876px\" \/><\/a>\n                <\/div>\n            <\/dt>\n        <\/dl><div class=\"clearfix\"><\/div><dl class='col col-xl-4 col-lg-4 col-md-4 col-sm-4 col-12 box'>\n            <dt class='img'>\n                <div class='table-cell'>\n                    <a href='https:\/\/www.nurasansor.com\/wp-content\/uploads\/2024\/12\/nur-asansor-lift-expo-italia-2024-fuarinda-buyuleyici-bir-deneyim-yasadi-4.jpg'><img loading=\"lazy\" decoding=\"async\" width=\"876\" height=\"1024\" src=\"https:\/\/www.nurasansor.com\/wp-content\/uploads\/2024\/12\/nur-asansor-lift-expo-italia-2024-fuarinda-buyuleyici-bir-deneyim-yasadi-4-876x1024.jpg\" class=\"attachment-large size-large\" alt=\"\" srcset=\"https:\/\/www.nurasansor.com\/wp-content\/uploads\/2024\/12\/nur-asansor-lift-expo-italia-2024-fuarinda-buyuleyici-bir-deneyim-yasadi-4-876x1024.jpg 876w, https:\/\/www.nurasansor.com\/wp-content\/uploads\/2024\/12\/nur-asansor-lift-expo-italia-2024-fuarinda-buyuleyici-bir-deneyim-yasadi-4-257x300.jpg 257w, https:\/\/www.nurasansor.com\/wp-content\/uploads\/2024\/12\/nur-asansor-lift-expo-italia-2024-fuarinda-buyuleyici-bir-deneyim-yasadi-4-768x898.jpg 768w, https:\/\/www.nurasansor.com\/wp-content\/uploads\/2024\/12\/nur-asansor-lift-expo-italia-2024-fuarinda-buyuleyici-bir-deneyim-yasadi-4-1314x1536.jpg 1314w, https:\/\/www.nurasansor.com\/wp-content\/uploads\/2024\/12\/nur-asansor-lift-expo-italia-2024-fuarinda-buyuleyici-bir-deneyim-yasadi-4.jpg 1369w\" sizes=\"auto, (max-width: 876px) 100vw, 876px\" \/><\/a>\n                <\/div>\n            <\/dt>\n        <\/dl><dl class='col col-xl-4 col-lg-4 col-md-4 col-sm-4 col-12 box'>\n            <dt class='img'>\n                <div class='table-cell'>\n                    <a href='https:\/\/www.nurasansor.com\/wp-content\/uploads\/2024\/12\/nur-asansor-lift-expo-italia-2024-fuarinda-buyuleyici-bir-deneyim-yasadi-5.jpg'><img loading=\"lazy\" decoding=\"async\" width=\"876\" height=\"1024\" src=\"https:\/\/www.nurasansor.com\/wp-content\/uploads\/2024\/12\/nur-asansor-lift-expo-italia-2024-fuarinda-buyuleyici-bir-deneyim-yasadi-5-876x1024.jpg\" class=\"attachment-large size-large\" alt=\"\" srcset=\"https:\/\/www.nurasansor.com\/wp-content\/uploads\/2024\/12\/nur-asansor-lift-expo-italia-2024-fuarinda-buyuleyici-bir-deneyim-yasadi-5-876x1024.jpg 876w, https:\/\/www.nurasansor.com\/wp-content\/uploads\/2024\/12\/nur-asansor-lift-expo-italia-2024-fuarinda-buyuleyici-bir-deneyim-yasadi-5-257x300.jpg 257w, https:\/\/www.nurasansor.com\/wp-content\/uploads\/2024\/12\/nur-asansor-lift-expo-italia-2024-fuarinda-buyuleyici-bir-deneyim-yasadi-5-768x898.jpg 768w, https:\/\/www.nurasansor.com\/wp-content\/uploads\/2024\/12\/nur-asansor-lift-expo-italia-2024-fuarinda-buyuleyici-bir-deneyim-yasadi-5-1314x1536.jpg 1314w, https:\/\/www.nurasansor.com\/wp-content\/uploads\/2024\/12\/nur-asansor-lift-expo-italia-2024-fuarinda-buyuleyici-bir-deneyim-yasadi-5.jpg 1369w\" sizes=\"auto, (max-width: 876px) 100vw, 876px\" \/><\/a>\n                <\/div>\n            <\/dt>\n        <\/dl>\n    <\/div>\n<\/div>\n\n","protected":false},"excerpt":{"rendered":"<p>As Nur Asans\u00f6r, we completed our participation in Lift Expo Italia 2024 with great success. The fair offered a great platform to come together with leading companies and experts in the industry to discover and share the latest innovations. Our interactions with our visitors were inspiring for new collaborations. The positive feedback we received about [&hellip;]<\/p>\n","protected":false},"author":1,"featured_media":1116,"parent":986,"menu_order":0,"comment_status":"closed","ping_status":"closed","template":"","meta":{"inline_featured_image":false,"footnotes":""},"class_list":["post-1128","page","type-page","status-publish","has-post-thumbnail","hentry"],"yoast_head":"<!-- This site is optimized with the Yoast SEO plugin v26.7 - https:\/\/yoast.com\/wordpress\/plugins\/seo\/ -->\n<title>Nur Asans\u00f6r Had a Fascinating Experience at Lift Expo Italia 2024! - Nur Asans\u00f6r Engelli Asans\u00f6r\u00fc<\/title>\n<meta name=\"robots\" content=\"index, follow, max-snippet:-1, max-image-preview:large, max-video-preview:-1\" \/>\n<link rel=\"canonical\" href=\"https:\/\/www.nurasansor.com\/en\/news\/nur-asansor-had-a-fascinating-experience-at-lift-expo-italia-2024\/\" \/>\n<meta property=\"og:locale\" content=\"en_US\" \/>\n<meta property=\"og:type\" content=\"article\" \/>\n<meta property=\"og:title\" content=\"Nur Asans\u00f6r Had a Fascinating Experience at Lift Expo Italia 2024! - Nur Asans\u00f6r Engelli Asans\u00f6r\u00fc\" \/>\n<meta property=\"og:description\" content=\"As Nur Asans\u00f6r, we completed our participation in Lift Expo Italia 2024 with great success. The fair offered a great platform to come together with leading companies and experts in the industry to discover and share the latest innovations. Our interactions with our visitors were inspiring for new collaborations. The positive feedback we received about [&hellip;]\" \/>\n<meta property=\"og:url\" content=\"https:\/\/www.nurasansor.com\/en\/news\/nur-asansor-had-a-fascinating-experience-at-lift-expo-italia-2024\/\" \/>\n<meta property=\"og:site_name\" content=\"Nur Asans\u00f6r Engelli Asans\u00f6r\u00fc\" \/>\n<meta property=\"article:modified_time\" content=\"2024-12-11T15:36:14+00:00\" \/>\n<meta property=\"og:image\" content=\"https:\/\/www.nurasansor.com\/wp-content\/uploads\/2024\/12\/nur-asansor-lift-expo-italia-2024-fuarinda-buyuleyici-bir-deneyim-yasadi.jpg\" \/>\n\t<meta property=\"og:image:width\" content=\"1370\" \/>\n\t<meta property=\"og:image:height\" content=\"1600\" \/>\n\t<meta property=\"og:image:type\" content=\"image\/jpeg\" \/>\n<meta name=\"twitter:card\" content=\"summary_large_image\" \/>\n<meta name=\"twitter:label1\" content=\"Est. reading time\" \/>\n\t<meta name=\"twitter:data1\" content=\"1 minute\" \/>\n<script type=\"application\/ld+json\" class=\"yoast-schema-graph\">{\"@context\":\"https:\/\/schema.org\",\"@graph\":[{\"@type\":\"WebPage\",\"@id\":\"https:\/\/www.nurasansor.com\/en\/news\/nur-asansor-had-a-fascinating-experience-at-lift-expo-italia-2024\/\",\"url\":\"https:\/\/www.nurasansor.com\/en\/news\/nur-asansor-had-a-fascinating-experience-at-lift-expo-italia-2024\/\",\"name\":\"Nur Asans\u00f6r Had a Fascinating Experience at Lift Expo Italia 2024! - Nur Asans\u00f6r Engelli Asans\u00f6r\u00fc\",\"isPartOf\":{\"@id\":\"https:\/\/www.nurasansor.com\/en\/#website\"},\"primaryImageOfPage\":{\"@id\":\"https:\/\/www.nurasansor.com\/en\/news\/nur-asansor-had-a-fascinating-experience-at-lift-expo-italia-2024\/#primaryimage\"},\"image\":{\"@id\":\"https:\/\/www.nurasansor.com\/en\/news\/nur-asansor-had-a-fascinating-experience-at-lift-expo-italia-2024\/#primaryimage\"},\"thumbnailUrl\":\"https:\/\/www.nurasansor.com\/wp-content\/uploads\/2024\/12\/nur-asansor-lift-expo-italia-2024-fuarinda-buyuleyici-bir-deneyim-yasadi.jpg\",\"datePublished\":\"2024-12-11T15:35:25+00:00\",\"dateModified\":\"2024-12-11T15:36:14+00:00\",\"breadcrumb\":{\"@id\":\"https:\/\/www.nurasansor.com\/en\/news\/nur-asansor-had-a-fascinating-experience-at-lift-expo-italia-2024\/#breadcrumb\"},\"inLanguage\":\"en-US\",\"potentialAction\":[{\"@type\":\"ReadAction\",\"target\":[\"https:\/\/www.nurasansor.com\/en\/news\/nur-asansor-had-a-fascinating-experience-at-lift-expo-italia-2024\/\"]}]},{\"@type\":\"ImageObject\",\"inLanguage\":\"en-US\",\"@id\":\"https:\/\/www.nurasansor.com\/en\/news\/nur-asansor-had-a-fascinating-experience-at-lift-expo-italia-2024\/#primaryimage\",\"url\":\"https:\/\/www.nurasansor.com\/wp-content\/uploads\/2024\/12\/nur-asansor-lift-expo-italia-2024-fuarinda-buyuleyici-bir-deneyim-yasadi.jpg\",\"contentUrl\":\"https:\/\/www.nurasansor.com\/wp-content\/uploads\/2024\/12\/nur-asansor-lift-expo-italia-2024-fuarinda-buyuleyici-bir-deneyim-yasadi.jpg\",\"width\":1370,\"height\":1600},{\"@type\":\"BreadcrumbList\",\"@id\":\"https:\/\/www.nurasansor.com\/en\/news\/nur-asansor-had-a-fascinating-experience-at-lift-expo-italia-2024\/#breadcrumb\",\"itemListElement\":[{\"@type\":\"ListItem\",\"position\":1,\"name\":\"Anasayfa\",\"item\":\"https:\/\/www.nurasansor.com\/en\/\"},{\"@type\":\"ListItem\",\"position\":2,\"name\":\"News\",\"item\":\"https:\/\/www.nurasansor.com\/en\/news\/\"},{\"@type\":\"ListItem\",\"position\":3,\"name\":\"Nur Asans\u00f6r Had a Fascinating Experience at Lift Expo Italia 2024!\"}]},{\"@type\":\"WebSite\",\"@id\":\"https:\/\/www.nurasansor.com\/en\/#website\",\"url\":\"https:\/\/www.nurasansor.com\/en\/\",\"name\":\"Nur Asans\u00f6r\",\"description\":\"Engelli Asans\u00f6r\u00fc, Merdiven Asans\u00f6r\u00fc ve Havuz Asans\u00f6r\u00fc Sistemleri\",\"publisher\":{\"@id\":\"https:\/\/www.nurasansor.com\/en\/#organization\"},\"potentialAction\":[{\"@type\":\"SearchAction\",\"target\":{\"@type\":\"EntryPoint\",\"urlTemplate\":\"https:\/\/www.nurasansor.com\/en\/?s={search_term_string}\"},\"query-input\":{\"@type\":\"PropertyValueSpecification\",\"valueRequired\":true,\"valueName\":\"search_term_string\"}}],\"inLanguage\":\"en-US\"},{\"@type\":\"Organization\",\"@id\":\"https:\/\/www.nurasansor.com\/en\/#organization\",\"name\":\"Nur Asans\u00f6r\",\"url\":\"https:\/\/www.nurasansor.com\/en\/\",\"logo\":{\"@type\":\"ImageObject\",\"inLanguage\":\"en-US\",\"@id\":\"https:\/\/www.nurasansor.com\/en\/#\/schema\/logo\/image\/\",\"url\":\"https:\/\/www.nurasansor.com\/wp-content\/uploads\/2023\/11\/-1.png\",\"contentUrl\":\"https:\/\/www.nurasansor.com\/wp-content\/uploads\/2023\/11\/-1.png\",\"width\":350,\"height\":86,\"caption\":\"Nur Asans\u00f6r\"},\"image\":{\"@id\":\"https:\/\/www.nurasansor.com\/en\/#\/schema\/logo\/image\/\"},\"sameAs\":[\"https:\/\/www.linkedin.com\/company\/nurasansor\/\",\"https:\/\/www.youtube.com\/channel\/UCTRGEAH1eKPyl-Ctdz8YTIw\"]}]}<\/script>\n<!-- \/ Yoast SEO plugin. -->","yoast_head_json":{"title":"Nur Asans\u00f6r Had a Fascinating Experience at Lift Expo Italia 2024! - Nur Asans\u00f6r Engelli Asans\u00f6r\u00fc","robots":{"index":"index","follow":"follow","max-snippet":"max-snippet:-1","max-image-preview":"max-image-preview:large","max-video-preview":"max-video-preview:-1"},"canonical":"https:\/\/www.nurasansor.com\/en\/news\/nur-asansor-had-a-fascinating-experience-at-lift-expo-italia-2024\/","og_locale":"en_US","og_type":"article","og_title":"Nur Asans\u00f6r Had a Fascinating Experience at Lift Expo Italia 2024! - Nur Asans\u00f6r Engelli Asans\u00f6r\u00fc","og_description":"As Nur Asans\u00f6r, we completed our participation in Lift Expo Italia 2024 with great success. The fair offered a great platform to come together with leading companies and experts in the industry to discover and share the latest innovations. Our interactions with our visitors were inspiring for new collaborations. The positive feedback we received about [&hellip;]","og_url":"https:\/\/www.nurasansor.com\/en\/news\/nur-asansor-had-a-fascinating-experience-at-lift-expo-italia-2024\/","og_site_name":"Nur Asans\u00f6r Engelli Asans\u00f6r\u00fc","article_modified_time":"2024-12-11T15:36:14+00:00","og_image":[{"width":1370,"height":1600,"url":"https:\/\/www.nurasansor.com\/wp-content\/uploads\/2024\/12\/nur-asansor-lift-expo-italia-2024-fuarinda-buyuleyici-bir-deneyim-yasadi.jpg","type":"image\/jpeg"}],"twitter_card":"summary_large_image","twitter_misc":{"Est. reading time":"1 minute"},"schema":{"@context":"https:\/\/schema.org","@graph":[{"@type":"WebPage","@id":"https:\/\/www.nurasansor.com\/en\/news\/nur-asansor-had-a-fascinating-experience-at-lift-expo-italia-2024\/","url":"https:\/\/www.nurasansor.com\/en\/news\/nur-asansor-had-a-fascinating-experience-at-lift-expo-italia-2024\/","name":"Nur Asans\u00f6r Had a Fascinating Experience at Lift Expo Italia 2024! - Nur Asans\u00f6r Engelli Asans\u00f6r\u00fc","isPartOf":{"@id":"https:\/\/www.nurasansor.com\/en\/#website"},"primaryImageOfPage":{"@id":"https:\/\/www.nurasansor.com\/en\/news\/nur-asansor-had-a-fascinating-experience-at-lift-expo-italia-2024\/#primaryimage"},"image":{"@id":"https:\/\/www.nurasansor.com\/en\/news\/nur-asansor-had-a-fascinating-experience-at-lift-expo-italia-2024\/#primaryimage"},"thumbnailUrl":"https:\/\/www.nurasansor.com\/wp-content\/uploads\/2024\/12\/nur-asansor-lift-expo-italia-2024-fuarinda-buyuleyici-bir-deneyim-yasadi.jpg","datePublished":"2024-12-11T15:35:25+00:00","dateModified":"2024-12-11T15:36:14+00:00","breadcrumb":{"@id":"https:\/\/www.nurasansor.com\/en\/news\/nur-asansor-had-a-fascinating-experience-at-lift-expo-italia-2024\/#breadcrumb"},"inLanguage":"en-US","potentialAction":[{"@type":"ReadAction","target":["https:\/\/www.nurasansor.com\/en\/news\/nur-asansor-had-a-fascinating-experience-at-lift-expo-italia-2024\/"]}]},{"@type":"ImageObject","inLanguage":"en-US","@id":"https:\/\/www.nurasansor.com\/en\/news\/nur-asansor-had-a-fascinating-experience-at-lift-expo-italia-2024\/#primaryimage","url":"https:\/\/www.nurasansor.com\/wp-content\/uploads\/2024\/12\/nur-asansor-lift-expo-italia-2024-fuarinda-buyuleyici-bir-deneyim-yasadi.jpg","contentUrl":"https:\/\/www.nurasansor.com\/wp-content\/uploads\/2024\/12\/nur-asansor-lift-expo-italia-2024-fuarinda-buyuleyici-bir-deneyim-yasadi.jpg","width":1370,"height":1600},{"@type":"BreadcrumbList","@id":"https:\/\/www.nurasansor.com\/en\/news\/nur-asansor-had-a-fascinating-experience-at-lift-expo-italia-2024\/#breadcrumb","itemListElement":[{"@type":"ListItem","position":1,"name":"Anasayfa","item":"https:\/\/www.nurasansor.com\/en\/"},{"@type":"ListItem","position":2,"name":"News","item":"https:\/\/www.nurasansor.com\/en\/news\/"},{"@type":"ListItem","position":3,"name":"Nur Asans\u00f6r Had a Fascinating Experience at Lift Expo Italia 2024!"}]},{"@type":"WebSite","@id":"https:\/\/www.nurasansor.com\/en\/#website","url":"https:\/\/www.nurasansor.com\/en\/","name":"Nur Asans\u00f6r","description":"Engelli Asans\u00f6r\u00fc, Merdiven Asans\u00f6r\u00fc ve Havuz Asans\u00f6r\u00fc Sistemleri","publisher":{"@id":"https:\/\/www.nurasansor.com\/en\/#organization"},"potentialAction":[{"@type":"SearchAction","target":{"@type":"EntryPoint","urlTemplate":"https:\/\/www.nurasansor.com\/en\/?s={search_term_string}"},"query-input":{"@type":"PropertyValueSpecification","valueRequired":true,"valueName":"search_term_string"}}],"inLanguage":"en-US"},{"@type":"Organization","@id":"https:\/\/www.nurasansor.com\/en\/#organization","name":"Nur Asans\u00f6r","url":"https:\/\/www.nurasansor.com\/en\/","logo":{"@type":"ImageObject","inLanguage":"en-US","@id":"https:\/\/www.nurasansor.com\/en\/#\/schema\/logo\/image\/","url":"https:\/\/www.nurasansor.com\/wp-content\/uploads\/2023\/11\/-1.png","contentUrl":"https:\/\/www.nurasansor.com\/wp-content\/uploads\/2023\/11\/-1.png","width":350,"height":86,"caption":"Nur Asans\u00f6r"},"image":{"@id":"https:\/\/www.nurasansor.com\/en\/#\/schema\/logo\/image\/"},"sameAs":["https:\/\/www.linkedin.com\/company\/nurasansor\/","https:\/\/www.youtube.com\/channel\/UCTRGEAH1eKPyl-Ctdz8YTIw"]}]}},"_links":{"self":[{"href":"https:\/\/www.nurasansor.com\/en\/wp-json\/wp\/v2\/pages\/1128","targetHints":{"allow":["GET"]}}],"collection":[{"href":"https:\/\/www.nurasansor.com\/en\/wp-json\/wp\/v2\/pages"}],"about":[{"href":"https:\/\/www.nurasansor.com\/en\/wp-json\/wp\/v2\/types\/page"}],"author":[{"embeddable":true,"href":"https:\/\/www.nurasansor.com\/en\/wp-json\/wp\/v2\/users\/1"}],"replies":[{"embeddable":true,"href":"https:\/\/www.nurasansor.com\/en\/wp-json\/wp\/v2\/comments?post=1128"}],"version-history":[{"count":1,"href":"https:\/\/www.nurasansor.com\/en\/wp-json\/wp\/v2\/pages\/1128\/revisions"}],"predecessor-version":[{"id":1129,"href":"https:\/\/www.nurasansor.com\/en\/wp-json\/wp\/v2\/pages\/1128\/revisions\/1129"}],"up":[{"embeddable":true,"href":"https:\/\/www.nurasansor.com\/en\/wp-json\/wp\/v2\/pages\/986"}],"wp:featuredmedia":[{"embeddable":true,"href":"https:\/\/www.nurasansor.com\/en\/wp-json\/wp\/v2\/media\/1116"}],"wp:attachment":[{"href":"https:\/\/www.nurasansor.com\/en\/wp-json\/wp\/v2\/media?parent=1128"}],"curies":[{"name":"wp","href":"https:\/\/api.w.org\/{rel}","templated":true}]}}