{"id":1086,"date":"2024-09-17T20:58:04","date_gmt":"2024-09-17T17:58:04","guid":{"rendered":"https:\/\/www.nurasansor.com\/news\/we-are-pleased-to-be-a-participant-in-lift-expo-poland-which-will-be-held-in-warsaw-poland\/"},"modified":"2024-10-24T19:06:45","modified_gmt":"2024-10-24T16:06:45","slug":"we-are-pleased-to-be-a-participant-in-lift-expo-poland-which-will-be-held-in-warsaw-poland","status":"publish","type":"page","link":"https:\/\/www.nurasansor.com\/en\/news\/we-are-pleased-to-be-a-participant-in-lift-expo-poland-which-will-be-held-in-warsaw-poland\/","title":{"rendered":"We are pleased to be a participant in Lift Expo Poland, which will be held in Warsaw, Poland"},"content":{"rendered":"<img loading=\"lazy\" decoding=\"async\" class=\"aligncenter size-large wp-image-1092\" src=\"https:\/\/www.nurasansor.com\/wp-content\/uploads\/2024\/10\/polonyanin-varsova-kentinde-duzenlenecek-olan-lift-expo-polanda-katilimci-olmanin-sevinicini-yasiyoruz-877x1024.jpg\" alt=\"\" width=\"877\" height=\"1024\" srcset=\"https:\/\/www.nurasansor.com\/wp-content\/uploads\/2024\/10\/polonyanin-varsova-kentinde-duzenlenecek-olan-lift-expo-polanda-katilimci-olmanin-sevinicini-yasiyoruz-877x1024.jpg 877w, https:\/\/www.nurasansor.com\/wp-content\/uploads\/2024\/10\/polonyanin-varsova-kentinde-duzenlenecek-olan-lift-expo-polanda-katilimci-olmanin-sevinicini-yasiyoruz-257x300.jpg 257w, https:\/\/www.nurasansor.com\/wp-content\/uploads\/2024\/10\/polonyanin-varsova-kentinde-duzenlenecek-olan-lift-expo-polanda-katilimci-olmanin-sevinicini-yasiyoruz-768x897.jpg 768w, https:\/\/www.nurasansor.com\/wp-content\/uploads\/2024\/10\/polonyanin-varsova-kentinde-duzenlenecek-olan-lift-expo-polanda-katilimci-olmanin-sevinicini-yasiyoruz-1315x1536.jpg 1315w, https:\/\/www.nurasansor.com\/wp-content\/uploads\/2024\/10\/polonyanin-varsova-kentinde-duzenlenecek-olan-lift-expo-polanda-katilimci-olmanin-sevinicini-yasiyoruz-1753x2048.jpg 1753w\" sizes=\"auto, (max-width: 877px) 100vw, 877px\" \/>\n<p>We are waiting for you, our valued dealers and customers, at this fair where we will have our first international exhibitor experience.<br \/>\nThis important event is an excellent platform for establishing international business contacts as well as providing the opportunity to discover the latest trends and innovations in our industry. The fair has been a critical step to increase our competitiveness in the global market and to promote our brand. In addition, we will exchange experiences and information with both local and foreign exhibitors during this fair, and we will obtain important information about sectoral developments. We will be happy to see all our stakeholders with us in this process. Do not miss the opportunity to visit our stand during the fair and examine our products and services on site.<br \/>\n1-3 OCTOBER \/ STAND : C9 \/ HALL:4<\/p>\n","protected":false},"excerpt":{"rendered":"<p>We are waiting for you, our valued dealers and customers, at this fair where we will have our first international exhibitor experience. This important event is an excellent platform for establishing international business contacts as well as providing the opportunity to discover the latest trends and innovations in our industry. The fair has been a [&hellip;]<\/p>\n","protected":false},"author":1,"featured_media":1092,"parent":986,"menu_order":0,"comment_status":"closed","ping_status":"closed","template":"page-blogdetail.php","meta":{"inline_featured_image":false,"footnotes":""},"class_list":["post-1086","page","type-page","status-publish","has-post-thumbnail","hentry"],"yoast_head":"<!-- This site is optimized with the Yoast SEO plugin v26.7 - https:\/\/yoast.com\/wordpress\/plugins\/seo\/ -->\n<title>We are pleased to be a participant in Lift Expo Poland, which will be held in Warsaw, Poland - Nur Asans\u00f6r Engelli Asans\u00f6r\u00fc<\/title>\n<meta name=\"robots\" content=\"index, follow, max-snippet:-1, max-image-preview:large, max-video-preview:-1\" \/>\n<link rel=\"canonical\" href=\"https:\/\/www.nurasansor.com\/en\/news\/we-are-pleased-to-be-a-participant-in-lift-expo-poland-which-will-be-held-in-warsaw-poland\/\" \/>\n<meta property=\"og:locale\" content=\"en_US\" \/>\n<meta property=\"og:type\" content=\"article\" \/>\n<meta property=\"og:title\" content=\"We are pleased to be a participant in Lift Expo Poland, which will be held in Warsaw, Poland - Nur Asans\u00f6r Engelli Asans\u00f6r\u00fc\" \/>\n<meta property=\"og:description\" content=\"We are waiting for you, our valued dealers and customers, at this fair where we will have our first international exhibitor experience. This important event is an excellent platform for establishing international business contacts as well as providing the opportunity to discover the latest trends and innovations in our industry. The fair has been a [&hellip;]\" \/>\n<meta property=\"og:url\" content=\"https:\/\/www.nurasansor.com\/en\/news\/we-are-pleased-to-be-a-participant-in-lift-expo-poland-which-will-be-held-in-warsaw-poland\/\" \/>\n<meta property=\"og:site_name\" content=\"Nur Asans\u00f6r Engelli Asans\u00f6r\u00fc\" \/>\n<meta property=\"article:modified_time\" content=\"2024-10-24T16:06:45+00:00\" \/>\n<meta property=\"og:image\" content=\"https:\/\/www.nurasansor.com\/wp-content\/uploads\/2024\/10\/polonyanin-varsova-kentinde-duzenlenecek-olan-lift-expo-polanda-katilimci-olmanin-sevinicini-yasiyoruz-877x1024.jpg\" \/>\n\t<meta property=\"og:image:width\" content=\"877\" \/>\n\t<meta property=\"og:image:height\" content=\"1024\" \/>\n\t<meta property=\"og:image:type\" content=\"image\/jpeg\" \/>\n<meta name=\"twitter:card\" content=\"summary_large_image\" \/>\n<meta name=\"twitter:label1\" content=\"Est. reading time\" \/>\n\t<meta name=\"twitter:data1\" content=\"2 minutes\" \/>\n<script type=\"application\/ld+json\" class=\"yoast-schema-graph\">{\"@context\":\"https:\/\/schema.org\",\"@graph\":[{\"@type\":\"WebPage\",\"@id\":\"https:\/\/www.nurasansor.com\/en\/news\/we-are-pleased-to-be-a-participant-in-lift-expo-poland-which-will-be-held-in-warsaw-poland\/\",\"url\":\"https:\/\/www.nurasansor.com\/en\/news\/we-are-pleased-to-be-a-participant-in-lift-expo-poland-which-will-be-held-in-warsaw-poland\/\",\"name\":\"We are pleased to be a participant in Lift Expo Poland, which will be held in Warsaw, Poland - Nur Asans\u00f6r Engelli Asans\u00f6r\u00fc\",\"isPartOf\":{\"@id\":\"https:\/\/www.nurasansor.com\/en\/#website\"},\"primaryImageOfPage\":{\"@id\":\"https:\/\/www.nurasansor.com\/en\/news\/we-are-pleased-to-be-a-participant-in-lift-expo-poland-which-will-be-held-in-warsaw-poland\/#primaryimage\"},\"image\":{\"@id\":\"https:\/\/www.nurasansor.com\/en\/news\/we-are-pleased-to-be-a-participant-in-lift-expo-poland-which-will-be-held-in-warsaw-poland\/#primaryimage\"},\"thumbnailUrl\":\"https:\/\/www.nurasansor.com\/wp-content\/uploads\/2024\/10\/polonyanin-varsova-kentinde-duzenlenecek-olan-lift-expo-polanda-katilimci-olmanin-sevinicini-yasiyoruz.jpg\",\"datePublished\":\"2024-09-17T17:58:04+00:00\",\"dateModified\":\"2024-10-24T16:06:45+00:00\",\"breadcrumb\":{\"@id\":\"https:\/\/www.nurasansor.com\/en\/news\/we-are-pleased-to-be-a-participant-in-lift-expo-poland-which-will-be-held-in-warsaw-poland\/#breadcrumb\"},\"inLanguage\":\"en-US\",\"potentialAction\":[{\"@type\":\"ReadAction\",\"target\":[\"https:\/\/www.nurasansor.com\/en\/news\/we-are-pleased-to-be-a-participant-in-lift-expo-poland-which-will-be-held-in-warsaw-poland\/\"]}]},{\"@type\":\"ImageObject\",\"inLanguage\":\"en-US\",\"@id\":\"https:\/\/www.nurasansor.com\/en\/news\/we-are-pleased-to-be-a-participant-in-lift-expo-poland-which-will-be-held-in-warsaw-poland\/#primaryimage\",\"url\":\"https:\/\/www.nurasansor.com\/wp-content\/uploads\/2024\/10\/polonyanin-varsova-kentinde-duzenlenecek-olan-lift-expo-polanda-katilimci-olmanin-sevinicini-yasiyoruz.jpg\",\"contentUrl\":\"https:\/\/www.nurasansor.com\/wp-content\/uploads\/2024\/10\/polonyanin-varsova-kentinde-duzenlenecek-olan-lift-expo-polanda-katilimci-olmanin-sevinicini-yasiyoruz.jpg\",\"width\":3000,\"height\":3504},{\"@type\":\"BreadcrumbList\",\"@id\":\"https:\/\/www.nurasansor.com\/en\/news\/we-are-pleased-to-be-a-participant-in-lift-expo-poland-which-will-be-held-in-warsaw-poland\/#breadcrumb\",\"itemListElement\":[{\"@type\":\"ListItem\",\"position\":1,\"name\":\"Anasayfa\",\"item\":\"https:\/\/www.nurasansor.com\/en\/\"},{\"@type\":\"ListItem\",\"position\":2,\"name\":\"News\",\"item\":\"https:\/\/www.nurasansor.com\/en\/news\/\"},{\"@type\":\"ListItem\",\"position\":3,\"name\":\"We are pleased to be a participant in Lift Expo Poland, which will be held in Warsaw, Poland\"}]},{\"@type\":\"WebSite\",\"@id\":\"https:\/\/www.nurasansor.com\/en\/#website\",\"url\":\"https:\/\/www.nurasansor.com\/en\/\",\"name\":\"Nur Asans\u00f6r\",\"description\":\"Engelli Asans\u00f6r\u00fc, Merdiven Asans\u00f6r\u00fc ve Havuz Asans\u00f6r\u00fc Sistemleri\",\"publisher\":{\"@id\":\"https:\/\/www.nurasansor.com\/en\/#organization\"},\"potentialAction\":[{\"@type\":\"SearchAction\",\"target\":{\"@type\":\"EntryPoint\",\"urlTemplate\":\"https:\/\/www.nurasansor.com\/en\/?s={search_term_string}\"},\"query-input\":{\"@type\":\"PropertyValueSpecification\",\"valueRequired\":true,\"valueName\":\"search_term_string\"}}],\"inLanguage\":\"en-US\"},{\"@type\":\"Organization\",\"@id\":\"https:\/\/www.nurasansor.com\/en\/#organization\",\"name\":\"Nur Asans\u00f6r\",\"url\":\"https:\/\/www.nurasansor.com\/en\/\",\"logo\":{\"@type\":\"ImageObject\",\"inLanguage\":\"en-US\",\"@id\":\"https:\/\/www.nurasansor.com\/en\/#\/schema\/logo\/image\/\",\"url\":\"https:\/\/www.nurasansor.com\/wp-content\/uploads\/2023\/11\/-1.png\",\"contentUrl\":\"https:\/\/www.nurasansor.com\/wp-content\/uploads\/2023\/11\/-1.png\",\"width\":350,\"height\":86,\"caption\":\"Nur Asans\u00f6r\"},\"image\":{\"@id\":\"https:\/\/www.nurasansor.com\/en\/#\/schema\/logo\/image\/\"},\"sameAs\":[\"https:\/\/www.linkedin.com\/company\/nurasansor\/\",\"https:\/\/www.youtube.com\/channel\/UCTRGEAH1eKPyl-Ctdz8YTIw\"]}]}<\/script>\n<!-- \/ Yoast SEO plugin. -->","yoast_head_json":{"title":"We are pleased to be a participant in Lift Expo Poland, which will be held in Warsaw, Poland - Nur Asans\u00f6r Engelli Asans\u00f6r\u00fc","robots":{"index":"index","follow":"follow","max-snippet":"max-snippet:-1","max-image-preview":"max-image-preview:large","max-video-preview":"max-video-preview:-1"},"canonical":"https:\/\/www.nurasansor.com\/en\/news\/we-are-pleased-to-be-a-participant-in-lift-expo-poland-which-will-be-held-in-warsaw-poland\/","og_locale":"en_US","og_type":"article","og_title":"We are pleased to be a participant in Lift Expo Poland, which will be held in Warsaw, Poland - Nur Asans\u00f6r Engelli Asans\u00f6r\u00fc","og_description":"We are waiting for you, our valued dealers and customers, at this fair where we will have our first international exhibitor experience. This important event is an excellent platform for establishing international business contacts as well as providing the opportunity to discover the latest trends and innovations in our industry. The fair has been a [&hellip;]","og_url":"https:\/\/www.nurasansor.com\/en\/news\/we-are-pleased-to-be-a-participant-in-lift-expo-poland-which-will-be-held-in-warsaw-poland\/","og_site_name":"Nur Asans\u00f6r Engelli Asans\u00f6r\u00fc","article_modified_time":"2024-10-24T16:06:45+00:00","og_image":[{"width":877,"height":1024,"url":"https:\/\/www.nurasansor.com\/wp-content\/uploads\/2024\/10\/polonyanin-varsova-kentinde-duzenlenecek-olan-lift-expo-polanda-katilimci-olmanin-sevinicini-yasiyoruz-877x1024.jpg","type":"image\/jpeg"}],"twitter_card":"summary_large_image","twitter_misc":{"Est. reading time":"2 minutes"},"schema":{"@context":"https:\/\/schema.org","@graph":[{"@type":"WebPage","@id":"https:\/\/www.nurasansor.com\/en\/news\/we-are-pleased-to-be-a-participant-in-lift-expo-poland-which-will-be-held-in-warsaw-poland\/","url":"https:\/\/www.nurasansor.com\/en\/news\/we-are-pleased-to-be-a-participant-in-lift-expo-poland-which-will-be-held-in-warsaw-poland\/","name":"We are pleased to be a participant in Lift Expo Poland, which will be held in Warsaw, Poland - Nur Asans\u00f6r Engelli Asans\u00f6r\u00fc","isPartOf":{"@id":"https:\/\/www.nurasansor.com\/en\/#website"},"primaryImageOfPage":{"@id":"https:\/\/www.nurasansor.com\/en\/news\/we-are-pleased-to-be-a-participant-in-lift-expo-poland-which-will-be-held-in-warsaw-poland\/#primaryimage"},"image":{"@id":"https:\/\/www.nurasansor.com\/en\/news\/we-are-pleased-to-be-a-participant-in-lift-expo-poland-which-will-be-held-in-warsaw-poland\/#primaryimage"},"thumbnailUrl":"https:\/\/www.nurasansor.com\/wp-content\/uploads\/2024\/10\/polonyanin-varsova-kentinde-duzenlenecek-olan-lift-expo-polanda-katilimci-olmanin-sevinicini-yasiyoruz.jpg","datePublished":"2024-09-17T17:58:04+00:00","dateModified":"2024-10-24T16:06:45+00:00","breadcrumb":{"@id":"https:\/\/www.nurasansor.com\/en\/news\/we-are-pleased-to-be-a-participant-in-lift-expo-poland-which-will-be-held-in-warsaw-poland\/#breadcrumb"},"inLanguage":"en-US","potentialAction":[{"@type":"ReadAction","target":["https:\/\/www.nurasansor.com\/en\/news\/we-are-pleased-to-be-a-participant-in-lift-expo-poland-which-will-be-held-in-warsaw-poland\/"]}]},{"@type":"ImageObject","inLanguage":"en-US","@id":"https:\/\/www.nurasansor.com\/en\/news\/we-are-pleased-to-be-a-participant-in-lift-expo-poland-which-will-be-held-in-warsaw-poland\/#primaryimage","url":"https:\/\/www.nurasansor.com\/wp-content\/uploads\/2024\/10\/polonyanin-varsova-kentinde-duzenlenecek-olan-lift-expo-polanda-katilimci-olmanin-sevinicini-yasiyoruz.jpg","contentUrl":"https:\/\/www.nurasansor.com\/wp-content\/uploads\/2024\/10\/polonyanin-varsova-kentinde-duzenlenecek-olan-lift-expo-polanda-katilimci-olmanin-sevinicini-yasiyoruz.jpg","width":3000,"height":3504},{"@type":"BreadcrumbList","@id":"https:\/\/www.nurasansor.com\/en\/news\/we-are-pleased-to-be-a-participant-in-lift-expo-poland-which-will-be-held-in-warsaw-poland\/#breadcrumb","itemListElement":[{"@type":"ListItem","position":1,"name":"Anasayfa","item":"https:\/\/www.nurasansor.com\/en\/"},{"@type":"ListItem","position":2,"name":"News","item":"https:\/\/www.nurasansor.com\/en\/news\/"},{"@type":"ListItem","position":3,"name":"We are pleased to be a participant in Lift Expo Poland, which will be held in Warsaw, Poland"}]},{"@type":"WebSite","@id":"https:\/\/www.nurasansor.com\/en\/#website","url":"https:\/\/www.nurasansor.com\/en\/","name":"Nur Asans\u00f6r","description":"Engelli Asans\u00f6r\u00fc, Merdiven Asans\u00f6r\u00fc ve Havuz Asans\u00f6r\u00fc Sistemleri","publisher":{"@id":"https:\/\/www.nurasansor.com\/en\/#organization"},"potentialAction":[{"@type":"SearchAction","target":{"@type":"EntryPoint","urlTemplate":"https:\/\/www.nurasansor.com\/en\/?s={search_term_string}"},"query-input":{"@type":"PropertyValueSpecification","valueRequired":true,"valueName":"search_term_string"}}],"inLanguage":"en-US"},{"@type":"Organization","@id":"https:\/\/www.nurasansor.com\/en\/#organization","name":"Nur Asans\u00f6r","url":"https:\/\/www.nurasansor.com\/en\/","logo":{"@type":"ImageObject","inLanguage":"en-US","@id":"https:\/\/www.nurasansor.com\/en\/#\/schema\/logo\/image\/","url":"https:\/\/www.nurasansor.com\/wp-content\/uploads\/2023\/11\/-1.png","contentUrl":"https:\/\/www.nurasansor.com\/wp-content\/uploads\/2023\/11\/-1.png","width":350,"height":86,"caption":"Nur Asans\u00f6r"},"image":{"@id":"https:\/\/www.nurasansor.com\/en\/#\/schema\/logo\/image\/"},"sameAs":["https:\/\/www.linkedin.com\/company\/nurasansor\/","https:\/\/www.youtube.com\/channel\/UCTRGEAH1eKPyl-Ctdz8YTIw"]}]}},"_links":{"self":[{"href":"https:\/\/www.nurasansor.com\/en\/wp-json\/wp\/v2\/pages\/1086","targetHints":{"allow":["GET"]}}],"collection":[{"href":"https:\/\/www.nurasansor.com\/en\/wp-json\/wp\/v2\/pages"}],"about":[{"href":"https:\/\/www.nurasansor.com\/en\/wp-json\/wp\/v2\/types\/page"}],"author":[{"embeddable":true,"href":"https:\/\/www.nurasansor.com\/en\/wp-json\/wp\/v2\/users\/1"}],"replies":[{"embeddable":true,"href":"https:\/\/www.nurasansor.com\/en\/wp-json\/wp\/v2\/comments?post=1086"}],"version-history":[{"count":2,"href":"https:\/\/www.nurasansor.com\/en\/wp-json\/wp\/v2\/pages\/1086\/revisions"}],"predecessor-version":[{"id":1095,"href":"https:\/\/www.nurasansor.com\/en\/wp-json\/wp\/v2\/pages\/1086\/revisions\/1095"}],"up":[{"embeddable":true,"href":"https:\/\/www.nurasansor.com\/en\/wp-json\/wp\/v2\/pages\/986"}],"wp:featuredmedia":[{"embeddable":true,"href":"https:\/\/www.nurasansor.com\/en\/wp-json\/wp\/v2\/media\/1092"}],"wp:attachment":[{"href":"https:\/\/www.nurasansor.com\/en\/wp-json\/wp\/v2\/media?parent=1086"}],"curies":[{"name":"wp","href":"https:\/\/api.w.org\/{rel}","templated":true}]}}