{"id":1006,"date":"2023-11-25T17:51:16","date_gmt":"2023-11-25T14:51:16","guid":{"rendered":"https:\/\/www.nurasansor.com\/news\/masha-platform-asansorumuz-artik-italyada\/"},"modified":"2024-04-27T17:29:36","modified_gmt":"2024-04-27T14:29:36","slug":"our-masha-platform-lift-is-now-in-italy","status":"publish","type":"page","link":"https:\/\/www.nurasansor.com\/en\/news\/our-masha-platform-lift-is-now-in-italy\/","title":{"rendered":"Our &#8220;Masha&#8221; Platform Lift is Now in Italy!"},"content":{"rendered":"<p>Thanks to its compact, safe and technical features and design, which are not available on any other platform, it continues to gather appreciation by meeting every request.<\/p>\n<p>Our CEO Mr. Do\u011fan KAZAN gave a presentation- that was highly appreciated- to a well-known manufacturer of disabled lifts which has a very widespread market in Italy. Therefore, a cooperation agreement was signed.<\/p>\n<p>This agreement, which will be very important for both companies, was realized after a pleasant visit. As a manufacturer of disabled lifts, we keep ourselves up to date and pioneering innovation by staying in contact with all the major companies in Europe.<\/p>\n<p>We are glad to give you, our valued supporters, the good news that we will meet in different projects!<\/p>\n<p>And we guarantee you that we will continue to expand in the entire European market.<\/p>\n<div id='gallery-1' class='image-gallery col-12 nopadding galleryid-1006' data-aos='fade-in' data-aos-delay='300'>\n    <div class='row'><dl class='col col-xl-4 col-lg-4 col-md-4 col-sm-4 col-12 box'>\n            <dt class='img'>\n                <div class='table-cell'>\n                    <a href='https:\/\/www.nurasansor.com\/wp-content\/uploads\/2023\/11\/masha-platform-asansorumuz-artik-italyada-1.jpeg'><img loading=\"lazy\" decoding=\"async\" width=\"150\" height=\"150\" src=\"https:\/\/www.nurasansor.com\/wp-content\/uploads\/2023\/11\/masha-platform-asansorumuz-artik-italyada-1-150x150.jpeg\" class=\"attachment-thumbnail size-thumbnail\" alt=\"\" srcset=\"https:\/\/www.nurasansor.com\/wp-content\/uploads\/2023\/11\/masha-platform-asansorumuz-artik-italyada-1-150x150.jpeg 150w, https:\/\/www.nurasansor.com\/wp-content\/uploads\/2023\/11\/masha-platform-asansorumuz-artik-italyada-1-300x300.jpeg 300w, https:\/\/www.nurasansor.com\/wp-content\/uploads\/2023\/11\/masha-platform-asansorumuz-artik-italyada-1-1024x1024.jpeg 1024w, https:\/\/www.nurasansor.com\/wp-content\/uploads\/2023\/11\/masha-platform-asansorumuz-artik-italyada-1-768x768.jpeg 768w, https:\/\/www.nurasansor.com\/wp-content\/uploads\/2023\/11\/masha-platform-asansorumuz-artik-italyada-1.jpeg 1080w\" sizes=\"auto, (max-width: 150px) 100vw, 150px\" \/><\/a>\n                <\/div>\n            <\/dt>\n        <\/dl><dl class='col col-xl-4 col-lg-4 col-md-4 col-sm-4 col-12 box'>\n            <dt class='img'>\n                <div class='table-cell'>\n                    <a href='https:\/\/www.nurasansor.com\/wp-content\/uploads\/2023\/11\/masha-platform-asansorumuz-artik-italyada-2.jpeg'><img loading=\"lazy\" decoding=\"async\" width=\"150\" height=\"150\" src=\"https:\/\/www.nurasansor.com\/wp-content\/uploads\/2023\/11\/masha-platform-asansorumuz-artik-italyada-2-150x150.jpeg\" class=\"attachment-thumbnail size-thumbnail\" alt=\"\" srcset=\"https:\/\/www.nurasansor.com\/wp-content\/uploads\/2023\/11\/masha-platform-asansorumuz-artik-italyada-2-150x150.jpeg 150w, https:\/\/www.nurasansor.com\/wp-content\/uploads\/2023\/11\/masha-platform-asansorumuz-artik-italyada-2-300x300.jpeg 300w, https:\/\/www.nurasansor.com\/wp-content\/uploads\/2023\/11\/masha-platform-asansorumuz-artik-italyada-2-1024x1024.jpeg 1024w, https:\/\/www.nurasansor.com\/wp-content\/uploads\/2023\/11\/masha-platform-asansorumuz-artik-italyada-2-768x768.jpeg 768w, https:\/\/www.nurasansor.com\/wp-content\/uploads\/2023\/11\/masha-platform-asansorumuz-artik-italyada-2.jpeg 1080w\" sizes=\"auto, (max-width: 150px) 100vw, 150px\" \/><\/a>\n                <\/div>\n            <\/dt>\n        <\/dl><dl class='col col-xl-4 col-lg-4 col-md-4 col-sm-4 col-12 box'>\n            <dt class='img'>\n                <div class='table-cell'>\n                    <a href='https:\/\/www.nurasansor.com\/wp-content\/uploads\/2023\/11\/masha-platform-asansorumuz-artik-italyada-3.jpeg'><img loading=\"lazy\" decoding=\"async\" width=\"150\" height=\"150\" src=\"https:\/\/www.nurasansor.com\/wp-content\/uploads\/2023\/11\/masha-platform-asansorumuz-artik-italyada-3-150x150.jpeg\" class=\"attachment-thumbnail size-thumbnail\" alt=\"\" srcset=\"https:\/\/www.nurasansor.com\/wp-content\/uploads\/2023\/11\/masha-platform-asansorumuz-artik-italyada-3-150x150.jpeg 150w, https:\/\/www.nurasansor.com\/wp-content\/uploads\/2023\/11\/masha-platform-asansorumuz-artik-italyada-3-300x300.jpeg 300w, https:\/\/www.nurasansor.com\/wp-content\/uploads\/2023\/11\/masha-platform-asansorumuz-artik-italyada-3-1024x1024.jpeg 1024w, https:\/\/www.nurasansor.com\/wp-content\/uploads\/2023\/11\/masha-platform-asansorumuz-artik-italyada-3-768x768.jpeg 768w, https:\/\/www.nurasansor.com\/wp-content\/uploads\/2023\/11\/masha-platform-asansorumuz-artik-italyada-3.jpeg 1080w\" sizes=\"auto, (max-width: 150px) 100vw, 150px\" \/><\/a>\n                <\/div>\n            <\/dt>\n        <\/dl><div class=\"clearfix\"><\/div><dl class='col col-xl-4 col-lg-4 col-md-4 col-sm-4 col-12 box'>\n            <dt class='img'>\n                <div class='table-cell'>\n                    <a href='https:\/\/www.nurasansor.com\/wp-content\/uploads\/2023\/11\/masha-platform-asansorumuz-artik-italyada-4.jpeg'><img loading=\"lazy\" decoding=\"async\" width=\"150\" height=\"150\" src=\"https:\/\/www.nurasansor.com\/wp-content\/uploads\/2023\/11\/masha-platform-asansorumuz-artik-italyada-4-150x150.jpeg\" class=\"attachment-thumbnail size-thumbnail\" alt=\"\" srcset=\"https:\/\/www.nurasansor.com\/wp-content\/uploads\/2023\/11\/masha-platform-asansorumuz-artik-italyada-4-150x150.jpeg 150w, https:\/\/www.nurasansor.com\/wp-content\/uploads\/2023\/11\/masha-platform-asansorumuz-artik-italyada-4-300x300.jpeg 300w, https:\/\/www.nurasansor.com\/wp-content\/uploads\/2023\/11\/masha-platform-asansorumuz-artik-italyada-4-1024x1024.jpeg 1024w, https:\/\/www.nurasansor.com\/wp-content\/uploads\/2023\/11\/masha-platform-asansorumuz-artik-italyada-4-768x768.jpeg 768w, https:\/\/www.nurasansor.com\/wp-content\/uploads\/2023\/11\/masha-platform-asansorumuz-artik-italyada-4.jpeg 1080w\" sizes=\"auto, (max-width: 150px) 100vw, 150px\" \/><\/a>\n                <\/div>\n            <\/dt>\n        <\/dl>\n    <\/div>\n<\/div>\n\n","protected":false},"excerpt":{"rendered":"<p>Thanks to its compact, safe and technical features and design, which are not available on any other platform, it continues to gather appreciation by meeting every request. Our CEO Mr. Do\u011fan KAZAN gave a presentation- that was highly appreciated- to a well-known manufacturer of disabled lifts which has a very widespread market in Italy. Therefore, [&hellip;]<\/p>\n","protected":false},"author":1,"featured_media":626,"parent":986,"menu_order":0,"comment_status":"closed","ping_status":"closed","template":"page-blogdetail.php","meta":{"inline_featured_image":false,"footnotes":""},"class_list":["post-1006","page","type-page","status-publish","has-post-thumbnail","hentry"],"yoast_head":"<!-- This site is optimized with the Yoast SEO plugin v26.7 - https:\/\/yoast.com\/wordpress\/plugins\/seo\/ -->\n<title>Our &quot;Masha&quot; Platform Lift is Now in Italy! - Nur Asans\u00f6r Engelli Asans\u00f6r\u00fc<\/title>\n<meta name=\"robots\" content=\"index, follow, max-snippet:-1, max-image-preview:large, max-video-preview:-1\" \/>\n<link rel=\"canonical\" href=\"https:\/\/www.nurasansor.com\/en\/news\/our-masha-platform-lift-is-now-in-italy\/\" \/>\n<meta property=\"og:locale\" content=\"en_US\" \/>\n<meta property=\"og:type\" content=\"article\" \/>\n<meta property=\"og:title\" content=\"Our &quot;Masha&quot; Platform Lift is Now in Italy! - Nur Asans\u00f6r Engelli Asans\u00f6r\u00fc\" \/>\n<meta property=\"og:description\" content=\"Thanks to its compact, safe and technical features and design, which are not available on any other platform, it continues to gather appreciation by meeting every request. Our CEO Mr. Do\u011fan KAZAN gave a presentation- that was highly appreciated- to a well-known manufacturer of disabled lifts which has a very widespread market in Italy. Therefore, [&hellip;]\" \/>\n<meta property=\"og:url\" content=\"https:\/\/www.nurasansor.com\/en\/news\/our-masha-platform-lift-is-now-in-italy\/\" \/>\n<meta property=\"og:site_name\" content=\"Nur Asans\u00f6r Engelli Asans\u00f6r\u00fc\" \/>\n<meta property=\"article:modified_time\" content=\"2024-04-27T14:29:36+00:00\" \/>\n<meta property=\"og:image\" content=\"https:\/\/www.nurasansor.com\/wp-content\/uploads\/2023\/11\/masha-platform-asansorumuz-artik-italyada.jpeg\" \/>\n\t<meta property=\"og:image:width\" content=\"1080\" \/>\n\t<meta property=\"og:image:height\" content=\"1080\" \/>\n\t<meta property=\"og:image:type\" content=\"image\/jpeg\" \/>\n<meta name=\"twitter:card\" content=\"summary_large_image\" \/>\n<meta name=\"twitter:label1\" content=\"Est. reading time\" \/>\n\t<meta name=\"twitter:data1\" content=\"2 minutes\" \/>\n<script type=\"application\/ld+json\" class=\"yoast-schema-graph\">{\"@context\":\"https:\/\/schema.org\",\"@graph\":[{\"@type\":\"WebPage\",\"@id\":\"https:\/\/www.nurasansor.com\/en\/news\/our-masha-platform-lift-is-now-in-italy\/\",\"url\":\"https:\/\/www.nurasansor.com\/en\/news\/our-masha-platform-lift-is-now-in-italy\/\",\"name\":\"Our \\\"Masha\\\" Platform Lift is Now in Italy! - Nur Asans\u00f6r Engelli Asans\u00f6r\u00fc\",\"isPartOf\":{\"@id\":\"https:\/\/www.nurasansor.com\/en\/#website\"},\"primaryImageOfPage\":{\"@id\":\"https:\/\/www.nurasansor.com\/en\/news\/our-masha-platform-lift-is-now-in-italy\/#primaryimage\"},\"image\":{\"@id\":\"https:\/\/www.nurasansor.com\/en\/news\/our-masha-platform-lift-is-now-in-italy\/#primaryimage\"},\"thumbnailUrl\":\"https:\/\/www.nurasansor.com\/wp-content\/uploads\/2023\/11\/masha-platform-asansorumuz-artik-italyada.jpeg\",\"datePublished\":\"2023-11-25T14:51:16+00:00\",\"dateModified\":\"2024-04-27T14:29:36+00:00\",\"breadcrumb\":{\"@id\":\"https:\/\/www.nurasansor.com\/en\/news\/our-masha-platform-lift-is-now-in-italy\/#breadcrumb\"},\"inLanguage\":\"en-US\",\"potentialAction\":[{\"@type\":\"ReadAction\",\"target\":[\"https:\/\/www.nurasansor.com\/en\/news\/our-masha-platform-lift-is-now-in-italy\/\"]}]},{\"@type\":\"ImageObject\",\"inLanguage\":\"en-US\",\"@id\":\"https:\/\/www.nurasansor.com\/en\/news\/our-masha-platform-lift-is-now-in-italy\/#primaryimage\",\"url\":\"https:\/\/www.nurasansor.com\/wp-content\/uploads\/2023\/11\/masha-platform-asansorumuz-artik-italyada.jpeg\",\"contentUrl\":\"https:\/\/www.nurasansor.com\/wp-content\/uploads\/2023\/11\/masha-platform-asansorumuz-artik-italyada.jpeg\",\"width\":1080,\"height\":1080},{\"@type\":\"BreadcrumbList\",\"@id\":\"https:\/\/www.nurasansor.com\/en\/news\/our-masha-platform-lift-is-now-in-italy\/#breadcrumb\",\"itemListElement\":[{\"@type\":\"ListItem\",\"position\":1,\"name\":\"Anasayfa\",\"item\":\"https:\/\/www.nurasansor.com\/en\/\"},{\"@type\":\"ListItem\",\"position\":2,\"name\":\"News\",\"item\":\"https:\/\/www.nurasansor.com\/en\/news\/\"},{\"@type\":\"ListItem\",\"position\":3,\"name\":\"Our &#8220;Masha&#8221; Platform Lift is Now in Italy!\"}]},{\"@type\":\"WebSite\",\"@id\":\"https:\/\/www.nurasansor.com\/en\/#website\",\"url\":\"https:\/\/www.nurasansor.com\/en\/\",\"name\":\"Nur Asans\u00f6r\",\"description\":\"Engelli Asans\u00f6r\u00fc, Merdiven Asans\u00f6r\u00fc ve Havuz Asans\u00f6r\u00fc Sistemleri\",\"publisher\":{\"@id\":\"https:\/\/www.nurasansor.com\/en\/#organization\"},\"potentialAction\":[{\"@type\":\"SearchAction\",\"target\":{\"@type\":\"EntryPoint\",\"urlTemplate\":\"https:\/\/www.nurasansor.com\/en\/?s={search_term_string}\"},\"query-input\":{\"@type\":\"PropertyValueSpecification\",\"valueRequired\":true,\"valueName\":\"search_term_string\"}}],\"inLanguage\":\"en-US\"},{\"@type\":\"Organization\",\"@id\":\"https:\/\/www.nurasansor.com\/en\/#organization\",\"name\":\"Nur Asans\u00f6r\",\"url\":\"https:\/\/www.nurasansor.com\/en\/\",\"logo\":{\"@type\":\"ImageObject\",\"inLanguage\":\"en-US\",\"@id\":\"https:\/\/www.nurasansor.com\/en\/#\/schema\/logo\/image\/\",\"url\":\"https:\/\/www.nurasansor.com\/wp-content\/uploads\/2023\/11\/-1.png\",\"contentUrl\":\"https:\/\/www.nurasansor.com\/wp-content\/uploads\/2023\/11\/-1.png\",\"width\":350,\"height\":86,\"caption\":\"Nur Asans\u00f6r\"},\"image\":{\"@id\":\"https:\/\/www.nurasansor.com\/en\/#\/schema\/logo\/image\/\"},\"sameAs\":[\"https:\/\/www.linkedin.com\/company\/nurasansor\/\",\"https:\/\/www.youtube.com\/channel\/UCTRGEAH1eKPyl-Ctdz8YTIw\"]}]}<\/script>\n<!-- \/ Yoast SEO plugin. -->","yoast_head_json":{"title":"Our \"Masha\" Platform Lift is Now in Italy! - Nur Asans\u00f6r Engelli Asans\u00f6r\u00fc","robots":{"index":"index","follow":"follow","max-snippet":"max-snippet:-1","max-image-preview":"max-image-preview:large","max-video-preview":"max-video-preview:-1"},"canonical":"https:\/\/www.nurasansor.com\/en\/news\/our-masha-platform-lift-is-now-in-italy\/","og_locale":"en_US","og_type":"article","og_title":"Our \"Masha\" Platform Lift is Now in Italy! - Nur Asans\u00f6r Engelli Asans\u00f6r\u00fc","og_description":"Thanks to its compact, safe and technical features and design, which are not available on any other platform, it continues to gather appreciation by meeting every request. Our CEO Mr. Do\u011fan KAZAN gave a presentation- that was highly appreciated- to a well-known manufacturer of disabled lifts which has a very widespread market in Italy. Therefore, [&hellip;]","og_url":"https:\/\/www.nurasansor.com\/en\/news\/our-masha-platform-lift-is-now-in-italy\/","og_site_name":"Nur Asans\u00f6r Engelli Asans\u00f6r\u00fc","article_modified_time":"2024-04-27T14:29:36+00:00","og_image":[{"width":1080,"height":1080,"url":"https:\/\/www.nurasansor.com\/wp-content\/uploads\/2023\/11\/masha-platform-asansorumuz-artik-italyada.jpeg","type":"image\/jpeg"}],"twitter_card":"summary_large_image","twitter_misc":{"Est. reading time":"2 minutes"},"schema":{"@context":"https:\/\/schema.org","@graph":[{"@type":"WebPage","@id":"https:\/\/www.nurasansor.com\/en\/news\/our-masha-platform-lift-is-now-in-italy\/","url":"https:\/\/www.nurasansor.com\/en\/news\/our-masha-platform-lift-is-now-in-italy\/","name":"Our \"Masha\" Platform Lift is Now in Italy! - Nur Asans\u00f6r Engelli Asans\u00f6r\u00fc","isPartOf":{"@id":"https:\/\/www.nurasansor.com\/en\/#website"},"primaryImageOfPage":{"@id":"https:\/\/www.nurasansor.com\/en\/news\/our-masha-platform-lift-is-now-in-italy\/#primaryimage"},"image":{"@id":"https:\/\/www.nurasansor.com\/en\/news\/our-masha-platform-lift-is-now-in-italy\/#primaryimage"},"thumbnailUrl":"https:\/\/www.nurasansor.com\/wp-content\/uploads\/2023\/11\/masha-platform-asansorumuz-artik-italyada.jpeg","datePublished":"2023-11-25T14:51:16+00:00","dateModified":"2024-04-27T14:29:36+00:00","breadcrumb":{"@id":"https:\/\/www.nurasansor.com\/en\/news\/our-masha-platform-lift-is-now-in-italy\/#breadcrumb"},"inLanguage":"en-US","potentialAction":[{"@type":"ReadAction","target":["https:\/\/www.nurasansor.com\/en\/news\/our-masha-platform-lift-is-now-in-italy\/"]}]},{"@type":"ImageObject","inLanguage":"en-US","@id":"https:\/\/www.nurasansor.com\/en\/news\/our-masha-platform-lift-is-now-in-italy\/#primaryimage","url":"https:\/\/www.nurasansor.com\/wp-content\/uploads\/2023\/11\/masha-platform-asansorumuz-artik-italyada.jpeg","contentUrl":"https:\/\/www.nurasansor.com\/wp-content\/uploads\/2023\/11\/masha-platform-asansorumuz-artik-italyada.jpeg","width":1080,"height":1080},{"@type":"BreadcrumbList","@id":"https:\/\/www.nurasansor.com\/en\/news\/our-masha-platform-lift-is-now-in-italy\/#breadcrumb","itemListElement":[{"@type":"ListItem","position":1,"name":"Anasayfa","item":"https:\/\/www.nurasansor.com\/en\/"},{"@type":"ListItem","position":2,"name":"News","item":"https:\/\/www.nurasansor.com\/en\/news\/"},{"@type":"ListItem","position":3,"name":"Our &#8220;Masha&#8221; Platform Lift is Now in Italy!"}]},{"@type":"WebSite","@id":"https:\/\/www.nurasansor.com\/en\/#website","url":"https:\/\/www.nurasansor.com\/en\/","name":"Nur Asans\u00f6r","description":"Engelli Asans\u00f6r\u00fc, Merdiven Asans\u00f6r\u00fc ve Havuz Asans\u00f6r\u00fc Sistemleri","publisher":{"@id":"https:\/\/www.nurasansor.com\/en\/#organization"},"potentialAction":[{"@type":"SearchAction","target":{"@type":"EntryPoint","urlTemplate":"https:\/\/www.nurasansor.com\/en\/?s={search_term_string}"},"query-input":{"@type":"PropertyValueSpecification","valueRequired":true,"valueName":"search_term_string"}}],"inLanguage":"en-US"},{"@type":"Organization","@id":"https:\/\/www.nurasansor.com\/en\/#organization","name":"Nur Asans\u00f6r","url":"https:\/\/www.nurasansor.com\/en\/","logo":{"@type":"ImageObject","inLanguage":"en-US","@id":"https:\/\/www.nurasansor.com\/en\/#\/schema\/logo\/image\/","url":"https:\/\/www.nurasansor.com\/wp-content\/uploads\/2023\/11\/-1.png","contentUrl":"https:\/\/www.nurasansor.com\/wp-content\/uploads\/2023\/11\/-1.png","width":350,"height":86,"caption":"Nur Asans\u00f6r"},"image":{"@id":"https:\/\/www.nurasansor.com\/en\/#\/schema\/logo\/image\/"},"sameAs":["https:\/\/www.linkedin.com\/company\/nurasansor\/","https:\/\/www.youtube.com\/channel\/UCTRGEAH1eKPyl-Ctdz8YTIw"]}]}},"_links":{"self":[{"href":"https:\/\/www.nurasansor.com\/en\/wp-json\/wp\/v2\/pages\/1006","targetHints":{"allow":["GET"]}}],"collection":[{"href":"https:\/\/www.nurasansor.com\/en\/wp-json\/wp\/v2\/pages"}],"about":[{"href":"https:\/\/www.nurasansor.com\/en\/wp-json\/wp\/v2\/types\/page"}],"author":[{"embeddable":true,"href":"https:\/\/www.nurasansor.com\/en\/wp-json\/wp\/v2\/users\/1"}],"replies":[{"embeddable":true,"href":"https:\/\/www.nurasansor.com\/en\/wp-json\/wp\/v2\/comments?post=1006"}],"version-history":[{"count":0,"href":"https:\/\/www.nurasansor.com\/en\/wp-json\/wp\/v2\/pages\/1006\/revisions"}],"up":[{"embeddable":true,"href":"https:\/\/www.nurasansor.com\/en\/wp-json\/wp\/v2\/pages\/986"}],"wp:featuredmedia":[{"embeddable":true,"href":"https:\/\/www.nurasansor.com\/en\/wp-json\/wp\/v2\/media\/626"}],"wp:attachment":[{"href":"https:\/\/www.nurasansor.com\/en\/wp-json\/wp\/v2\/media?parent=1006"}],"curies":[{"name":"wp","href":"https:\/\/api.w.org\/{rel}","templated":true}]}}