{"id":1004,"date":"2023-11-24T17:54:54","date_gmt":"2023-11-24T14:54:54","guid":{"rendered":"https:\/\/www.nurasansor.com\/news\/masha-expands-abroad\/"},"modified":"2024-04-27T17:28:30","modified_gmt":"2024-04-27T14:28:30","slug":"masha-expands-abroad","status":"publish","type":"page","link":"https:\/\/www.nurasansor.com\/en\/news\/masha-expands-abroad\/","title":{"rendered":"\u201cmasha\u201d Expands Abroad!"},"content":{"rendered":"<p>Our new platform lift &#8220;<strong>Masha<\/strong>&#8220;, which we have recently started receiving pre-orders for, is attracting great interest from home and abroad.<\/p>\n<p>At the beginning of June, our guests from <strong>Bulgaria<\/strong> visited our factory, saw our production stages and had the opportunity to examine &#8220;<strong>Masha<\/strong>&#8221; closely. Our new disabled platform lift, which is highly appreciated for all its new features and design, has already created some excitement around all our dealers.<\/p>\n<p>In addition to our new product, <strong>our existing horizontal, vertical and pool lifts<\/strong> were also appreciated due to their technical features and designs, demonstrating so far the success of our work.<\/p>\n<p>After the presentations made by our CEO <strong>Do\u011fan KAZAN<\/strong> to <strong>Milena Dimcheva<\/strong> and <strong>Hristian Dilov<\/strong> from Bulgaria, new collaborations were discussed and a pleasant visit was realized for both sides.<\/p>\n<p>We would like to thank our guests for coming here and we continue our production without slowing down, wishing to meet for good collaboration!<\/p>\n","protected":false},"excerpt":{"rendered":"<p>Our new platform lift &#8220;Masha&#8220;, which we have recently started receiving pre-orders for, is attracting great interest from home and abroad. At the beginning of June, our guests from Bulgaria visited our factory, saw our production stages and had the opportunity to examine &#8220;Masha&#8221; closely. Our new disabled platform lift, which is highly appreciated for [&hellip;]<\/p>\n","protected":false},"author":1,"featured_media":640,"parent":986,"menu_order":0,"comment_status":"closed","ping_status":"closed","template":"page-blogdetail.php","meta":{"inline_featured_image":false,"footnotes":""},"class_list":["post-1004","page","type-page","status-publish","has-post-thumbnail","hentry"],"yoast_head":"<!-- This site is optimized with the Yoast SEO plugin v26.7 - https:\/\/yoast.com\/wordpress\/plugins\/seo\/ -->\n<title>\u201cmasha\u201d Expands Abroad! - Nur Asans\u00f6r Engelli Asans\u00f6r\u00fc<\/title>\n<meta name=\"robots\" content=\"index, follow, max-snippet:-1, max-image-preview:large, max-video-preview:-1\" \/>\n<link rel=\"canonical\" href=\"https:\/\/www.nurasansor.com\/en\/news\/masha-expands-abroad\/\" \/>\n<meta property=\"og:locale\" content=\"en_US\" \/>\n<meta property=\"og:type\" content=\"article\" \/>\n<meta property=\"og:title\" content=\"\u201cmasha\u201d Expands Abroad! - Nur Asans\u00f6r Engelli Asans\u00f6r\u00fc\" \/>\n<meta property=\"og:description\" content=\"Our new platform lift &#8220;Masha&#8220;, which we have recently started receiving pre-orders for, is attracting great interest from home and abroad. At the beginning of June, our guests from Bulgaria visited our factory, saw our production stages and had the opportunity to examine &#8220;Masha&#8221; closely. Our new disabled platform lift, which is highly appreciated for [&hellip;]\" \/>\n<meta property=\"og:url\" content=\"https:\/\/www.nurasansor.com\/en\/news\/masha-expands-abroad\/\" \/>\n<meta property=\"og:site_name\" content=\"Nur Asans\u00f6r Engelli Asans\u00f6r\u00fc\" \/>\n<meta property=\"article:modified_time\" content=\"2024-04-27T14:28:30+00:00\" \/>\n<meta property=\"og:image\" content=\"https:\/\/www.nurasansor.com\/wp-content\/uploads\/2023\/11\/masha-yurt-disina-aciliyor.jpeg\" \/>\n\t<meta property=\"og:image:width\" content=\"500\" \/>\n\t<meta property=\"og:image:height\" content=\"500\" \/>\n\t<meta property=\"og:image:type\" content=\"image\/jpeg\" \/>\n<meta name=\"twitter:card\" content=\"summary_large_image\" \/>\n<meta name=\"twitter:label1\" content=\"Est. reading time\" \/>\n\t<meta name=\"twitter:data1\" content=\"1 minute\" \/>\n<script type=\"application\/ld+json\" class=\"yoast-schema-graph\">{\"@context\":\"https:\/\/schema.org\",\"@graph\":[{\"@type\":\"WebPage\",\"@id\":\"https:\/\/www.nurasansor.com\/en\/news\/masha-expands-abroad\/\",\"url\":\"https:\/\/www.nurasansor.com\/en\/news\/masha-expands-abroad\/\",\"name\":\"\u201cmasha\u201d Expands Abroad! - Nur Asans\u00f6r Engelli Asans\u00f6r\u00fc\",\"isPartOf\":{\"@id\":\"https:\/\/www.nurasansor.com\/en\/#website\"},\"primaryImageOfPage\":{\"@id\":\"https:\/\/www.nurasansor.com\/en\/news\/masha-expands-abroad\/#primaryimage\"},\"image\":{\"@id\":\"https:\/\/www.nurasansor.com\/en\/news\/masha-expands-abroad\/#primaryimage\"},\"thumbnailUrl\":\"https:\/\/www.nurasansor.com\/wp-content\/uploads\/2023\/11\/masha-yurt-disina-aciliyor.jpeg\",\"datePublished\":\"2023-11-24T14:54:54+00:00\",\"dateModified\":\"2024-04-27T14:28:30+00:00\",\"breadcrumb\":{\"@id\":\"https:\/\/www.nurasansor.com\/en\/news\/masha-expands-abroad\/#breadcrumb\"},\"inLanguage\":\"en-US\",\"potentialAction\":[{\"@type\":\"ReadAction\",\"target\":[\"https:\/\/www.nurasansor.com\/en\/news\/masha-expands-abroad\/\"]}]},{\"@type\":\"ImageObject\",\"inLanguage\":\"en-US\",\"@id\":\"https:\/\/www.nurasansor.com\/en\/news\/masha-expands-abroad\/#primaryimage\",\"url\":\"https:\/\/www.nurasansor.com\/wp-content\/uploads\/2023\/11\/masha-yurt-disina-aciliyor.jpeg\",\"contentUrl\":\"https:\/\/www.nurasansor.com\/wp-content\/uploads\/2023\/11\/masha-yurt-disina-aciliyor.jpeg\",\"width\":500,\"height\":500},{\"@type\":\"BreadcrumbList\",\"@id\":\"https:\/\/www.nurasansor.com\/en\/news\/masha-expands-abroad\/#breadcrumb\",\"itemListElement\":[{\"@type\":\"ListItem\",\"position\":1,\"name\":\"Anasayfa\",\"item\":\"https:\/\/www.nurasansor.com\/en\/\"},{\"@type\":\"ListItem\",\"position\":2,\"name\":\"News\",\"item\":\"https:\/\/www.nurasansor.com\/en\/news\/\"},{\"@type\":\"ListItem\",\"position\":3,\"name\":\"\u201cmasha\u201d Expands Abroad!\"}]},{\"@type\":\"WebSite\",\"@id\":\"https:\/\/www.nurasansor.com\/en\/#website\",\"url\":\"https:\/\/www.nurasansor.com\/en\/\",\"name\":\"Nur Asans\u00f6r\",\"description\":\"Engelli Asans\u00f6r\u00fc, Merdiven Asans\u00f6r\u00fc ve Havuz Asans\u00f6r\u00fc Sistemleri\",\"publisher\":{\"@id\":\"https:\/\/www.nurasansor.com\/en\/#organization\"},\"potentialAction\":[{\"@type\":\"SearchAction\",\"target\":{\"@type\":\"EntryPoint\",\"urlTemplate\":\"https:\/\/www.nurasansor.com\/en\/?s={search_term_string}\"},\"query-input\":{\"@type\":\"PropertyValueSpecification\",\"valueRequired\":true,\"valueName\":\"search_term_string\"}}],\"inLanguage\":\"en-US\"},{\"@type\":\"Organization\",\"@id\":\"https:\/\/www.nurasansor.com\/en\/#organization\",\"name\":\"Nur Asans\u00f6r\",\"url\":\"https:\/\/www.nurasansor.com\/en\/\",\"logo\":{\"@type\":\"ImageObject\",\"inLanguage\":\"en-US\",\"@id\":\"https:\/\/www.nurasansor.com\/en\/#\/schema\/logo\/image\/\",\"url\":\"https:\/\/www.nurasansor.com\/wp-content\/uploads\/2023\/11\/-1.png\",\"contentUrl\":\"https:\/\/www.nurasansor.com\/wp-content\/uploads\/2023\/11\/-1.png\",\"width\":350,\"height\":86,\"caption\":\"Nur Asans\u00f6r\"},\"image\":{\"@id\":\"https:\/\/www.nurasansor.com\/en\/#\/schema\/logo\/image\/\"},\"sameAs\":[\"https:\/\/www.linkedin.com\/company\/nurasansor\/\",\"https:\/\/www.youtube.com\/channel\/UCTRGEAH1eKPyl-Ctdz8YTIw\"]}]}<\/script>\n<!-- \/ Yoast SEO plugin. -->","yoast_head_json":{"title":"\u201cmasha\u201d Expands Abroad! - Nur Asans\u00f6r Engelli Asans\u00f6r\u00fc","robots":{"index":"index","follow":"follow","max-snippet":"max-snippet:-1","max-image-preview":"max-image-preview:large","max-video-preview":"max-video-preview:-1"},"canonical":"https:\/\/www.nurasansor.com\/en\/news\/masha-expands-abroad\/","og_locale":"en_US","og_type":"article","og_title":"\u201cmasha\u201d Expands Abroad! - Nur Asans\u00f6r Engelli Asans\u00f6r\u00fc","og_description":"Our new platform lift &#8220;Masha&#8220;, which we have recently started receiving pre-orders for, is attracting great interest from home and abroad. At the beginning of June, our guests from Bulgaria visited our factory, saw our production stages and had the opportunity to examine &#8220;Masha&#8221; closely. Our new disabled platform lift, which is highly appreciated for [&hellip;]","og_url":"https:\/\/www.nurasansor.com\/en\/news\/masha-expands-abroad\/","og_site_name":"Nur Asans\u00f6r Engelli Asans\u00f6r\u00fc","article_modified_time":"2024-04-27T14:28:30+00:00","og_image":[{"width":500,"height":500,"url":"https:\/\/www.nurasansor.com\/wp-content\/uploads\/2023\/11\/masha-yurt-disina-aciliyor.jpeg","type":"image\/jpeg"}],"twitter_card":"summary_large_image","twitter_misc":{"Est. reading time":"1 minute"},"schema":{"@context":"https:\/\/schema.org","@graph":[{"@type":"WebPage","@id":"https:\/\/www.nurasansor.com\/en\/news\/masha-expands-abroad\/","url":"https:\/\/www.nurasansor.com\/en\/news\/masha-expands-abroad\/","name":"\u201cmasha\u201d Expands Abroad! - Nur Asans\u00f6r Engelli Asans\u00f6r\u00fc","isPartOf":{"@id":"https:\/\/www.nurasansor.com\/en\/#website"},"primaryImageOfPage":{"@id":"https:\/\/www.nurasansor.com\/en\/news\/masha-expands-abroad\/#primaryimage"},"image":{"@id":"https:\/\/www.nurasansor.com\/en\/news\/masha-expands-abroad\/#primaryimage"},"thumbnailUrl":"https:\/\/www.nurasansor.com\/wp-content\/uploads\/2023\/11\/masha-yurt-disina-aciliyor.jpeg","datePublished":"2023-11-24T14:54:54+00:00","dateModified":"2024-04-27T14:28:30+00:00","breadcrumb":{"@id":"https:\/\/www.nurasansor.com\/en\/news\/masha-expands-abroad\/#breadcrumb"},"inLanguage":"en-US","potentialAction":[{"@type":"ReadAction","target":["https:\/\/www.nurasansor.com\/en\/news\/masha-expands-abroad\/"]}]},{"@type":"ImageObject","inLanguage":"en-US","@id":"https:\/\/www.nurasansor.com\/en\/news\/masha-expands-abroad\/#primaryimage","url":"https:\/\/www.nurasansor.com\/wp-content\/uploads\/2023\/11\/masha-yurt-disina-aciliyor.jpeg","contentUrl":"https:\/\/www.nurasansor.com\/wp-content\/uploads\/2023\/11\/masha-yurt-disina-aciliyor.jpeg","width":500,"height":500},{"@type":"BreadcrumbList","@id":"https:\/\/www.nurasansor.com\/en\/news\/masha-expands-abroad\/#breadcrumb","itemListElement":[{"@type":"ListItem","position":1,"name":"Anasayfa","item":"https:\/\/www.nurasansor.com\/en\/"},{"@type":"ListItem","position":2,"name":"News","item":"https:\/\/www.nurasansor.com\/en\/news\/"},{"@type":"ListItem","position":3,"name":"\u201cmasha\u201d Expands Abroad!"}]},{"@type":"WebSite","@id":"https:\/\/www.nurasansor.com\/en\/#website","url":"https:\/\/www.nurasansor.com\/en\/","name":"Nur Asans\u00f6r","description":"Engelli Asans\u00f6r\u00fc, Merdiven Asans\u00f6r\u00fc ve Havuz Asans\u00f6r\u00fc Sistemleri","publisher":{"@id":"https:\/\/www.nurasansor.com\/en\/#organization"},"potentialAction":[{"@type":"SearchAction","target":{"@type":"EntryPoint","urlTemplate":"https:\/\/www.nurasansor.com\/en\/?s={search_term_string}"},"query-input":{"@type":"PropertyValueSpecification","valueRequired":true,"valueName":"search_term_string"}}],"inLanguage":"en-US"},{"@type":"Organization","@id":"https:\/\/www.nurasansor.com\/en\/#organization","name":"Nur Asans\u00f6r","url":"https:\/\/www.nurasansor.com\/en\/","logo":{"@type":"ImageObject","inLanguage":"en-US","@id":"https:\/\/www.nurasansor.com\/en\/#\/schema\/logo\/image\/","url":"https:\/\/www.nurasansor.com\/wp-content\/uploads\/2023\/11\/-1.png","contentUrl":"https:\/\/www.nurasansor.com\/wp-content\/uploads\/2023\/11\/-1.png","width":350,"height":86,"caption":"Nur Asans\u00f6r"},"image":{"@id":"https:\/\/www.nurasansor.com\/en\/#\/schema\/logo\/image\/"},"sameAs":["https:\/\/www.linkedin.com\/company\/nurasansor\/","https:\/\/www.youtube.com\/channel\/UCTRGEAH1eKPyl-Ctdz8YTIw"]}]}},"_links":{"self":[{"href":"https:\/\/www.nurasansor.com\/en\/wp-json\/wp\/v2\/pages\/1004","targetHints":{"allow":["GET"]}}],"collection":[{"href":"https:\/\/www.nurasansor.com\/en\/wp-json\/wp\/v2\/pages"}],"about":[{"href":"https:\/\/www.nurasansor.com\/en\/wp-json\/wp\/v2\/types\/page"}],"author":[{"embeddable":true,"href":"https:\/\/www.nurasansor.com\/en\/wp-json\/wp\/v2\/users\/1"}],"replies":[{"embeddable":true,"href":"https:\/\/www.nurasansor.com\/en\/wp-json\/wp\/v2\/comments?post=1004"}],"version-history":[{"count":0,"href":"https:\/\/www.nurasansor.com\/en\/wp-json\/wp\/v2\/pages\/1004\/revisions"}],"up":[{"embeddable":true,"href":"https:\/\/www.nurasansor.com\/en\/wp-json\/wp\/v2\/pages\/986"}],"wp:featuredmedia":[{"embeddable":true,"href":"https:\/\/www.nurasansor.com\/en\/wp-json\/wp\/v2\/media\/640"}],"wp:attachment":[{"href":"https:\/\/www.nurasansor.com\/en\/wp-json\/wp\/v2\/media?parent=1004"}],"curies":[{"name":"wp","href":"https:\/\/api.w.org\/{rel}","templated":true}]}}